{"id":2596,"date":"2019-08-17T19:55:47","date_gmt":"2019-08-17T23:55:47","guid":{"rendered":"https:\/\/www.lirapopular.cl\/lirapopularxix\/?page_id=2596"},"modified":"2019-08-17T19:55:47","modified_gmt":"2019-08-17T23:55:47","slug":"combate-de-iquique","status":"publish","type":"page","link":"https:\/\/www.lirapopular.cl\/lirapopularxix\/combate-de-iquique\/","title":{"rendered":"COMBATE DE IQUIQUE"},"content":{"rendered":"\n<div class=\"wp-block-image\"><figure class=\"alignright\"><a href=\"https:\/\/www.lirapopular.cl\/lirapopularxix\/wp-content\/uploads\/2019\/08\/768.jpg\"><img loading=\"lazy\" decoding=\"async\" width=\"215\" height=\"300\" src=\"https:\/\/www.lirapopular.cl\/lirapopularxix\/wp-content\/uploads\/2019\/08\/768-215x300.jpg\" alt=\"\" class=\"wp-image-2597\" srcset=\"https:\/\/www.lirapopular.cl\/lirapopularxix\/wp-content\/uploads\/2019\/08\/768-215x300.jpg 215w, https:\/\/www.lirapopular.cl\/lirapopularxix\/wp-content\/uploads\/2019\/08\/768.jpg 717w\" sizes=\"auto, (max-width: 215px) 100vw, 215px\" \/><\/a><figcaption>Colecci\u00f3n Lira Popular de la <br>Universidad de Chile<\/figcaption><\/figure><\/div>\n\n\n\n<p>Autor: Jos\u00e9 Arroyo<br>Impresor: Sin informaci\u00f3n<br>Tama\u00f1o: 20,5 x 28,7 cm<br>Clasificaci\u00f3n: 768 A778c Caja N\u00b06a<\/p>\n\n\n\n<ul class=\"wp-block-list\"><li><a href=\"https:\/\/www.lirapopular.cl\/lirapopularxix\/2019\/08\/17\/combate-de-iquique\/\">Combate de Iquique<\/a><\/li><li><a href=\"https:\/\/www.lirapopular.cl\/lirapopularxix\/2019\/08\/17\/dichosde-un-amante\/\">Dichos de un amante<\/a><\/li><li><a href=\"https:\/\/www.lirapopular.cl\/lirapopularxix\/2019\/08\/17\/la-balanzadel-amor\/\">La balanza del amor<\/a><\/li><\/ul>\n\n\n\n<p>Nota: Este ejemplar tiene escrito a mano con l\u00e1piz rojo \u201c768\u201d<br>En dos versos aparece manuscrito: &#8220;de Garc\u00eda&#8221;<\/p>\n","protected":false},"excerpt":{"rendered":"<p>Autor: Jos\u00e9 ArroyoImpresor: Sin informaci\u00f3nTama\u00f1o: 20,5 x 28,7 cmClasificaci\u00f3n: 768 A778c Caja N\u00b06a Combate de Iquique Dichos de un amante La balanza del amor Nota: Este ejemplar tiene escrito a mano con l\u00e1piz rojo \u201c768\u201dEn dos versos aparece manuscrito: &#8220;de Garc\u00eda&#8221;<\/p>\n","protected":false},"author":1,"featured_media":0,"parent":0,"menu_order":0,"comment_status":"closed","ping_status":"closed","template":"","meta":{"footnotes":""},"class_list":["post-2596","page","type-page","status-publish","hentry"],"jetpack_sharing_enabled":true,"_links":{"self":[{"href":"https:\/\/www.lirapopular.cl\/lirapopularxix\/wp-json\/wp\/v2\/pages\/2596","targetHints":{"allow":["GET"]}}],"collection":[{"href":"https:\/\/www.lirapopular.cl\/lirapopularxix\/wp-json\/wp\/v2\/pages"}],"about":[{"href":"https:\/\/www.lirapopular.cl\/lirapopularxix\/wp-json\/wp\/v2\/types\/page"}],"author":[{"embeddable":true,"href":"https:\/\/www.lirapopular.cl\/lirapopularxix\/wp-json\/wp\/v2\/users\/1"}],"replies":[{"embeddable":true,"href":"https:\/\/www.lirapopular.cl\/lirapopularxix\/wp-json\/wp\/v2\/comments?post=2596"}],"version-history":[{"count":0,"href":"https:\/\/www.lirapopular.cl\/lirapopularxix\/wp-json\/wp\/v2\/pages\/2596\/revisions"}],"wp:attachment":[{"href":"https:\/\/www.lirapopular.cl\/lirapopularxix\/wp-json\/wp\/v2\/media?parent=2596"}],"curies":[{"name":"wp","href":"https:\/\/api.w.org\/{rel}","templated":true}]}}