{"id":25914,"date":"2021-11-06T17:02:46","date_gmt":"2021-11-06T21:02:46","guid":{"rendered":"https:\/\/www.lirapopular.cl\/lirapopularxix\/?page_id=25914"},"modified":"2021-11-06T17:02:46","modified_gmt":"2021-11-06T21:02:46","slug":"la-lira-popular-num4","status":"publish","type":"page","link":"https:\/\/www.lirapopular.cl\/lirapopularxix\/la-lira-popular-num4\/","title":{"rendered":"La Lira Popular <br>El triste fusilamiento del reo Luis Antonio Jaque <br>Sus penosas Cartas. Vista de la ejecucion"},"content":{"rendered":"\n<div class=\"wp-block-image\"><figure class=\"alignright size-medium\"><a href=\"https:\/\/www.lirapopular.cl\/lirapopularxix\/wp-content\/uploads\/2021\/11\/LO0012100.jpg\"><img loading=\"lazy\" decoding=\"async\" width=\"208\" height=\"300\" src=\"https:\/\/www.lirapopular.cl\/lirapopularxix\/wp-content\/uploads\/2021\/11\/LO0012100-208x300.jpg\" alt=\"\" class=\"wp-image-25917\" srcset=\"https:\/\/www.lirapopular.cl\/lirapopularxix\/wp-content\/uploads\/2021\/11\/LO0012100-208x300.jpg 208w, https:\/\/www.lirapopular.cl\/lirapopularxix\/wp-content\/uploads\/2021\/11\/LO0012100.jpg 692w\" sizes=\"auto, (max-width: 208px) 100vw, 208px\" \/><\/a><figcaption>Archivo de Literatura Oral<br \/>Fondo Rodolfo Lenz<\/figcaption><\/figure><\/div>\n\n\n\n<p>Autor: Juan Bautista Peralta. Segunda Epoca. Editor Propietario Juan B. Peralta. Num. 4 Precio 20 cts<br \/>Impresor: Imp. San Alfonso 47.\u2014 Santiago<br \/>Tama\u00f1o: 55 x 39 cm<br \/>Clasificaci\u00f3n: BN C\u00f3digo:\u00a0LO0012100<\/p>\n\n\n\n<ul class=\"wp-block-list\"><li><a href=\"https:\/\/www.lirapopular.cl\/lirapopularxix\/2021\/11\/07\/fusilamiento-del-reoluis-antonio-jaque\/\">Fusilamiento del reo Luis Antonio Jaque. Sus \u00faltimas palabras<\/a><\/li><li><a href=\"https:\/\/www.lirapopular.cl\/lirapopularxix\/2021\/11\/07\/los-ultimos-momentos-del-reojaque-sus-tristes-impresiones\/\">Los \u00faltimos momentos del reo Jaque. Sus tristes impresiones<\/a><\/li><li><a href=\"https:\/\/www.lirapopular.cl\/lirapopularxix\/2021\/11\/07\/el-reo-jaque-puesto-en-capillasu-carta-de-despedida-a-la-madre\/\">El reo Jaque puesto en capilla. Su carta de despedida a la madre<\/a><\/li><li><a href=\"https:\/\/www.lirapopular.cl\/lirapopularxix\/2021\/11\/07\/el-reo-luis-antonio-jaquepuesto-en-capilla\/\">El reo Luis Antonio Jaque puesto en capilla. Triste despedida del reo y de varios compa\u00f1eros que deja en la c\u00e1rcel<\/a><\/li><li><a href=\"https:\/\/www.lirapopular.cl\/lirapopularxix\/2021\/11\/07\/la-gran-guerra-europeainteresantes-informacionesde-los-ultimos-combates\/\">La gran guerra europea. Interesantes informaciones de los \u00faltimos combates<\/a><\/li><li><a href=\"https:\/\/www.lirapopular.cl\/lirapopularxix\/2021\/11\/07\/las-consecuencias-de-la-guerra\/\">Las consecuencias de la guerra. El hambre invade los hogares. Quejas de los nortinos. Aventuras de un rotito<\/a><\/li><\/ul>\n\n\n\n<p>Nota: El documento narra los inicios de la 1\u00aa GM, que fue en 1914.<br \/>Este ejemplar tiene escrito a mano con l\u00e1piz rojo \u201c8\u201d y azul &#8220;-6-, con un timbre &#8220;358&#8221;.<br \/>Documento optimizado digitalmente.<\/p>\n","protected":false},"excerpt":{"rendered":"<p>Autor: Juan Bautista Peralta. Segunda Epoca. Editor Propietario Juan B. Peralta. Num. 4 Precio 20 ctsImpresor: Imp. San Alfonso 47.\u2014 SantiagoTama\u00f1o: 55 x 39 cmClasificaci\u00f3n: BN C\u00f3digo:\u00a0LO0012100 Fusilamiento del reo Luis Antonio Jaque. Sus \u00faltimas palabras Los \u00faltimos momentos del reo Jaque. Sus tristes impresiones El reo Jaque puesto en capilla. Su carta de despedida [&hellip;]<\/p>\n","protected":false},"author":1,"featured_media":0,"parent":0,"menu_order":0,"comment_status":"closed","ping_status":"closed","template":"","meta":{"footnotes":""},"class_list":["post-25914","page","type-page","status-publish","hentry"],"jetpack_sharing_enabled":true,"_links":{"self":[{"href":"https:\/\/www.lirapopular.cl\/lirapopularxix\/wp-json\/wp\/v2\/pages\/25914","targetHints":{"allow":["GET"]}}],"collection":[{"href":"https:\/\/www.lirapopular.cl\/lirapopularxix\/wp-json\/wp\/v2\/pages"}],"about":[{"href":"https:\/\/www.lirapopular.cl\/lirapopularxix\/wp-json\/wp\/v2\/types\/page"}],"author":[{"embeddable":true,"href":"https:\/\/www.lirapopular.cl\/lirapopularxix\/wp-json\/wp\/v2\/users\/1"}],"replies":[{"embeddable":true,"href":"https:\/\/www.lirapopular.cl\/lirapopularxix\/wp-json\/wp\/v2\/comments?post=25914"}],"version-history":[{"count":0,"href":"https:\/\/www.lirapopular.cl\/lirapopularxix\/wp-json\/wp\/v2\/pages\/25914\/revisions"}],"wp:attachment":[{"href":"https:\/\/www.lirapopular.cl\/lirapopularxix\/wp-json\/wp\/v2\/media?parent=25914"}],"curies":[{"name":"wp","href":"https:\/\/api.w.org\/{rel}","templated":true}]}}