{"id":25895,"date":"2021-11-06T16:06:00","date_gmt":"2021-11-06T20:06:00","guid":{"rendered":"https:\/\/www.lirapopular.cl\/lirapopularxix\/?page_id=25895"},"modified":"2021-11-06T16:06:00","modified_gmt":"2021-11-06T20:06:00","slug":"el-sangriento-crimen-de-lota","status":"publish","type":"page","link":"https:\/\/www.lirapopular.cl\/lirapopularxix\/el-sangriento-crimen-de-lota\/","title":{"rendered":"El Sangriento Crimen de Lota"},"content":{"rendered":"\n<div class=\"wp-block-image\"><figure class=\"alignright size-medium\"><a href=\"https:\/\/www.lirapopular.cl\/lirapopularxix\/wp-content\/uploads\/2021\/11\/LO0012272.jpg\"><img decoding=\"async\" src=\"https:\/\/www.lirapopular.cl\/lirapopularxix\/wp-content\/uploads\/2021\/11\/LO0012272-174x300.jpg\" alt=\"\" class=\"wp-image-25898\"\/><\/a><figcaption>Archivo de Literatura Oral<br \/>Fondo Rodolfo Lenz<\/figcaption><\/figure><\/div>\n\n\n\n<p>Autor: Luis Romero Cancino.<br \/>Impresor: Auka T. T. Rozas 1252 Concep.<br \/>Tama\u00f1o: 39 x 22 cm<br \/>Clasificaci\u00f3n: BN C\u00f3digo:\u00a0LO0012272<\/p>\n\n\n\n<ul class=\"wp-block-list\"><li><a href=\"https:\/\/www.lirapopular.cl\/lirapopularxix\/2021\/11\/06\/carne-de-presidio-y-hospital\/\">Carne de presidio y hospital<\/a><\/li><li><a href=\"https:\/\/www.lirapopular.cl\/lirapopularxix\/2021\/11\/06\/antecedentes\/\">Antecedentes<\/a><\/li><li><a href=\"https:\/\/www.lirapopular.cl\/lirapopularxix\/2021\/11\/06\/el-sangriento-crimenen-el-lugar-denominado-losperales\/\">El sangriento crimen en el lugar denominado Los Perales<\/a><\/li><\/ul>\n\n\n\n<p>Nota: Pie de foto: El hechor Luis Cautivo Henriquez. Escenas del crimen.<br \/>Este ejemplar tiene escrito a mano con l\u00e1piz rojo \u201c10\u201d y con grafito &#8220;11(458-17) 10&#8221;, con un timbre &#8220;BIBLIOTECA NACIONAL SECCION CONTROL&#8221;<br \/>La Lira tiene un aviso al pie:<br \/>&#8220;La Casa GARCIA Tiene ya en preparaci\u00f3n las grandes oportunidades para Fiestas Patrias.<br \/>APROVECHE ESTA OPORTUNIDAD DE COMPRAR BARATO \u2014 LOTA&#8221;<br \/>Documento optimizado digitalmente.<\/p>\n","protected":false},"excerpt":{"rendered":"<p>Autor: Luis Romero Cancino.Impresor: Auka T. T. Rozas 1252 Concep.Tama\u00f1o: 39 x 22 cmClasificaci\u00f3n: BN C\u00f3digo:\u00a0LO0012272 Carne de presidio y hospital Antecedentes El sangriento crimen en el lugar denominado Los Perales Nota: Pie de foto: El hechor Luis Cautivo Henriquez. Escenas del crimen.Este ejemplar tiene escrito a mano con l\u00e1piz rojo \u201c10\u201d y con grafito [&hellip;]<\/p>\n","protected":false},"author":1,"featured_media":0,"parent":0,"menu_order":0,"comment_status":"closed","ping_status":"closed","template":"","meta":{"footnotes":""},"class_list":["post-25895","page","type-page","status-publish","hentry"],"jetpack_sharing_enabled":true,"_links":{"self":[{"href":"https:\/\/www.lirapopular.cl\/lirapopularxix\/wp-json\/wp\/v2\/pages\/25895","targetHints":{"allow":["GET"]}}],"collection":[{"href":"https:\/\/www.lirapopular.cl\/lirapopularxix\/wp-json\/wp\/v2\/pages"}],"about":[{"href":"https:\/\/www.lirapopular.cl\/lirapopularxix\/wp-json\/wp\/v2\/types\/page"}],"author":[{"embeddable":true,"href":"https:\/\/www.lirapopular.cl\/lirapopularxix\/wp-json\/wp\/v2\/users\/1"}],"replies":[{"embeddable":true,"href":"https:\/\/www.lirapopular.cl\/lirapopularxix\/wp-json\/wp\/v2\/comments?post=25895"}],"version-history":[{"count":0,"href":"https:\/\/www.lirapopular.cl\/lirapopularxix\/wp-json\/wp\/v2\/pages\/25895\/revisions"}],"wp:attachment":[{"href":"https:\/\/www.lirapopular.cl\/lirapopularxix\/wp-json\/wp\/v2\/media?parent=25895"}],"curies":[{"name":"wp","href":"https:\/\/api.w.org\/{rel}","templated":true}]}}