{"id":25858,"date":"2021-11-06T09:30:42","date_gmt":"2021-11-06T13:30:42","guid":{"rendered":"https:\/\/www.lirapopular.cl\/lirapopularxix\/?page_id=25858"},"modified":"2021-11-06T09:30:42","modified_gmt":"2021-11-06T13:30:42","slug":"el-nombre-verdadero-y-digno-de-aplausos","status":"publish","type":"page","link":"https:\/\/www.lirapopular.cl\/lirapopularxix\/el-nombre-verdadero-y-digno-de-aplausos\/","title":{"rendered":"EL NOMBRE <br>VERDADERO Y DIGNO DE APLAUSOS"},"content":{"rendered":"\n<div class=\"wp-block-image\"><figure class=\"alignright size-medium\"><a href=\"https:\/\/www.lirapopular.cl\/lirapopularxix\/wp-content\/uploads\/2021\/11\/LO0012281.jpg\"><img loading=\"lazy\" decoding=\"async\" width=\"300\" height=\"207\" src=\"https:\/\/www.lirapopular.cl\/lirapopularxix\/wp-content\/uploads\/2021\/11\/LO0012281-300x207.jpg\" alt=\"\" class=\"wp-image-25861\" srcset=\"https:\/\/www.lirapopular.cl\/lirapopularxix\/wp-content\/uploads\/2021\/11\/LO0012281-300x207.jpg 300w, https:\/\/www.lirapopular.cl\/lirapopularxix\/wp-content\/uploads\/2021\/11\/LO0012281-768x530.jpg 768w, https:\/\/www.lirapopular.cl\/lirapopularxix\/wp-content\/uploads\/2021\/11\/LO0012281.jpg 1000w\" sizes=\"auto, (max-width: 300px) 100vw, 300px\" \/><\/a><figcaption>Archivo de Literatura Oral<br \/>Fondo Rodolfo Lenz<\/figcaption><\/figure><\/div>\n\n\n\n<p>Autor: Froil\u00e1n Verdejo.<br \/>Impresor: Sin informaci\u00f3n<br \/>Tama\u00f1o: 37 x 55 cm<br \/>Clasificaci\u00f3n: BN C\u00f3digo:\u00a0LO0012281<\/p>\n\n\n\n<ul class=\"wp-block-list\"><li><a href=\"https:\/\/www.lirapopular.cl\/lirapopularxix\/2021\/11\/06\/el-nombreverdadero-y-digno-de-aplausos\/\">El nombre verdadero y digno de aplausos<\/a><\/li><li><a href=\"https:\/\/www.lirapopular.cl\/lirapopularxix\/2021\/11\/06\/literatura-20\/\">Literatura<\/a><\/li><li><a href=\"https:\/\/www.lirapopular.cl\/lirapopularxix\/2021\/11\/06\/versos-misticosa-lo-divino\/\">Versos m\u00edsticos. A lo divino<\/a><\/li><li><a href=\"https:\/\/www.lirapopular.cl\/lirapopularxix\/2021\/11\/06\/la-transfiguracionen-el-tabor\/\">La transfiguraci\u00f3n en el Tabor<\/a><\/li><li><a href=\"https:\/\/www.lirapopular.cl\/lirapopularxix\/2021\/11\/06\/a-lo-divino-17\/\">A lo divino<\/a><\/li><\/ul>\n\n\n\n<p>Nota: Este ejemplar tiene escrito a mano con l\u00e1piz rojo \u201c19\u201d, con l\u00e1piz azul &#8220;C. Atria&#8221; y con timbre &#8220;331&#8221;.<br \/>Documento optimizado digitalmente.<\/p>\n","protected":false},"excerpt":{"rendered":"<p>Autor: Froil\u00e1n Verdejo.Impresor: Sin informaci\u00f3nTama\u00f1o: 37 x 55 cmClasificaci\u00f3n: BN C\u00f3digo:\u00a0LO0012281 El nombre verdadero y digno de aplausos Literatura Versos m\u00edsticos. A lo divino La transfiguraci\u00f3n en el Tabor A lo divino Nota: Este ejemplar tiene escrito a mano con l\u00e1piz rojo \u201c19\u201d, con l\u00e1piz azul &#8220;C. Atria&#8221; y con timbre &#8220;331&#8221;.Documento optimizado digitalmente.<\/p>\n","protected":false},"author":1,"featured_media":0,"parent":0,"menu_order":0,"comment_status":"closed","ping_status":"closed","template":"","meta":{"footnotes":""},"class_list":["post-25858","page","type-page","status-publish","hentry"],"jetpack_sharing_enabled":true,"_links":{"self":[{"href":"https:\/\/www.lirapopular.cl\/lirapopularxix\/wp-json\/wp\/v2\/pages\/25858","targetHints":{"allow":["GET"]}}],"collection":[{"href":"https:\/\/www.lirapopular.cl\/lirapopularxix\/wp-json\/wp\/v2\/pages"}],"about":[{"href":"https:\/\/www.lirapopular.cl\/lirapopularxix\/wp-json\/wp\/v2\/types\/page"}],"author":[{"embeddable":true,"href":"https:\/\/www.lirapopular.cl\/lirapopularxix\/wp-json\/wp\/v2\/users\/1"}],"replies":[{"embeddable":true,"href":"https:\/\/www.lirapopular.cl\/lirapopularxix\/wp-json\/wp\/v2\/comments?post=25858"}],"version-history":[{"count":0,"href":"https:\/\/www.lirapopular.cl\/lirapopularxix\/wp-json\/wp\/v2\/pages\/25858\/revisions"}],"wp:attachment":[{"href":"https:\/\/www.lirapopular.cl\/lirapopularxix\/wp-json\/wp\/v2\/media?parent=25858"}],"curies":[{"name":"wp","href":"https:\/\/api.w.org\/{rel}","templated":true}]}}