{"id":25824,"date":"2021-11-05T16:24:38","date_gmt":"2021-11-05T20:24:38","guid":{"rendered":"https:\/\/www.lirapopular.cl\/lirapopularxix\/?page_id=25824"},"modified":"2021-11-05T16:24:38","modified_gmt":"2021-11-05T20:24:38","slug":"el-horroroso-crimen-de-limache","status":"publish","type":"page","link":"https:\/\/www.lirapopular.cl\/lirapopularxix\/el-horroroso-crimen-de-limache\/","title":{"rendered":"El horroroso crimen de Limache <br>El salvajismo de una fiera humana.\u2014 Da muerte a tres de sus compa\u00f1eros por robarles sus jornales.\u2014 La justicia a <br>obrado con toda felicidad capturando al bandido.\u2014 Jos\u00e9 Correa confiesa de <br>plano su horrible cr\u00edmen."},"content":{"rendered":"\n<div class=\"wp-block-image\"><figure class=\"alignright size-medium\"><a href=\"https:\/\/www.lirapopular.cl\/lirapopularxix\/wp-content\/uploads\/2021\/11\/LO0012315.jpg\"><img loading=\"lazy\" decoding=\"async\" width=\"204\" height=\"300\" src=\"https:\/\/www.lirapopular.cl\/lirapopularxix\/wp-content\/uploads\/2021\/11\/LO0012315-204x300.jpg\" alt=\"\" class=\"wp-image-25825\" srcset=\"https:\/\/www.lirapopular.cl\/lirapopularxix\/wp-content\/uploads\/2021\/11\/LO0012315-204x300.jpg 204w, https:\/\/www.lirapopular.cl\/lirapopularxix\/wp-content\/uploads\/2021\/11\/LO0012315.jpg 681w\" sizes=\"auto, (max-width: 204px) 100vw, 204px\" \/><\/a><figcaption>Archivo de Literatura Oral<br \/>Fondo Rodolfo Lenz<\/figcaption><\/figure><\/div>\n\n\n\n<p>Autor: An\u00f3nimo.<br \/>Impresor: Imp. San Agust\u00edn 220<br \/>Tama\u00f1o: 38 x 26 cm<br \/>Clasificaci\u00f3n: BN C\u00f3digo:\u00a0LO0012315<\/p>\n\n\n\n<ul class=\"wp-block-list\"><li><a href=\"https:\/\/www.lirapopular.cl\/lirapopularxix\/2021\/11\/05\/el-crimen-mas-salvaje\/\">El crimen mas salvaje<\/a><\/li><li><a href=\"https:\/\/www.lirapopular.cl\/lirapopularxix\/2021\/11\/05\/la-ultima-noticia\/\">La \u00faltima noticia<\/a><\/li><li><a href=\"https:\/\/www.lirapopular.cl\/lirapopularxix\/2021\/11\/05\/las-virtudes-de-mi-esposa\/\">Las virtudes de mi esposa<\/a><\/li><\/ul>\n\n\n\n<p>Nota: Este ejemplar fue pegado sobre un papel y tiene escrito a mano con l\u00e1piz rojo \u201c-23-&#8220;, &#8220;Dr Lenz&#8221;, un timbre &#8220;304&#8221; y con l\u00e1piz grafito &#8220;xxx Valpara\u00edso 1. XII. 1925&#8221;. <br \/>Pie de foto: &#8220;El criminal Jos\u00e9 Correa y sus aprehensores&#8221;<br \/>Documento optimizado digitalmente.<\/p>\n","protected":false},"excerpt":{"rendered":"<p>Autor: An\u00f3nimo.Impresor: Imp. San Agust\u00edn 220Tama\u00f1o: 38 x 26 cmClasificaci\u00f3n: BN C\u00f3digo:\u00a0LO0012315 El crimen mas salvaje La \u00faltima noticia Las virtudes de mi esposa Nota: Este ejemplar fue pegado sobre un papel y tiene escrito a mano con l\u00e1piz rojo \u201c-23-&#8220;, &#8220;Dr Lenz&#8221;, un timbre &#8220;304&#8221; y con l\u00e1piz grafito &#8220;xxx Valpara\u00edso 1. XII. 1925&#8221;. [&hellip;]<\/p>\n","protected":false},"author":1,"featured_media":0,"parent":0,"menu_order":0,"comment_status":"closed","ping_status":"closed","template":"","meta":{"footnotes":""},"class_list":["post-25824","page","type-page","status-publish","hentry"],"jetpack_sharing_enabled":true,"_links":{"self":[{"href":"https:\/\/www.lirapopular.cl\/lirapopularxix\/wp-json\/wp\/v2\/pages\/25824","targetHints":{"allow":["GET"]}}],"collection":[{"href":"https:\/\/www.lirapopular.cl\/lirapopularxix\/wp-json\/wp\/v2\/pages"}],"about":[{"href":"https:\/\/www.lirapopular.cl\/lirapopularxix\/wp-json\/wp\/v2\/types\/page"}],"author":[{"embeddable":true,"href":"https:\/\/www.lirapopular.cl\/lirapopularxix\/wp-json\/wp\/v2\/users\/1"}],"replies":[{"embeddable":true,"href":"https:\/\/www.lirapopular.cl\/lirapopularxix\/wp-json\/wp\/v2\/comments?post=25824"}],"version-history":[{"count":0,"href":"https:\/\/www.lirapopular.cl\/lirapopularxix\/wp-json\/wp\/v2\/pages\/25824\/revisions"}],"wp:attachment":[{"href":"https:\/\/www.lirapopular.cl\/lirapopularxix\/wp-json\/wp\/v2\/media?parent=25824"}],"curies":[{"name":"wp","href":"https:\/\/api.w.org\/{rel}","templated":true}]}}