{"id":25765,"date":"2021-11-04T15:25:48","date_gmt":"2021-11-04T19:25:48","guid":{"rendered":"https:\/\/www.lirapopular.cl\/lirapopularxix\/?page_id=25765"},"modified":"2021-11-04T15:25:48","modified_gmt":"2021-11-04T19:25:48","slug":"el-guitarrero-patriotico-publicacion-de-versos-sensacionales","status":"publish","type":"page","link":"https:\/\/www.lirapopular.cl\/lirapopularxix\/el-guitarrero-patriotico-publicacion-de-versos-sensacionales\/","title":{"rendered":"El Guitarrero Patri\u00f3tico <br>Publicacion de Versos Sensacionales"},"content":{"rendered":"\n<div class=\"wp-block-image\"><figure class=\"alignright size-medium\"><a href=\"https:\/\/www.lirapopular.cl\/lirapopularxix\/wp-content\/uploads\/2021\/11\/LO0012096.jpg\"><img decoding=\"async\" src=\"https:\/\/www.lirapopular.cl\/lirapopularxix\/wp-content\/uploads\/2021\/11\/LO0012096-217x300.jpg\" alt=\"\" class=\"wp-image-25770\"\/><\/a><figcaption>Archivo de Literatura Oral<br \/>Fondo Rodolfo Lenz<\/figcaption><\/figure><\/div>\n\n\n\n<p>Autor: Juan Bautista Peralta.<br \/>Impresor: Sin informaci\u00f3n<br \/>Tama\u00f1o: 39 x 28 cm<br \/>Clasificaci\u00f3n: BN C\u00f3digo:&nbsp;LO0012096<\/p>\n\n\n\n<ul class=\"wp-block-list\"><li><a href=\"https:\/\/www.lirapopular.cl\/lirapopularxix\/2021\/11\/04\/muerte-de-tres-aviadoresarjentinos\/\">Muerte de tres aviadores argentinos<\/a><\/li><li><a href=\"https:\/\/www.lirapopular.cl\/lirapopularxix\/2021\/11\/04\/esposa-que-mata-a-su-maridoen-talca\/\">Esposa que mata a su marido en Talca<\/a><\/li><li><a href=\"https:\/\/www.lirapopular.cl\/lirapopularxix\/2021\/11\/04\/el-conato-militar-para-deponer-el-gobierno\/\">El conato militar. Para deponer el gobierno y reformar la constituci\u00f3n. \u00bfD\u00f3nde ir\u00edamos a parar?<\/a><\/li><li><a href=\"https:\/\/www.lirapopular.cl\/lirapopularxix\/2021\/11\/04\/el-triunfo-de-cortinezen-la-aviacion\/\">El triunfo de Cort\u00ednez en la aviacion<\/a><\/li><li><a href=\"https:\/\/www.lirapopular.cl\/lirapopularxix\/2021\/11\/04\/la-desaparicion-del-aviador-arjentino\/\">La desaparici\u00f3n del aviador argentino. Los huracanes no lo dejan llegar a Chile. Encuentro de su cad\u00e1ver<\/a><\/li><\/ul>\n\n\n\n<p>Nota: Director Juan B. Peralta. San Alfonso 333. Precio 20 Centavos.<br \/>Este ejemplar tiene escrito a mano con plum\u00f3n \u201c-4-\u201d, con un timbre &#8220;381&#8221;, con l\u00e1piz grafito &#8220;1919&#8221;.<br \/>Reutiliza palas de texto del n\u00famero hom\u00f3nimo, <a href=\"https:\/\/www.lirapopular.cl\/lirapopularxix\/el-guitarrero-patriotico-publicacion-de-versos-sensacionales-2\/\">ver<\/a>.<br \/>Documento optimizado digitalmente.<\/p>\n","protected":false},"excerpt":{"rendered":"<p>Autor: Juan Bautista Peralta.Impresor: Sin informaci\u00f3nTama\u00f1o: 39 x 28 cmClasificaci\u00f3n: BN C\u00f3digo:&nbsp;LO0012096 Muerte de tres aviadores argentinos Esposa que mata a su marido en Talca El conato militar. Para deponer el gobierno y reformar la constituci\u00f3n. \u00bfD\u00f3nde ir\u00edamos a parar? El triunfo de Cort\u00ednez en la aviacion La desaparici\u00f3n del aviador argentino. Los huracanes no [&hellip;]<\/p>\n","protected":false},"author":1,"featured_media":0,"parent":0,"menu_order":0,"comment_status":"closed","ping_status":"closed","template":"","meta":{"footnotes":""},"class_list":["post-25765","page","type-page","status-publish","hentry"],"jetpack_sharing_enabled":true,"_links":{"self":[{"href":"https:\/\/www.lirapopular.cl\/lirapopularxix\/wp-json\/wp\/v2\/pages\/25765","targetHints":{"allow":["GET"]}}],"collection":[{"href":"https:\/\/www.lirapopular.cl\/lirapopularxix\/wp-json\/wp\/v2\/pages"}],"about":[{"href":"https:\/\/www.lirapopular.cl\/lirapopularxix\/wp-json\/wp\/v2\/types\/page"}],"author":[{"embeddable":true,"href":"https:\/\/www.lirapopular.cl\/lirapopularxix\/wp-json\/wp\/v2\/users\/1"}],"replies":[{"embeddable":true,"href":"https:\/\/www.lirapopular.cl\/lirapopularxix\/wp-json\/wp\/v2\/comments?post=25765"}],"version-history":[{"count":0,"href":"https:\/\/www.lirapopular.cl\/lirapopularxix\/wp-json\/wp\/v2\/pages\/25765\/revisions"}],"wp:attachment":[{"href":"https:\/\/www.lirapopular.cl\/lirapopularxix\/wp-json\/wp\/v2\/media?parent=25765"}],"curies":[{"name":"wp","href":"https:\/\/api.w.org\/{rel}","templated":true}]}}