{"id":25747,"date":"2021-11-04T12:25:27","date_gmt":"2021-11-04T16:25:27","guid":{"rendered":"https:\/\/www.lirapopular.cl\/lirapopularxix\/?page_id=25747"},"modified":"2021-11-04T12:25:27","modified_gmt":"2021-11-04T16:25:27","slug":"el-gran-torneo-mundial-y-el-gran-triunfo-sud-americano","status":"publish","type":"page","link":"https:\/\/www.lirapopular.cl\/lirapopularxix\/el-gran-torneo-mundial-y-el-gran-triunfo-sud-americano\/","title":{"rendered":"EL GRAN TORNEO MUNDIAL <br>y el gran triunfo Sud-Americano <br>La Bandera de Chile sostenida gloriosamente por el campe\u00f3n <br>Manuel Plaza <br>Orgullo de nuestro pa\u00eds"},"content":{"rendered":"<div class=\"wp-block-image\">\n<figure class=\"alignright size-medium\"><a href=\"https:\/\/www.lirapopular.cl\/lirapopularxix\/wp-content\/uploads\/2021\/11\/LO0012312.jpg\"><img decoding=\"async\" src=\"https:\/\/www.lirapopular.cl\/lirapopularxix\/wp-content\/uploads\/2021\/11\/LO0012312-211x300.jpg\" alt=\"\" class=\"wp-image-25750\"\/><\/a><figcaption>Archivo de Literatura Oral<br \/>Fondo Rodolfo Lenz<\/figcaption><\/figure>\n<\/div>\n\n\n<p>Autor: Lautaro Blanco.<br \/>Impresor: Imp. &#8220;Esmeralda&#8221;, Freire 730, Concepci\u00f3n.<br \/>Tama\u00f1o: 37 x 26 cm<br \/>Clasificaci\u00f3n: BN C\u00f3digo:&nbsp;LO0012312<\/p>\n\n\n\n<ul class=\"wp-block-list\"><li><a href=\"https:\/\/www.lirapopular.cl\/lirapopularxix\/2021\/11\/04\/en-esta-gran-olimpiada\/\">En esta gran olimp\u00edada<\/a><\/li><li><a href=\"https:\/\/www.lirapopular.cl\/lirapopularxix\/2021\/11\/04\/plaza-penquistael-chiquillo-querido\/\">Plaza penquista. El chiquillo querido<\/a><\/li><li><a href=\"https:\/\/www.lirapopular.cl\/lirapopularxix\/2021\/11\/04\/el-saludo-de-un-rotito\/\">El saludo de un rotito<\/a><\/li><li><a href=\"https:\/\/www.lirapopular.cl\/lirapopularxix\/2021\/11\/04\/canillitas-te-saludan\/\">Canillitas te saludan<\/a><\/li><\/ul>\n\n\n\n<p>Nota: Manuel Plaza logr\u00f3 2\u00ba puesto en la marat\u00f3n en Amsterdam el 5 de agosto de 1928.<br \/>&#8220;de Lautaro Blanco (prohibida la reimpresion)&#8221;<br \/>Este ejemplar tiene escrito a mano con l\u00e1piz rojo \u201c-20-\u201d, con l\u00e1piz azul &#8220;6&#8221;, timbre &#8220;BIBLIOTECA NACIONAL SECCION CHILENA&#8221;.<br \/>Documento optimizado digitalmente.<\/p>\n","protected":false},"excerpt":{"rendered":"<p>Autor: Lautaro Blanco.Impresor: Imp. &#8220;Esmeralda&#8221;, Freire 730, Concepci\u00f3n.Tama\u00f1o: 37 x 26 cmClasificaci\u00f3n: BN C\u00f3digo:&nbsp;LO0012312 En esta gran olimp\u00edada Plaza penquista. El chiquillo querido El saludo de un rotito Canillitas te saludan Nota: Manuel Plaza logr\u00f3 2\u00ba puesto en la marat\u00f3n en Amsterdam el 5 de agosto de 1928.&#8220;de Lautaro Blanco (prohibida la reimpresion)&#8221;Este ejemplar tiene [&hellip;]<\/p>\n","protected":false},"author":1,"featured_media":0,"parent":0,"menu_order":0,"comment_status":"closed","ping_status":"closed","template":"","meta":{"footnotes":""},"class_list":["post-25747","page","type-page","status-publish","hentry"],"jetpack_sharing_enabled":true,"_links":{"self":[{"href":"https:\/\/www.lirapopular.cl\/lirapopularxix\/wp-json\/wp\/v2\/pages\/25747","targetHints":{"allow":["GET"]}}],"collection":[{"href":"https:\/\/www.lirapopular.cl\/lirapopularxix\/wp-json\/wp\/v2\/pages"}],"about":[{"href":"https:\/\/www.lirapopular.cl\/lirapopularxix\/wp-json\/wp\/v2\/types\/page"}],"author":[{"embeddable":true,"href":"https:\/\/www.lirapopular.cl\/lirapopularxix\/wp-json\/wp\/v2\/users\/1"}],"replies":[{"embeddable":true,"href":"https:\/\/www.lirapopular.cl\/lirapopularxix\/wp-json\/wp\/v2\/comments?post=25747"}],"version-history":[{"count":0,"href":"https:\/\/www.lirapopular.cl\/lirapopularxix\/wp-json\/wp\/v2\/pages\/25747\/revisions"}],"wp:attachment":[{"href":"https:\/\/www.lirapopular.cl\/lirapopularxix\/wp-json\/wp\/v2\/media?parent=25747"}],"curies":[{"name":"wp","href":"https:\/\/api.w.org\/{rel}","templated":true}]}}