{"id":25646,"date":"2021-11-02T14:40:48","date_gmt":"2021-11-02T18:40:48","guid":{"rendered":"https:\/\/www.lirapopular.cl\/lirapopularxix\/?page_id=25646"},"modified":"2021-11-02T14:40:48","modified_gmt":"2021-11-02T18:40:48","slug":"el-bandido-pedro-valenzuela-que-hizo-catorce-muertes-en-valdivia","status":"publish","type":"page","link":"https:\/\/www.lirapopular.cl\/lirapopularxix\/el-bandido-pedro-valenzuela-que-hizo-catorce-muertes-en-valdivia\/","title":{"rendered":"El Bandido Pedro Valenzuela que hizo catorce muertes en Valdivia  El Reo Condenado a Muerte en Valparaiso"},"content":{"rendered":"<div class=\"wp-block-image\">\n<figure class=\"alignright size-medium\"><a href=\"https:\/\/www.lirapopular.cl\/lirapopularxix\/wp-content\/uploads\/2021\/11\/LO0012012.jpg\"><img loading=\"lazy\" decoding=\"async\" width=\"208\" height=\"300\" src=\"https:\/\/www.lirapopular.cl\/lirapopularxix\/wp-content\/uploads\/2021\/11\/LO0012012-208x300.jpg\" alt=\"\" class=\"wp-image-25664\" srcset=\"https:\/\/www.lirapopular.cl\/lirapopularxix\/wp-content\/uploads\/2021\/11\/LO0012012-208x300.jpg 208w, https:\/\/www.lirapopular.cl\/lirapopularxix\/wp-content\/uploads\/2021\/11\/LO0012012.jpg 693w\" sizes=\"auto, (max-width: 208px) 100vw, 208px\" \/><\/a><figcaption>Archivo de Literatura Oral<br \/>Fondo Rodolfo Lenz<\/figcaption><\/figure>\n<\/div>\n\n\n<p>Autor: Rosa Guajardo. Nueva poeta. Bernardino 2\u00ba Guajardo.<br \/>Impresor: Sin informaci\u00f3n<br \/>Tama\u00f1o: 55 x 39 cm<br \/>Clasificaci\u00f3n: BN C\u00f3digo:&nbsp;LO0012012<\/p>\n\n\n\n<ul class=\"wp-block-list\"><li><a href=\"https:\/\/www.lirapopular.cl\/lirapopularxix\/2021\/11\/02\/el-bandidoque-asesino-a-14-personasen-valdivia\/\">El bandido que asesin\u00f3 a 14 personas en Valdivia<\/a><\/li><li><a href=\"https:\/\/www.lirapopular.cl\/lirapopularxix\/2021\/11\/02\/tonada-para-las-ninas\/\">Tonada para las ni\u00f1as<\/a><\/li><li><a href=\"https:\/\/www.lirapopular.cl\/lirapopularxix\/2021\/11\/02\/otra-tonada-2\/\">Otra tonada<\/a><\/li><li><a href=\"https:\/\/www.lirapopular.cl\/lirapopularxix\/2021\/11\/02\/el-joven-mauricio-se-enveneno-en-buin-guindos\/\">El joven Mauricio se envenen\u00f3 en Buin, Guindos<\/a><\/li><li><a href=\"https:\/\/www.lirapopular.cl\/lirapopularxix\/2021\/11\/02\/choque-de-trenescon-muertos-i-heridos-enllay-llay\/\">Choque de trenes con muertos y heridos en Llay-Llay<\/a><\/li><li><a href=\"https:\/\/www.lirapopular.cl\/lirapopularxix\/2021\/11\/02\/el-reo-negretecondenado-a-muertei-calderon-perpetuo\/\">El reo Negrete condenado a muerte y Calder\u00f3n perpetuo<\/a><\/li><li><a href=\"https:\/\/www.lirapopular.cl\/lirapopularxix\/2021\/11\/02\/las-cuecas-del-zapatero-3\/\">Las cuecas del zapatero<\/a><\/li><li><a href=\"https:\/\/www.lirapopular.cl\/lirapopularxix\/2021\/11\/02\/otra-cueca-2\/\">Otra cueca<\/a><\/li><li><a href=\"https:\/\/www.lirapopular.cl\/lirapopularxix\/2021\/11\/02\/duelo-al-poeta-reyes\/\">Duelo al poeta Reyes<\/a><\/li><\/ul>\n\n\n\n<p>Nota: Este ejemplar tiene escrito a mano con l\u00e1piz rojo \u201c-12-\u201d.<br \/>Romualdo Negrete fue fusilado en diciembre de 1901.<br \/>Este documento incluye un homenaje por la muerte de Adolfo Reyes.<br \/>Documento optimizado digitalmente.<\/p>\n","protected":false},"excerpt":{"rendered":"<p>Autor: Rosa Guajardo. Nueva poeta. Bernardino 2\u00ba Guajardo.Impresor: Sin informaci\u00f3nTama\u00f1o: 55 x 39 cmClasificaci\u00f3n: BN C\u00f3digo:&nbsp;LO0012012 El bandido que asesin\u00f3 a 14 personas en Valdivia Tonada para las ni\u00f1as Otra tonada El joven Mauricio se envenen\u00f3 en Buin, Guindos Choque de trenes con muertos y heridos en Llay-Llay El reo Negrete condenado a muerte y [&hellip;]<\/p>\n","protected":false},"author":1,"featured_media":0,"parent":0,"menu_order":0,"comment_status":"closed","ping_status":"closed","template":"","meta":{"footnotes":""},"class_list":["post-25646","page","type-page","status-publish","hentry"],"jetpack_sharing_enabled":true,"_links":{"self":[{"href":"https:\/\/www.lirapopular.cl\/lirapopularxix\/wp-json\/wp\/v2\/pages\/25646","targetHints":{"allow":["GET"]}}],"collection":[{"href":"https:\/\/www.lirapopular.cl\/lirapopularxix\/wp-json\/wp\/v2\/pages"}],"about":[{"href":"https:\/\/www.lirapopular.cl\/lirapopularxix\/wp-json\/wp\/v2\/types\/page"}],"author":[{"embeddable":true,"href":"https:\/\/www.lirapopular.cl\/lirapopularxix\/wp-json\/wp\/v2\/users\/1"}],"replies":[{"embeddable":true,"href":"https:\/\/www.lirapopular.cl\/lirapopularxix\/wp-json\/wp\/v2\/comments?post=25646"}],"version-history":[{"count":0,"href":"https:\/\/www.lirapopular.cl\/lirapopularxix\/wp-json\/wp\/v2\/pages\/25646\/revisions"}],"wp:attachment":[{"href":"https:\/\/www.lirapopular.cl\/lirapopularxix\/wp-json\/wp\/v2\/media?parent=25646"}],"curies":[{"name":"wp","href":"https:\/\/api.w.org\/{rel}","templated":true}]}}