{"id":25620,"date":"2021-11-02T09:49:31","date_gmt":"2021-11-02T13:49:31","guid":{"rendered":"https:\/\/www.lirapopular.cl\/lirapopularxix\/?page_id=25620"},"modified":"2021-11-02T09:49:31","modified_gmt":"2021-11-02T13:49:31","slug":"a-la-memoria-del-inmortal-capitan-prat","status":"publish","type":"page","link":"https:\/\/www.lirapopular.cl\/lirapopularxix\/a-la-memoria-del-inmortal-capitan-prat\/","title":{"rendered":"A la memoria del inmortal Capit\u00e1n Prat <br>El 21 de Mayo"},"content":{"rendered":"<div class=\"wp-block-image\">\n<figure class=\"alignright size-medium\"><a href=\"https:\/\/www.lirapopular.cl\/lirapopularxix\/wp-content\/uploads\/2021\/11\/LO0012289.jpg\"><img loading=\"lazy\" decoding=\"async\" width=\"209\" height=\"300\" src=\"https:\/\/www.lirapopular.cl\/lirapopularxix\/wp-content\/uploads\/2021\/11\/LO0012289-209x300.jpg\" alt=\"\" class=\"wp-image-25625\" srcset=\"https:\/\/www.lirapopular.cl\/lirapopularxix\/wp-content\/uploads\/2021\/11\/LO0012289-209x300.jpg 209w, https:\/\/www.lirapopular.cl\/lirapopularxix\/wp-content\/uploads\/2021\/11\/LO0012289.jpg 697w\" sizes=\"auto, (max-width: 209px) 100vw, 209px\" \/><\/a><figcaption class=\"wp-element-caption\">Archivo de Literatura Oral<br \/>Fondo Rodolfo Lenz<\/figcaption><\/figure>\n<\/div>\n\n\n<p>Autor: Jos\u00e9 Dolores Rebolledo.<br \/>Impresor: Sin informaci\u00f3n<br \/>Tama\u00f1o: 52 x 36 cm<br \/>Clasificaci\u00f3n: BN C\u00f3digo:&nbsp;LO0012289<\/p>\n\n\n\n<ul class=\"wp-block-list\">\n<li><a href=\"https:\/\/www.lirapopular.cl\/lirapopularxix\/2021\/11\/02\/a-la-nave-capitan-prat\/\">A la nave &#8220;Capitan Prat&#8221; <\/a><\/li>\n\n\n\n<li><a href=\"https:\/\/www.lirapopular.cl\/lirapopularxix\/2021\/11\/02\/al-inmortal-capitan-prat\/\">Al inmortal capit\u00e1n Prat <\/a><\/li>\n\n\n\n<li><a href=\"https:\/\/www.lirapopular.cl\/lirapopularxix\/2021\/11\/02\/el-21-de-mayoel-memorable-abordaje-delhuascar\/\">El 21 de mayo. El memorable abordaje del &#8220;Hu\u00e1scar&#8221; <\/a><\/li>\n\n\n\n<li><a href=\"https:\/\/www.lirapopular.cl\/lirapopularxix\/2021\/11\/02\/el-combate-de-laindependencia\/\">El combate de la &#8220;Independencia&#8221; <\/a><\/li>\n\n\n\n<li><a href=\"https:\/\/www.lirapopular.cl\/lirapopularxix\/2021\/11\/02\/al-valiente-capitan-latorreen-sus-dos-primeros-combates\/\">Al valiente capit\u00e1n Latorre en sus dos primeros combates <\/a><\/li>\n\n\n\n<li><a href=\"https:\/\/www.lirapopular.cl\/lirapopularxix\/2021\/11\/02\/el-rotito-chileno-y-su-patronun-dialogo\/\">El rotito chileno y su patr\u00f3n (un di\u00e1logo)<\/a><\/li>\n<\/ul>\n\n\n\n<p>Nota: Este ejemplar tiene escrito a mano con l\u00e1piz rojo \u201c-27-\u201d.<br \/>Documento optimizado digitalmente.<\/p>\n","protected":false},"excerpt":{"rendered":"<p>Autor: Jos\u00e9 Dolores Rebolledo.Impresor: Sin informaci\u00f3nTama\u00f1o: 52 x 36 cmClasificaci\u00f3n: BN C\u00f3digo:&nbsp;LO0012289 Nota: Este ejemplar tiene escrito a mano con l\u00e1piz rojo \u201c-27-\u201d.Documento optimizado digitalmente.<\/p>\n","protected":false},"author":1,"featured_media":0,"parent":0,"menu_order":0,"comment_status":"closed","ping_status":"closed","template":"","meta":{"footnotes":""},"class_list":["post-25620","page","type-page","status-publish","hentry"],"jetpack_sharing_enabled":true,"_links":{"self":[{"href":"https:\/\/www.lirapopular.cl\/lirapopularxix\/wp-json\/wp\/v2\/pages\/25620","targetHints":{"allow":["GET"]}}],"collection":[{"href":"https:\/\/www.lirapopular.cl\/lirapopularxix\/wp-json\/wp\/v2\/pages"}],"about":[{"href":"https:\/\/www.lirapopular.cl\/lirapopularxix\/wp-json\/wp\/v2\/types\/page"}],"author":[{"embeddable":true,"href":"https:\/\/www.lirapopular.cl\/lirapopularxix\/wp-json\/wp\/v2\/users\/1"}],"replies":[{"embeddable":true,"href":"https:\/\/www.lirapopular.cl\/lirapopularxix\/wp-json\/wp\/v2\/comments?post=25620"}],"version-history":[{"count":0,"href":"https:\/\/www.lirapopular.cl\/lirapopularxix\/wp-json\/wp\/v2\/pages\/25620\/revisions"}],"wp:attachment":[{"href":"https:\/\/www.lirapopular.cl\/lirapopularxix\/wp-json\/wp\/v2\/media?parent=25620"}],"curies":[{"name":"wp","href":"https:\/\/api.w.org\/{rel}","templated":true}]}}