{"id":25605,"date":"2021-10-31T21:13:32","date_gmt":"2021-11-01T01:13:32","guid":{"rendered":"https:\/\/www.lirapopular.cl\/lirapopularxix\/?page_id=25605"},"modified":"2021-10-31T21:13:32","modified_gmt":"2021-11-01T01:13:32","slug":"el-21-de-mayo-de-1879-romance","status":"publish","type":"page","link":"https:\/\/www.lirapopular.cl\/lirapopularxix\/el-21-de-mayo-de-1879-romance\/","title":{"rendered":"EL 21 DE MAYO DE 1879 <br>ROMANCE."},"content":{"rendered":"\n<div class=\"wp-block-image\"><figure class=\"alignright size-medium\"><a href=\"https:\/\/www.lirapopular.cl\/lirapopularxix\/wp-content\/uploads\/2021\/10\/LO0012270.jpg\"><img loading=\"lazy\" decoding=\"async\" width=\"210\" height=\"300\" src=\"https:\/\/www.lirapopular.cl\/lirapopularxix\/wp-content\/uploads\/2021\/10\/LO0012270-210x300.jpg\" alt=\"\" class=\"wp-image-25608\" srcset=\"https:\/\/www.lirapopular.cl\/lirapopularxix\/wp-content\/uploads\/2021\/10\/LO0012270-210x300.jpg 210w, https:\/\/www.lirapopular.cl\/lirapopularxix\/wp-content\/uploads\/2021\/10\/LO0012270.jpg 699w\" sizes=\"auto, (max-width: 210px) 100vw, 210px\" \/><\/a><figcaption>Archivo de Literatura Oral<br \/>Fondo Rodolfo Lenz<\/figcaption><\/figure><\/div>\n\n\n\n<p>Autor: Jos\u00e9 Epitacio Soto.<br \/>Impresor: Imp. del Mercurio \u2014 1880.<br \/>Tama\u00f1o: 45 x 31 cm<br \/>Clasificaci\u00f3n: BN C\u00f3digo:&nbsp;LO0012270<\/p>\n\n\n\n<ul class=\"wp-block-list\"><li><a href=\"https:\/\/www.lirapopular.cl\/lirapopularxix\/2021\/11\/02\/primera-parte-2\/\">Primera parte<\/a><\/li><li><a href=\"https:\/\/www.lirapopular.cl\/lirapopularxix\/2021\/11\/02\/segunda-parte-3\/\">Segunda parte<\/a><\/li><\/ul>\n\n\n\n<p>Nota: Hay otra edici\u00f3n similar que agrega un verso de Dedicatoria a la viuda de Prat, 708 R175 Caja N\u00b012a <a rel=\"noreferrer noopener\" href=\"https:\/\/www.lirapopular.cl\/lirapopularxix\/romance-ilustradosobre-el-combate-naval-de-iquique-el-21-de-mayo-de-1879\/\" target=\"_blank\">ver<\/a>.<br \/>Este ejemplar tiene escrito a mano con l\u00e1piz rojo \u201c-8-\u201d. <br \/>Est\u00e1 fechado en 1880.<br \/>Documento optimizado digitalmente.<\/p>\n","protected":false},"excerpt":{"rendered":"<p>Autor: Jos\u00e9 Epitacio Soto.Impresor: Imp. del Mercurio \u2014 1880.Tama\u00f1o: 45 x 31 cmClasificaci\u00f3n: BN C\u00f3digo:&nbsp;LO0012270 Primera parte Segunda parte Nota: Hay otra edici\u00f3n similar que agrega un verso de Dedicatoria a la viuda de Prat, 708 R175 Caja N\u00b012a ver.Este ejemplar tiene escrito a mano con l\u00e1piz rojo \u201c-8-\u201d. Est\u00e1 fechado en 1880.Documento optimizado digitalmente.<\/p>\n","protected":false},"author":1,"featured_media":0,"parent":0,"menu_order":0,"comment_status":"closed","ping_status":"closed","template":"","meta":{"footnotes":""},"class_list":["post-25605","page","type-page","status-publish","hentry"],"jetpack_sharing_enabled":true,"_links":{"self":[{"href":"https:\/\/www.lirapopular.cl\/lirapopularxix\/wp-json\/wp\/v2\/pages\/25605","targetHints":{"allow":["GET"]}}],"collection":[{"href":"https:\/\/www.lirapopular.cl\/lirapopularxix\/wp-json\/wp\/v2\/pages"}],"about":[{"href":"https:\/\/www.lirapopular.cl\/lirapopularxix\/wp-json\/wp\/v2\/types\/page"}],"author":[{"embeddable":true,"href":"https:\/\/www.lirapopular.cl\/lirapopularxix\/wp-json\/wp\/v2\/users\/1"}],"replies":[{"embeddable":true,"href":"https:\/\/www.lirapopular.cl\/lirapopularxix\/wp-json\/wp\/v2\/comments?post=25605"}],"version-history":[{"count":0,"href":"https:\/\/www.lirapopular.cl\/lirapopularxix\/wp-json\/wp\/v2\/pages\/25605\/revisions"}],"wp:attachment":[{"href":"https:\/\/www.lirapopular.cl\/lirapopularxix\/wp-json\/wp\/v2\/media?parent=25605"}],"curies":[{"name":"wp","href":"https:\/\/api.w.org\/{rel}","templated":true}]}}