{"id":25563,"date":"2021-10-30T19:21:57","date_gmt":"2021-10-30T23:21:57","guid":{"rendered":"https:\/\/www.lirapopular.cl\/lirapopularxix\/?page_id=25563"},"modified":"2021-10-30T19:21:57","modified_gmt":"2021-10-30T23:21:57","slug":"dialogo-entre-dos-cholos-al-visitar-el-huascar-chileno-las-playas-del-callao","status":"publish","type":"page","link":"https:\/\/www.lirapopular.cl\/lirapopularxix\/dialogo-entre-dos-cholos-al-visitar-el-huascar-chileno-las-playas-del-callao\/","title":{"rendered":"Di\u00e1logo entre dos cholos <br>al visitar el \u00abHu\u00e1scar\u00bb chileno <br>las playas del Callao"},"content":{"rendered":"\n<div class=\"wp-block-image\"><figure class=\"alignright size-medium\"><a href=\"https:\/\/www.lirapopular.cl\/lirapopularxix\/wp-content\/uploads\/2021\/10\/LO0012269.jpg\"><img loading=\"lazy\" decoding=\"async\" width=\"300\" height=\"234\" src=\"https:\/\/www.lirapopular.cl\/lirapopularxix\/wp-content\/uploads\/2021\/10\/LO0012269-300x234.jpg\" alt=\"\" class=\"wp-image-25566\" srcset=\"https:\/\/www.lirapopular.cl\/lirapopularxix\/wp-content\/uploads\/2021\/10\/LO0012269-300x234.jpg 300w, https:\/\/www.lirapopular.cl\/lirapopularxix\/wp-content\/uploads\/2021\/10\/LO0012269-768x599.jpg 768w, https:\/\/www.lirapopular.cl\/lirapopularxix\/wp-content\/uploads\/2021\/10\/LO0012269.jpg 1000w\" sizes=\"auto, (max-width: 300px) 100vw, 300px\" \/><\/a><figcaption>Archivo de Literatura Oral<br \/>Fondo Rodolfo Lenz<\/figcaption><\/figure><\/div>\n\n\n\n<p>Autor: Anjel C. Lillo.<br \/>Impresor: Imp. de \u00abLos Tiempos\u00bb \u2014 Bandera, 24.<br \/>Tama\u00f1o: 26 x 35 cm<br \/>Clasificaci\u00f3n: BN C\u00f3digo: LO0012269<\/p>\n\n\n\n<ul class=\"wp-block-list\"><li><a href=\"https:\/\/www.lirapopular.cl\/lirapopularxix\/2021\/10\/30\/dialogo-entre-dos-cholosal-visitar-el-huascar-chilenolas-playas-del-callao\/\">Di\u00e1logo entre dos cholos al visitar el \u00abHu\u00e1scar\u00bb chileno las playas del Callao<\/a><\/li><li><a href=\"https:\/\/www.lirapopular.cl\/lirapopularxix\/2021\/10\/30\/la-batalla-de-camarones\/\">La batalla de Camarones<\/a><\/li><li><a href=\"https:\/\/www.lirapopular.cl\/lirapopularxix\/2021\/10\/30\/campero-avanza-sobre-tarapaca\/\">Campero avanza sobre Tarapac\u00e1<\/a><\/li><li><a href=\"https:\/\/www.lirapopular.cl\/lirapopularxix\/2021\/10\/30\/la-guerra-de-sorpresa-adoptadapor-los-peruanos\/\">La guerra de sorpresa adoptada por los peruanos<\/a><\/li><li><a href=\"https:\/\/www.lirapopular.cl\/lirapopularxix\/2021\/10\/30\/quejas-amorosas\/\">Quejas amorosas <\/a><\/li><li><a href=\"https:\/\/www.lirapopular.cl\/lirapopularxix\/2021\/10\/30\/desconfianzas\/\">Desconfianzas<\/a><\/li><\/ul>\n\n\n\n<p>Nota: Este ejemplar est\u00e1 pegado sobre una hoja, tiene escrito a mano con l\u00e1piz rojo \u201c-7-\u201d, &#8220;-17-&#8220;.<br \/>Documento optimizado digitalmente.<\/p>\n","protected":false},"excerpt":{"rendered":"<p>Autor: Anjel C. Lillo.Impresor: Imp. de \u00abLos Tiempos\u00bb \u2014 Bandera, 24.Tama\u00f1o: 26 x 35 cmClasificaci\u00f3n: BN C\u00f3digo: LO0012269 Di\u00e1logo entre dos cholos al visitar el \u00abHu\u00e1scar\u00bb chileno las playas del Callao La batalla de Camarones Campero avanza sobre Tarapac\u00e1 La guerra de sorpresa adoptada por los peruanos Quejas amorosas Desconfianzas Nota: Este ejemplar est\u00e1 pegado [&hellip;]<\/p>\n","protected":false},"author":1,"featured_media":0,"parent":0,"menu_order":0,"comment_status":"closed","ping_status":"closed","template":"","meta":{"footnotes":""},"class_list":["post-25563","page","type-page","status-publish","hentry"],"jetpack_sharing_enabled":true,"_links":{"self":[{"href":"https:\/\/www.lirapopular.cl\/lirapopularxix\/wp-json\/wp\/v2\/pages\/25563","targetHints":{"allow":["GET"]}}],"collection":[{"href":"https:\/\/www.lirapopular.cl\/lirapopularxix\/wp-json\/wp\/v2\/pages"}],"about":[{"href":"https:\/\/www.lirapopular.cl\/lirapopularxix\/wp-json\/wp\/v2\/types\/page"}],"author":[{"embeddable":true,"href":"https:\/\/www.lirapopular.cl\/lirapopularxix\/wp-json\/wp\/v2\/users\/1"}],"replies":[{"embeddable":true,"href":"https:\/\/www.lirapopular.cl\/lirapopularxix\/wp-json\/wp\/v2\/comments?post=25563"}],"version-history":[{"count":0,"href":"https:\/\/www.lirapopular.cl\/lirapopularxix\/wp-json\/wp\/v2\/pages\/25563\/revisions"}],"wp:attachment":[{"href":"https:\/\/www.lirapopular.cl\/lirapopularxix\/wp-json\/wp\/v2\/media?parent=25563"}],"curies":[{"name":"wp","href":"https:\/\/api.w.org\/{rel}","templated":true}]}}