{"id":25550,"date":"2021-10-30T15:19:50","date_gmt":"2021-10-30T19:19:50","guid":{"rendered":"https:\/\/www.lirapopular.cl\/lirapopularxix\/?page_id=25550"},"modified":"2021-10-30T15:19:50","modified_gmt":"2021-10-30T19:19:50","slug":"detenidos-los-autores-del-crimen-del-cementerio","status":"publish","type":"page","link":"https:\/\/www.lirapopular.cl\/lirapopularxix\/detenidos-los-autores-del-crimen-del-cementerio\/","title":{"rendered":"Detenidos los autores del crimen del Cementerio No. 2 <br>se trata de la esposa de Galindo Perez Inostroza, Guillermina Martinez <br>una hijastra de esta y un individuo de apellido SUAZO"},"content":{"rendered":"\n<div class=\"wp-block-image\"><figure class=\"alignright size-medium\"><a href=\"https:\/\/www.lirapopular.cl\/lirapopularxix\/wp-content\/uploads\/2021\/10\/LO0012313.jpg\"><img loading=\"lazy\" decoding=\"async\" width=\"198\" height=\"300\" src=\"https:\/\/www.lirapopular.cl\/lirapopularxix\/wp-content\/uploads\/2021\/10\/LO0012313-198x300.jpg\" alt=\"\" class=\"wp-image-25551\" srcset=\"https:\/\/www.lirapopular.cl\/lirapopularxix\/wp-content\/uploads\/2021\/10\/LO0012313-198x300.jpg 198w, https:\/\/www.lirapopular.cl\/lirapopularxix\/wp-content\/uploads\/2021\/10\/LO0012313.jpg 659w\" sizes=\"auto, (max-width: 198px) 100vw, 198px\" \/><\/a><figcaption>Archivo de Literatura Oral<br \/>Fondo Rodolfo Lenz<\/figcaption><\/figure><\/div>\n\n\n\n<p>Autor: An\u00f3nimo.<br \/>Impresor: Auka T. T. Rozas 1252. Concep.<br \/>Tama\u00f1o: 34 x 22 cm<br \/>Clasificaci\u00f3n: BN C\u00f3digo:\u00a0LO0012313<\/p>\n\n\n\n<ul class=\"wp-block-list\"><li><a href=\"https:\/\/www.lirapopular.cl\/lirapopularxix\/2021\/10\/30\/homenaje-a-la-humanidad-en-sor-maria-hortensia\/\">Homenaje a la humanidad, en Sor Maria Hortensia, Superiora del Hospital de Schwager fallecida \u00faltimamente<\/a><\/li><li><a href=\"https:\/\/www.lirapopular.cl\/lirapopularxix\/2021\/10\/30\/se-descubre-loshechores\/\">Se descubre los hechores<\/a><\/li><li><a href=\"https:\/\/www.lirapopular.cl\/lirapopularxix\/2021\/10\/30\/necesito-cocinera\/\">Necesito cocinera<\/a><\/li><\/ul>\n\n\n\n<p>Nota: Este ejemplar tiene escrito a mano con l\u00e1piz rojo \u201c-21-\u201d, con l\u00e1piz grafito &#8220;11(458-17)&#8221; y timbre &#8220;BIBLIOTECA NACIONAL SECCION CONTROL&#8221;.<br \/>Documento optimizado digitalmente.<\/p>\n","protected":false},"excerpt":{"rendered":"<p>Autor: An\u00f3nimo.Impresor: Auka T. T. Rozas 1252. Concep.Tama\u00f1o: 34 x 22 cmClasificaci\u00f3n: BN C\u00f3digo:\u00a0LO0012313 Homenaje a la humanidad, en Sor Maria Hortensia, Superiora del Hospital de Schwager fallecida \u00faltimamente Se descubre los hechores Necesito cocinera Nota: Este ejemplar tiene escrito a mano con l\u00e1piz rojo \u201c-21-\u201d, con l\u00e1piz grafito &#8220;11(458-17)&#8221; y timbre &#8220;BIBLIOTECA NACIONAL SECCION [&hellip;]<\/p>\n","protected":false},"author":1,"featured_media":0,"parent":0,"menu_order":0,"comment_status":"closed","ping_status":"closed","template":"","meta":{"footnotes":""},"class_list":["post-25550","page","type-page","status-publish","hentry"],"jetpack_sharing_enabled":true,"_links":{"self":[{"href":"https:\/\/www.lirapopular.cl\/lirapopularxix\/wp-json\/wp\/v2\/pages\/25550","targetHints":{"allow":["GET"]}}],"collection":[{"href":"https:\/\/www.lirapopular.cl\/lirapopularxix\/wp-json\/wp\/v2\/pages"}],"about":[{"href":"https:\/\/www.lirapopular.cl\/lirapopularxix\/wp-json\/wp\/v2\/types\/page"}],"author":[{"embeddable":true,"href":"https:\/\/www.lirapopular.cl\/lirapopularxix\/wp-json\/wp\/v2\/users\/1"}],"replies":[{"embeddable":true,"href":"https:\/\/www.lirapopular.cl\/lirapopularxix\/wp-json\/wp\/v2\/comments?post=25550"}],"version-history":[{"count":0,"href":"https:\/\/www.lirapopular.cl\/lirapopularxix\/wp-json\/wp\/v2\/pages\/25550\/revisions"}],"wp:attachment":[{"href":"https:\/\/www.lirapopular.cl\/lirapopularxix\/wp-json\/wp\/v2\/media?parent=25550"}],"curies":[{"name":"wp","href":"https:\/\/api.w.org\/{rel}","templated":true}]}}