{"id":25503,"date":"2021-10-29T18:10:14","date_gmt":"2021-10-29T22:10:14","guid":{"rendered":"https:\/\/www.lirapopular.cl\/lirapopularxix\/?page_id=25503"},"modified":"2021-10-29T18:10:14","modified_gmt":"2021-10-29T22:10:14","slug":"cantares-al-pueblo","status":"publish","type":"page","link":"https:\/\/www.lirapopular.cl\/lirapopularxix\/cantares-al-pueblo\/","title":{"rendered":"CANTARES AL PUEBLO"},"content":{"rendered":"\n<div class=\"wp-block-image\"><figure class=\"alignright size-medium\"><a href=\"https:\/\/www.lirapopular.cl\/lirapopularxix\/wp-content\/uploads\/2021\/10\/LO0012271.jpg\"><img loading=\"lazy\" decoding=\"async\" width=\"196\" height=\"300\" src=\"https:\/\/www.lirapopular.cl\/lirapopularxix\/wp-content\/uploads\/2021\/10\/LO0012271-196x300.jpg\" alt=\"\" class=\"wp-image-25505\" srcset=\"https:\/\/www.lirapopular.cl\/lirapopularxix\/wp-content\/uploads\/2021\/10\/LO0012271-196x300.jpg 196w, https:\/\/www.lirapopular.cl\/lirapopularxix\/wp-content\/uploads\/2021\/10\/LO0012271.jpg 654w\" sizes=\"auto, (max-width: 196px) 100vw, 196px\" \/><\/a><figcaption>Archivo de Literatura Oral<br \/>Fondo Rodolfo Lenz<\/figcaption><\/figure><\/div>\n\n\n\n<p>Autor: Justo Claro Canto. Poeta Popular<br \/>Impresor: Imp. El Comercio<br \/>Tama\u00f1o: 28 x 18 cm<br \/>Clasificaci\u00f3n: BN C\u00f3digo:&nbsp;LO0012271<\/p>\n\n\n\n<ul class=\"wp-block-list\"><li><a href=\"https:\/\/www.lirapopular.cl\/lirapopularxix\/2021\/10\/29\/cantares-al-pueblo\/\">Cantares del pueblo<\/a><\/li><\/ul>\n\n\n\n<p>Nota: El documento se refiere a la elecci\u00f3n presidencial de 1932.<br \/>Este ejemplar tiene escrito a mano con l\u00e1piz rojo \u201c484\u201d, con l\u00e1piz grafito &#8220;11(458-17)&#8221;, &#8220;18&#8221;. <br \/>Documento optimizado digitalmente.<\/p>\n","protected":false},"excerpt":{"rendered":"<p>Autor: Justo Claro Canto. Poeta PopularImpresor: Imp. El ComercioTama\u00f1o: 28 x 18 cmClasificaci\u00f3n: BN C\u00f3digo:&nbsp;LO0012271 Cantares del pueblo Nota: El documento se refiere a la elecci\u00f3n presidencial de 1932.Este ejemplar tiene escrito a mano con l\u00e1piz rojo \u201c484\u201d, con l\u00e1piz grafito &#8220;11(458-17)&#8221;, &#8220;18&#8221;. Documento optimizado digitalmente.<\/p>\n","protected":false},"author":1,"featured_media":0,"parent":0,"menu_order":0,"comment_status":"closed","ping_status":"closed","template":"","meta":{"footnotes":""},"class_list":["post-25503","page","type-page","status-publish","hentry"],"jetpack_sharing_enabled":true,"_links":{"self":[{"href":"https:\/\/www.lirapopular.cl\/lirapopularxix\/wp-json\/wp\/v2\/pages\/25503","targetHints":{"allow":["GET"]}}],"collection":[{"href":"https:\/\/www.lirapopular.cl\/lirapopularxix\/wp-json\/wp\/v2\/pages"}],"about":[{"href":"https:\/\/www.lirapopular.cl\/lirapopularxix\/wp-json\/wp\/v2\/types\/page"}],"author":[{"embeddable":true,"href":"https:\/\/www.lirapopular.cl\/lirapopularxix\/wp-json\/wp\/v2\/users\/1"}],"replies":[{"embeddable":true,"href":"https:\/\/www.lirapopular.cl\/lirapopularxix\/wp-json\/wp\/v2\/comments?post=25503"}],"version-history":[{"count":0,"href":"https:\/\/www.lirapopular.cl\/lirapopularxix\/wp-json\/wp\/v2\/pages\/25503\/revisions"}],"wp:attachment":[{"href":"https:\/\/www.lirapopular.cl\/lirapopularxix\/wp-json\/wp\/v2\/media?parent=25503"}],"curies":[{"name":"wp","href":"https:\/\/api.w.org\/{rel}","templated":true}]}}