{"id":25484,"date":"2021-10-29T16:04:15","date_gmt":"2021-10-29T20:04:15","guid":{"rendered":"https:\/\/www.lirapopular.cl\/lirapopularxix\/?page_id=25484"},"modified":"2021-10-29T16:04:15","modified_gmt":"2021-10-29T20:04:15","slug":"caida-de-un-rayo-nueve-victimas","status":"publish","type":"page","link":"https:\/\/www.lirapopular.cl\/lirapopularxix\/caida-de-un-rayo-nueve-victimas\/","title":{"rendered":"CAIDA DE UN RAYO, NUEVE VICTIMAS"},"content":{"rendered":"\n<div class=\"wp-block-image\"><figure class=\"alignright size-medium\"><a href=\"https:\/\/www.lirapopular.cl\/lirapopularxix\/wp-content\/uploads\/2021\/10\/LO0012102.jpg\"><img loading=\"lazy\" decoding=\"async\" width=\"206\" height=\"300\" src=\"https:\/\/www.lirapopular.cl\/lirapopularxix\/wp-content\/uploads\/2021\/10\/LO0012102-206x300.jpg\" alt=\"\" class=\"wp-image-25487\" srcset=\"https:\/\/www.lirapopular.cl\/lirapopularxix\/wp-content\/uploads\/2021\/10\/LO0012102-206x300.jpg 206w, https:\/\/www.lirapopular.cl\/lirapopularxix\/wp-content\/uploads\/2021\/10\/LO0012102.jpg 686w\" sizes=\"auto, (max-width: 206px) 100vw, 206px\" \/><\/a><figcaption>Archivo de Literatura Oral<br \/>Fondo Rodolfo Lenz<\/figcaption><\/figure><\/div>\n\n\n\n<p>Autor: Juan Bautista Peralta. Calle Huemul 34.<br \/>Impresor: 18,037 \u2014 Imp. C.<br \/>Tama\u00f1o: 55 x 38 cm<br \/>Clasificaci\u00f3n: BN C\u00f3digo:\u00a0LO0012102<\/p>\n\n\n\n<ul class=\"wp-block-list\"><li><a href=\"https:\/\/www.lirapopular.cl\/lirapopularxix\/2021\/10\/29\/caida-de-un-rayonueve-victimas\/\">Ca\u00edda de un rayo. Nueve v\u00edctimas<\/a><\/li><li><a href=\"https:\/\/www.lirapopular.cl\/lirapopularxix\/2021\/10\/29\/en-favor-de-la-industrianacionalel-gran-meeting-del-domingo\/\">En favor de la industria nacional. El gran meeting del domingo<\/a><\/li><li><a href=\"https:\/\/www.lirapopular.cl\/lirapopularxix\/2021\/10\/29\/acalorada-polemicaentre-un-reyista-i-un-erra-zurista\/\">Acalorada pol\u00e9mica entre un reyista y un errazurista<\/a><\/li><li><a href=\"https:\/\/www.lirapopular.cl\/lirapopularxix\/2021\/10\/29\/los-acontecimientos-de-una-noche-de-cena-versos-por-la-pasion\/\">Los acontecimientos de una noche de cena. Versos por la Pasi\u00f3n<\/a><\/li><li><a href=\"https:\/\/www.lirapopular.cl\/lirapopularxix\/2021\/10\/29\/lo-que-le-paso-al-popularen-un-casamiento\/\">Lo que le pas\u00f3 al popular en un casamiento<\/a><\/li><\/ul>\n\n\n\n<p>Nota: Este ejemplar tiene escrito a mano con l\u00e1piz rojo \u201c-10-\u201d, con un timbre &#8220;0243&#8221;, con l\u00e1piz grafito &#8220;+&#8221;, &#8220;6&#8221;, &#8220;1896&#8221; y correcci\u00f3n ortogr\u00e1fica &#8220;\/c&#8221;.<br \/>Documento optimizado digitalmente. <\/p>\n","protected":false},"excerpt":{"rendered":"<p>Autor: Juan Bautista Peralta. Calle Huemul 34.Impresor: 18,037 \u2014 Imp. C.Tama\u00f1o: 55 x 38 cmClasificaci\u00f3n: BN C\u00f3digo:\u00a0LO0012102 Ca\u00edda de un rayo. Nueve v\u00edctimas En favor de la industria nacional. El gran meeting del domingo Acalorada pol\u00e9mica entre un reyista y un errazurista Los acontecimientos de una noche de cena. Versos por la Pasi\u00f3n Lo que [&hellip;]<\/p>\n","protected":false},"author":1,"featured_media":0,"parent":0,"menu_order":0,"comment_status":"closed","ping_status":"closed","template":"","meta":{"footnotes":""},"class_list":["post-25484","page","type-page","status-publish","hentry"],"jetpack_sharing_enabled":true,"_links":{"self":[{"href":"https:\/\/www.lirapopular.cl\/lirapopularxix\/wp-json\/wp\/v2\/pages\/25484","targetHints":{"allow":["GET"]}}],"collection":[{"href":"https:\/\/www.lirapopular.cl\/lirapopularxix\/wp-json\/wp\/v2\/pages"}],"about":[{"href":"https:\/\/www.lirapopular.cl\/lirapopularxix\/wp-json\/wp\/v2\/types\/page"}],"author":[{"embeddable":true,"href":"https:\/\/www.lirapopular.cl\/lirapopularxix\/wp-json\/wp\/v2\/users\/1"}],"replies":[{"embeddable":true,"href":"https:\/\/www.lirapopular.cl\/lirapopularxix\/wp-json\/wp\/v2\/comments?post=25484"}],"version-history":[{"count":0,"href":"https:\/\/www.lirapopular.cl\/lirapopularxix\/wp-json\/wp\/v2\/pages\/25484\/revisions"}],"wp:attachment":[{"href":"https:\/\/www.lirapopular.cl\/lirapopularxix\/wp-json\/wp\/v2\/media?parent=25484"}],"curies":[{"name":"wp","href":"https:\/\/api.w.org\/{rel}","templated":true}]}}