{"id":25430,"date":"2021-10-28T19:54:09","date_gmt":"2021-10-28T23:54:09","guid":{"rendered":"https:\/\/www.lirapopular.cl\/lirapopularxix\/?page_id=25430"},"modified":"2021-10-28T19:54:09","modified_gmt":"2021-10-28T23:54:09","slug":"alma-popular","status":"publish","type":"page","link":"https:\/\/www.lirapopular.cl\/lirapopularxix\/alma-popular\/","title":{"rendered":"ALMA POPULAR <br> Precio 20 centavos <br>Se descubre el Compl\u00f3t Revolucionario"},"content":{"rendered":"\n<div class=\"wp-block-image\"><figure class=\"alignright size-medium\"><a href=\"https:\/\/www.lirapopular.cl\/lirapopularxix\/wp-content\/uploads\/2021\/10\/LO0012300.jpg\"><img loading=\"lazy\" decoding=\"async\" width=\"207\" height=\"300\" src=\"https:\/\/www.lirapopular.cl\/lirapopularxix\/wp-content\/uploads\/2021\/10\/LO0012300-207x300.jpg\" alt=\"\" class=\"wp-image-25433\" srcset=\"https:\/\/www.lirapopular.cl\/lirapopularxix\/wp-content\/uploads\/2021\/10\/LO0012300-207x300.jpg 207w, https:\/\/www.lirapopular.cl\/lirapopularxix\/wp-content\/uploads\/2021\/10\/LO0012300.jpg 690w\" sizes=\"auto, (max-width: 207px) 100vw, 207px\" \/><\/a><figcaption>Archivo de Literatura Oral<br \/>Fondo Rodolfo Lenz<\/figcaption><\/figure><\/div>\n\n\n\n<p>Autor: An\u00f3nimo.<br \/>Impresor: Imp. V. Varela.\u2014 Conferencia 966. Stgo.<br \/>Tama\u00f1o: 37 x 26 cm<br \/>Clasificaci\u00f3n: BN C\u00f3digo:\u00a0LO0012300<\/p>\n\n\n\n<ul class=\"wp-block-list\"><li><a href=\"https:\/\/www.lirapopular.cl\/lirapopularxix\/2021\/10\/29\/oficialmente-sedenuncia-eldescubrimiento-de-unaconspiracion-revolucionaria\/\">Oficialmente se denuncia el descubrimiento de una conspiracion revolucionaria<\/a><\/li><li><a href=\"https:\/\/www.lirapopular.cl\/lirapopularxix\/2021\/10\/29\/al-publico-en-jeneral\/\">Al p\u00fablico en general<\/a><\/li><li><a href=\"https:\/\/www.lirapopular.cl\/lirapopularxix\/2021\/10\/29\/ultimos-momentosdel-reo-francisco-manri-quez-antes-de-ser-fusilado\/\">Ultimos momentos del reo Francisco Manriquez, antes de ser fusilado<\/a><\/li><li><a href=\"https:\/\/www.lirapopular.cl\/lirapopularxix\/2021\/10\/29\/cancion-delajusticiadoapoteosis\/\">Canci\u00f3n del ajusticiado. Apoteosis final del reo Francisco Manriquez que fu\u00e9 fusilado (con m\u00fasica Tango Ladrillo)<\/a><\/li><li><a href=\"https:\/\/www.lirapopular.cl\/lirapopularxix\/2021\/10\/29\/un-fenomeno-hallado-en-valparaiso\/\">Un fen\u00f3meno hallado en Valparaiso. Una yegua pari\u00f3 un potrillo, la mitad burro y la mitad caballo<\/a><\/li><\/ul>\n\n\n\n<p>N. de la R. Pedidos por mayor y menor a Victorino Varela S. Conferencia 966 Santiago Tel\u00e9fono 83317<br \/>Nota: Este documento fue publicado a inicios de la d\u00e9cada de 1930.<br \/>Este ejemplar tiene escrito a mano con l\u00e1piz rojo \u201c-8-\u201d, con l\u00e1piz azul &#8220;11(458-17)21 y dos timbres de Biblioteca Nacional.<br \/>Documento optimizado digitalmente.<\/p>\n","protected":false},"excerpt":{"rendered":"<p>Autor: An\u00f3nimo.Impresor: Imp. V. Varela.\u2014 Conferencia 966. Stgo.Tama\u00f1o: 37 x 26 cmClasificaci\u00f3n: BN C\u00f3digo:\u00a0LO0012300 Oficialmente se denuncia el descubrimiento de una conspiracion revolucionaria Al p\u00fablico en general Ultimos momentos del reo Francisco Manriquez, antes de ser fusilado Canci\u00f3n del ajusticiado. Apoteosis final del reo Francisco Manriquez que fu\u00e9 fusilado (con m\u00fasica Tango Ladrillo) Un fen\u00f3meno [&hellip;]<\/p>\n","protected":false},"author":1,"featured_media":0,"parent":0,"menu_order":0,"comment_status":"closed","ping_status":"closed","template":"","meta":{"footnotes":""},"class_list":["post-25430","page","type-page","status-publish","hentry"],"jetpack_sharing_enabled":true,"_links":{"self":[{"href":"https:\/\/www.lirapopular.cl\/lirapopularxix\/wp-json\/wp\/v2\/pages\/25430","targetHints":{"allow":["GET"]}}],"collection":[{"href":"https:\/\/www.lirapopular.cl\/lirapopularxix\/wp-json\/wp\/v2\/pages"}],"about":[{"href":"https:\/\/www.lirapopular.cl\/lirapopularxix\/wp-json\/wp\/v2\/types\/page"}],"author":[{"embeddable":true,"href":"https:\/\/www.lirapopular.cl\/lirapopularxix\/wp-json\/wp\/v2\/users\/1"}],"replies":[{"embeddable":true,"href":"https:\/\/www.lirapopular.cl\/lirapopularxix\/wp-json\/wp\/v2\/comments?post=25430"}],"version-history":[{"count":0,"href":"https:\/\/www.lirapopular.cl\/lirapopularxix\/wp-json\/wp\/v2\/pages\/25430\/revisions"}],"wp:attachment":[{"href":"https:\/\/www.lirapopular.cl\/lirapopularxix\/wp-json\/wp\/v2\/media?parent=25430"}],"curies":[{"name":"wp","href":"https:\/\/api.w.org\/{rel}","templated":true}]}}