{"id":25291,"date":"2021-10-27T17:05:40","date_gmt":"2021-10-27T21:05:40","guid":{"rendered":"https:\/\/www.lirapopular.cl\/lirapopularxix\/?page_id=25291"},"modified":"2021-10-27T17:05:40","modified_gmt":"2021-10-27T21:05:40","slug":"versos-cantos-y-ecos-de-amor","status":"publish","type":"page","link":"https:\/\/www.lirapopular.cl\/lirapopularxix\/versos-cantos-y-ecos-de-amor\/","title":{"rendered":"Versos, cantos y ecos de AMOR. Canciones, suspiros y Ecos del Alma"},"content":{"rendered":"\n<div class=\"wp-block-image\"><figure class=\"alignright size-medium\"><a href=\"https:\/\/www.lirapopular.cl\/lirapopularxix\/wp-content\/uploads\/2021\/10\/LO0012672.jpg\"><img loading=\"lazy\" decoding=\"async\" width=\"222\" height=\"300\" src=\"https:\/\/www.lirapopular.cl\/lirapopularxix\/wp-content\/uploads\/2021\/10\/LO0012672-222x300.jpg\" alt=\"\" class=\"wp-image-25294\" srcset=\"https:\/\/www.lirapopular.cl\/lirapopularxix\/wp-content\/uploads\/2021\/10\/LO0012672-222x300.jpg 222w, https:\/\/www.lirapopular.cl\/lirapopularxix\/wp-content\/uploads\/2021\/10\/LO0012672.jpg 740w\" sizes=\"auto, (max-width: 222px) 100vw, 222px\" \/><\/a><figcaption>Archivo de Literatura Oral<br \/>Colecci\u00f3n Alamiro de \u00c1vila<\/figcaption><\/figure><\/div>\n\n\n\n<p>Autor: An\u00f3nimo. La colecci\u00f3n completa de estos versos se venden Imp. Nacional, Victoria 30 a 5 cts ejemplar, de ciento 2 pesos 50. SERIE NUMERO UNO (111111)<br \/>Impresor: Sin informaci\u00f3n<br \/>Tama\u00f1o: 45 x 33 cm<br \/>Clasificaci\u00f3n: BN C\u00f3digo:\u00a0LO0012672<\/p>\n\n\n\n<ul class=\"wp-block-list\"><li><a href=\"https:\/\/www.lirapopular.cl\/lirapopularxix\/2021\/10\/27\/las-violetasvalse\/\">Las violetas. Vals<\/a><\/li><li><a href=\"https:\/\/www.lirapopular.cl\/lirapopularxix\/2021\/10\/27\/carta-de-amor-9\/\">Carta de amor<\/a><\/li><li><a href=\"https:\/\/www.lirapopular.cl\/lirapopularxix\/2021\/10\/27\/zamacueca-4\/\">Zama-cueca<\/a><\/li><li><a href=\"https:\/\/www.lirapopular.cl\/lirapopularxix\/2021\/10\/27\/tonada-4\/\">Tonada<\/a><\/li><li><a href=\"https:\/\/www.lirapopular.cl\/lirapopularxix\/2021\/10\/27\/resfalosa\/\">Resfalosa<\/a><\/li><li><a href=\"https:\/\/www.lirapopular.cl\/lirapopularxix\/2021\/10\/27\/la-estrella-de-venus\/\">La estrella de Venus<\/a><\/li><li><a href=\"https:\/\/www.lirapopular.cl\/lirapopularxix\/2021\/10\/27\/la-viuda\/\">La viuda<\/a><\/li><li><a href=\"https:\/\/www.lirapopular.cl\/lirapopularxix\/2021\/10\/27\/brindis-baquico\/\">Brindis b\u00e1quico<\/a><\/li><li><a href=\"https:\/\/www.lirapopular.cl\/lirapopularxix\/2021\/10\/27\/lamentos\/\">Lamentos<\/a><\/li><li><a href=\"https:\/\/www.lirapopular.cl\/lirapopularxix\/2021\/10\/27\/consuelo\/\">Consuelo<\/a><\/li><\/ul>\n\n\n\n<p>Nota: Este ejemplar tiene escrito a mano con plum\u00f3n \u201c346\u201d. Por el reverso con bol\u00edgrafo &#8220;275&#8221;.<br \/>Documento optimizado digitalmente.<\/p>\n","protected":false},"excerpt":{"rendered":"<p>Autor: An\u00f3nimo. La colecci\u00f3n completa de estos versos se venden Imp. Nacional, Victoria 30 a 5 cts ejemplar, de ciento 2 pesos 50. SERIE NUMERO UNO (111111)Impresor: Sin informaci\u00f3nTama\u00f1o: 45 x 33 cmClasificaci\u00f3n: BN C\u00f3digo:\u00a0LO0012672 Las violetas. Vals Carta de amor Zama-cueca Tonada Resfalosa La estrella de Venus La viuda Brindis b\u00e1quico Lamentos Consuelo Nota: [&hellip;]<\/p>\n","protected":false},"author":1,"featured_media":0,"parent":0,"menu_order":0,"comment_status":"closed","ping_status":"closed","template":"","meta":{"footnotes":""},"class_list":["post-25291","page","type-page","status-publish","hentry"],"jetpack_sharing_enabled":true,"_links":{"self":[{"href":"https:\/\/www.lirapopular.cl\/lirapopularxix\/wp-json\/wp\/v2\/pages\/25291","targetHints":{"allow":["GET"]}}],"collection":[{"href":"https:\/\/www.lirapopular.cl\/lirapopularxix\/wp-json\/wp\/v2\/pages"}],"about":[{"href":"https:\/\/www.lirapopular.cl\/lirapopularxix\/wp-json\/wp\/v2\/types\/page"}],"author":[{"embeddable":true,"href":"https:\/\/www.lirapopular.cl\/lirapopularxix\/wp-json\/wp\/v2\/users\/1"}],"replies":[{"embeddable":true,"href":"https:\/\/www.lirapopular.cl\/lirapopularxix\/wp-json\/wp\/v2\/comments?post=25291"}],"version-history":[{"count":0,"href":"https:\/\/www.lirapopular.cl\/lirapopularxix\/wp-json\/wp\/v2\/pages\/25291\/revisions"}],"wp:attachment":[{"href":"https:\/\/www.lirapopular.cl\/lirapopularxix\/wp-json\/wp\/v2\/media?parent=25291"}],"curies":[{"name":"wp","href":"https:\/\/api.w.org\/{rel}","templated":true}]}}