{"id":25271,"date":"2021-10-27T08:36:47","date_gmt":"2021-10-27T12:36:47","guid":{"rendered":"https:\/\/www.lirapopular.cl\/lirapopularxix\/?page_id=25271"},"modified":"2021-10-27T08:36:47","modified_gmt":"2021-10-27T12:36:47","slug":"versos-a-la-llegada-de-los-brasileros","status":"publish","type":"page","link":"https:\/\/www.lirapopular.cl\/lirapopularxix\/versos-a-la-llegada-de-los-brasileros\/","title":{"rendered":"Versos \u00e1 la llegada de los BRASILEROS"},"content":{"rendered":"<div class=\"wp-block-image\">\n<figure class=\"alignright size-medium\"><a href=\"https:\/\/www.lirapopular.cl\/lirapopularxix\/wp-content\/uploads\/2021\/10\/LO0012659.jpg\"><img loading=\"lazy\" decoding=\"async\" width=\"222\" height=\"300\" src=\"https:\/\/www.lirapopular.cl\/lirapopularxix\/wp-content\/uploads\/2021\/10\/LO0012659-222x300.jpg\" alt=\"\" class=\"wp-image-25277\" srcset=\"https:\/\/www.lirapopular.cl\/lirapopularxix\/wp-content\/uploads\/2021\/10\/LO0012659-222x300.jpg 222w, https:\/\/www.lirapopular.cl\/lirapopularxix\/wp-content\/uploads\/2021\/10\/LO0012659.jpg 740w\" sizes=\"auto, (max-width: 222px) 100vw, 222px\" \/><\/a><figcaption>Archivo de Literatura Oral<br \/>Colecci\u00f3n Alamiro de \u00c1vila<\/figcaption><\/figure>\n<\/div>\n\n\n<p>Autor: L\u00e1zaro Salgado [Reyes].<br \/>Impresor: Sin informaci\u00f3n<br \/>Tama\u00f1o: 51 x 38 cm<br \/>Clasificaci\u00f3n: BN C\u00f3digo:&nbsp;LO0012659<\/p>\n\n\n\n<ul class=\"wp-block-list\"><li><a href=\"https:\/\/www.lirapopular.cl\/lirapopularxix\/2021\/10\/27\/alarmado-chile-entero\/\">Alarmado Chile entero<\/a><\/li><li><a href=\"https:\/\/www.lirapopular.cl\/lirapopularxix\/2021\/10\/27\/se-uniran-las-dos-banderas\/\">Se unir\u00e1n las dos banderas<\/a><\/li><li><a href=\"https:\/\/www.lirapopular.cl\/lirapopularxix\/2021\/10\/27\/chile-esta-tierra-mas-bella\/\">Chile esta tierra mas bella<\/a><\/li><li><a href=\"https:\/\/www.lirapopular.cl\/lirapopularxix\/2021\/10\/27\/mamita-quiero-casarme\/\">Mamita quiero casarme<\/a><\/li><li><a href=\"https:\/\/www.lirapopular.cl\/lirapopularxix\/2021\/10\/27\/brindo-por-ese-apostolico\/\">Brindo por ese apost\u00f3lico<\/a><\/li><\/ul>\n\n\n\n<p>Nota: La B.N. data esta lira en 1903, su autor es L\u00e1zaro Liborio Salgado Reyes.<br \/>Los versos no tienen t\u00edtulo, usamos su primera l\u00ednea.<br \/>Este ejemplar tiene escrito a mano con plum\u00f3n \u201c484\u201d. Por el reverso sobre una etiqueta &#8220;22&#8221;.<br \/>Documento optimizado digitalmente.<\/p>\n","protected":false},"excerpt":{"rendered":"<p>Autor: L\u00e1zaro Salgado [Reyes].Impresor: Sin informaci\u00f3nTama\u00f1o: 51 x 38 cmClasificaci\u00f3n: BN C\u00f3digo:&nbsp;LO0012659 Alarmado Chile entero Se unir\u00e1n las dos banderas Chile esta tierra mas bella Mamita quiero casarme Brindo por ese apost\u00f3lico Nota: La B.N. data esta lira en 1903, su autor es L\u00e1zaro Liborio Salgado Reyes.Los versos no tienen t\u00edtulo, usamos su primera l\u00ednea.Este [&hellip;]<\/p>\n","protected":false},"author":1,"featured_media":0,"parent":0,"menu_order":0,"comment_status":"closed","ping_status":"closed","template":"","meta":{"footnotes":""},"class_list":["post-25271","page","type-page","status-publish","hentry"],"jetpack_sharing_enabled":true,"_links":{"self":[{"href":"https:\/\/www.lirapopular.cl\/lirapopularxix\/wp-json\/wp\/v2\/pages\/25271","targetHints":{"allow":["GET"]}}],"collection":[{"href":"https:\/\/www.lirapopular.cl\/lirapopularxix\/wp-json\/wp\/v2\/pages"}],"about":[{"href":"https:\/\/www.lirapopular.cl\/lirapopularxix\/wp-json\/wp\/v2\/types\/page"}],"author":[{"embeddable":true,"href":"https:\/\/www.lirapopular.cl\/lirapopularxix\/wp-json\/wp\/v2\/users\/1"}],"replies":[{"embeddable":true,"href":"https:\/\/www.lirapopular.cl\/lirapopularxix\/wp-json\/wp\/v2\/comments?post=25271"}],"version-history":[{"count":0,"href":"https:\/\/www.lirapopular.cl\/lirapopularxix\/wp-json\/wp\/v2\/pages\/25271\/revisions"}],"wp:attachment":[{"href":"https:\/\/www.lirapopular.cl\/lirapopularxix\/wp-json\/wp\/v2\/media?parent=25271"}],"curies":[{"name":"wp","href":"https:\/\/api.w.org\/{rel}","templated":true}]}}