{"id":25248,"date":"2021-10-26T19:44:47","date_gmt":"2021-10-26T23:44:47","guid":{"rendered":"https:\/\/www.lirapopular.cl\/lirapopularxix\/?page_id=25248"},"modified":"2021-10-26T19:44:47","modified_gmt":"2021-10-26T23:44:47","slug":"la-lira-popular-no-81","status":"publish","type":"page","link":"https:\/\/www.lirapopular.cl\/lirapopularxix\/la-lira-popular-no-81\/","title":{"rendered":"La Lira Popular N\u00ba 81<br>Un Templo misterioso"},"content":{"rendered":"\n<div class=\"wp-block-image\"><figure class=\"alignright size-medium\"><a href=\"https:\/\/www.lirapopular.cl\/lirapopularxix\/wp-content\/uploads\/2021\/10\/LO0012531.jpg\"><img loading=\"lazy\" decoding=\"async\" width=\"211\" height=\"300\" src=\"https:\/\/www.lirapopular.cl\/lirapopularxix\/wp-content\/uploads\/2021\/10\/LO0012531-211x300.jpg\" alt=\"\" class=\"wp-image-25253\" srcset=\"https:\/\/www.lirapopular.cl\/lirapopularxix\/wp-content\/uploads\/2021\/10\/LO0012531-211x300.jpg 211w, https:\/\/www.lirapopular.cl\/lirapopularxix\/wp-content\/uploads\/2021\/10\/LO0012531.jpg 704w\" sizes=\"auto, (max-width: 211px) 100vw, 211px\" \/><\/a><figcaption>Archivo de Literatura Oral<br \/>Colecci\u00f3n Alamiro de \u00c1vila<\/figcaption><\/figure><\/div>\n\n\n\n<p>Autor: Juan Bautista Peralta. G\u00e1lvez 521. Es propiedad del autor. \u2014 Se proh\u00edbe la reimpresi\u00f3n de estas poes\u00edas.<br \/>Impresor: Imp. \u00abEl Debate\u00bb \u2014 S. Diego 291<br \/>Tama\u00f1o: 55 x 39 cm<br \/>Clasificaci\u00f3n: BN C\u00f3digo:\u00a0LO0012531<\/p>\n\n\n\n<ul class=\"wp-block-list\"><li><a href=\"https:\/\/www.lirapopular.cl\/lirapopularxix\/2021\/10\/27\/ojo-ojoal-publico-lector\/\">Ojo! Ojo! Al p\u00fablico lector<\/a><\/li><li><a href=\"https:\/\/www.lirapopular.cl\/lirapopularxix\/2021\/10\/27\/un-templo-misterioso-un-yerbatero\/\">Un templo misterioso. Un yerbatero trasformado en sacerdote. Una modesta casa convertida en oratorio. Importantes detalles<\/a><\/li><li><a href=\"https:\/\/www.lirapopular.cl\/lirapopularxix\/2021\/10\/27\/mas-sobre-el-templo-clandestino\/\">M\u00e1s sobre el templo clandestino de la calle de San Diego. Milagros descubiertos. Una virjen que da plata. C\u00e1nticos e inscripciones significativas<\/a><\/li><li><a href=\"https:\/\/www.lirapopular.cl\/lirapopularxix\/2021\/10\/27\/verso-sobre-el-partenon\/\">Verso sobre el Parten\u00f3n<\/a><\/li><li><a href=\"https:\/\/www.lirapopular.cl\/lirapopularxix\/2021\/10\/27\/versos-por-el-apocalipsisrevelaciones-capitulo-i-delx-al-xx\/\">Versos por el apocalipsis, Revelaciones, cap\u00edtulos I, del X al XX<\/a><\/li><li><a href=\"https:\/\/www.lirapopular.cl\/lirapopularxix\/2021\/10\/27\/desesperacioni-muerte-de-judas\/\">Desesperaci\u00f3n y muerte de Judas<\/a><\/li><li><a href=\"https:\/\/www.lirapopular.cl\/lirapopularxix\/2021\/10\/27\/carta-de-una-ninaa-su-novio-2\/\">Carta de una ni\u00f1a a su novio<\/a><\/li><\/ul>\n\n\n\n<p>Nota: Este ejemplar tiene escrito a mano con plum\u00f3n \u201c205\u201d. Por el reverso con bol\u00edgrafo &#8220;180&#8221;.<br \/>Documento optimizado digitalmente.<\/p>\n","protected":false},"excerpt":{"rendered":"<p>Autor: Juan Bautista Peralta. G\u00e1lvez 521. Es propiedad del autor. \u2014 Se proh\u00edbe la reimpresi\u00f3n de estas poes\u00edas.Impresor: Imp. \u00abEl Debate\u00bb \u2014 S. Diego 291Tama\u00f1o: 55 x 39 cmClasificaci\u00f3n: BN C\u00f3digo:\u00a0LO0012531 Ojo! Ojo! Al p\u00fablico lector Un templo misterioso. Un yerbatero trasformado en sacerdote. Una modesta casa convertida en oratorio. Importantes detalles M\u00e1s sobre el [&hellip;]<\/p>\n","protected":false},"author":1,"featured_media":0,"parent":0,"menu_order":0,"comment_status":"closed","ping_status":"closed","template":"","meta":{"footnotes":""},"class_list":["post-25248","page","type-page","status-publish","hentry"],"jetpack_sharing_enabled":true,"_links":{"self":[{"href":"https:\/\/www.lirapopular.cl\/lirapopularxix\/wp-json\/wp\/v2\/pages\/25248","targetHints":{"allow":["GET"]}}],"collection":[{"href":"https:\/\/www.lirapopular.cl\/lirapopularxix\/wp-json\/wp\/v2\/pages"}],"about":[{"href":"https:\/\/www.lirapopular.cl\/lirapopularxix\/wp-json\/wp\/v2\/types\/page"}],"author":[{"embeddable":true,"href":"https:\/\/www.lirapopular.cl\/lirapopularxix\/wp-json\/wp\/v2\/users\/1"}],"replies":[{"embeddable":true,"href":"https:\/\/www.lirapopular.cl\/lirapopularxix\/wp-json\/wp\/v2\/comments?post=25248"}],"version-history":[{"count":0,"href":"https:\/\/www.lirapopular.cl\/lirapopularxix\/wp-json\/wp\/v2\/pages\/25248\/revisions"}],"wp:attachment":[{"href":"https:\/\/www.lirapopular.cl\/lirapopularxix\/wp-json\/wp\/v2\/media?parent=25248"}],"curies":[{"name":"wp","href":"https:\/\/api.w.org\/{rel}","templated":true}]}}