{"id":25227,"date":"2021-10-26T16:49:54","date_gmt":"2021-10-26T20:49:54","guid":{"rendered":"https:\/\/www.lirapopular.cl\/lirapopularxix\/?page_id=25227"},"modified":"2021-10-26T16:49:54","modified_gmt":"2021-10-26T20:49:54","slug":"un-sarjento-asesino-a-un-cabo","status":"publish","type":"page","link":"https:\/\/www.lirapopular.cl\/lirapopularxix\/un-sarjento-asesino-a-un-cabo\/","title":{"rendered":"Un Sarjento asesin\u00f3 \u00e1 un Cabo en Antofagasta <br>UN CUYANO <br>asesin\u00f3 a un Guardian en Talagante de un balazo"},"content":{"rendered":"\n<div class=\"wp-block-image\"><figure class=\"alignright size-medium\"><a href=\"https:\/\/www.lirapopular.cl\/lirapopularxix\/wp-content\/uploads\/2021\/10\/LO0012564.jpg\"><img loading=\"lazy\" decoding=\"async\" width=\"219\" height=\"300\" src=\"https:\/\/www.lirapopular.cl\/lirapopularxix\/wp-content\/uploads\/2021\/10\/LO0012564-219x300.jpg\" alt=\"\" class=\"wp-image-25232\" srcset=\"https:\/\/www.lirapopular.cl\/lirapopularxix\/wp-content\/uploads\/2021\/10\/LO0012564-219x300.jpg 219w, https:\/\/www.lirapopular.cl\/lirapopularxix\/wp-content\/uploads\/2021\/10\/LO0012564.jpg 731w\" sizes=\"auto, (max-width: 219px) 100vw, 219px\" \/><\/a><figcaption>Archivo de Literatura Oral<br \/>Colecci\u00f3n Alamiro de \u00c1vila<\/figcaption><\/figure><\/div>\n\n\n\n<p>Autor: Desiderio Parra, poeta costino.<br \/>Impresor: Sin informaci\u00f3n<br \/>Tama\u00f1o: 54 x 39 cm<br \/>Clasificaci\u00f3n: BN C\u00f3digo:\u00a0LO0012564<\/p>\n\n\n\n<ul class=\"wp-block-list\"><li><a href=\"https:\/\/www.lirapopular.cl\/lirapopularxix\/2021\/10\/26\/asesinatoen-antofagasta\/\">Asesinato en Antofagasta<\/a><\/li><li><a href=\"https:\/\/www.lirapopular.cl\/lirapopularxix\/2021\/10\/26\/el-guardianmuerto-por-un-cuyano\/\">El guardi\u00e1n muerto por un cuyano<\/a><\/li><li><a href=\"https:\/\/www.lirapopular.cl\/lirapopularxix\/2021\/10\/26\/proxima-llegadade-los-marinos-brasileros-iarjentinos-a-santiago\/\">Pr\u00f3xima llegada de los marinos brasileros y argentinos a Santiago<\/a><\/li><li><a href=\"https:\/\/www.lirapopular.cl\/lirapopularxix\/2021\/10\/26\/castigode-un-hijo\/\">Castigo de un hijo<\/a><\/li><li><a href=\"https:\/\/www.lirapopular.cl\/lirapopularxix\/2021\/10\/26\/el-pecadorarrepentido\/\">El pecador arrepentido<\/a><\/li><li><a href=\"https:\/\/www.lirapopular.cl\/lirapopularxix\/2021\/10\/26\/amonestacionesde-jesus-al-pecador\/\">Amonestaci\u00f3n de Jes\u00fas al pecador<\/a><\/li><\/ul>\n\n\n\n<p>Nota: Este ejemplar tiene escrito a mano con plum\u00f3n \u201c238\u201d. Por el reverso sobre una etiqueta &#8220;87&#8221;.<br \/>Documento optimizado digitalmente.<\/p>\n","protected":false},"excerpt":{"rendered":"<p>Autor: Desiderio Parra, poeta costino.Impresor: Sin informaci\u00f3nTama\u00f1o: 54 x 39 cmClasificaci\u00f3n: BN C\u00f3digo:\u00a0LO0012564 Asesinato en Antofagasta El guardi\u00e1n muerto por un cuyano Pr\u00f3xima llegada de los marinos brasileros y argentinos a Santiago Castigo de un hijo El pecador arrepentido Amonestaci\u00f3n de Jes\u00fas al pecador Nota: Este ejemplar tiene escrito a mano con plum\u00f3n \u201c238\u201d. Por [&hellip;]<\/p>\n","protected":false},"author":1,"featured_media":0,"parent":0,"menu_order":0,"comment_status":"closed","ping_status":"closed","template":"","meta":{"footnotes":""},"class_list":["post-25227","page","type-page","status-publish","hentry"],"jetpack_sharing_enabled":true,"_links":{"self":[{"href":"https:\/\/www.lirapopular.cl\/lirapopularxix\/wp-json\/wp\/v2\/pages\/25227","targetHints":{"allow":["GET"]}}],"collection":[{"href":"https:\/\/www.lirapopular.cl\/lirapopularxix\/wp-json\/wp\/v2\/pages"}],"about":[{"href":"https:\/\/www.lirapopular.cl\/lirapopularxix\/wp-json\/wp\/v2\/types\/page"}],"author":[{"embeddable":true,"href":"https:\/\/www.lirapopular.cl\/lirapopularxix\/wp-json\/wp\/v2\/users\/1"}],"replies":[{"embeddable":true,"href":"https:\/\/www.lirapopular.cl\/lirapopularxix\/wp-json\/wp\/v2\/comments?post=25227"}],"version-history":[{"count":0,"href":"https:\/\/www.lirapopular.cl\/lirapopularxix\/wp-json\/wp\/v2\/pages\/25227\/revisions"}],"wp:attachment":[{"href":"https:\/\/www.lirapopular.cl\/lirapopularxix\/wp-json\/wp\/v2\/media?parent=25227"}],"curies":[{"name":"wp","href":"https:\/\/api.w.org\/{rel}","templated":true}]}}