{"id":25117,"date":"2021-10-24T15:55:14","date_gmt":"2021-10-24T19:55:14","guid":{"rendered":"https:\/\/www.lirapopular.cl\/lirapopularxix\/?page_id=25117"},"modified":"2021-10-24T15:55:14","modified_gmt":"2021-10-24T19:55:14","slug":"una-madre-asesina-a-sus-dos-hijos","status":"publish","type":"page","link":"https:\/\/www.lirapopular.cl\/lirapopularxix\/una-madre-asesina-a-sus-dos-hijos\/","title":{"rendered":"UNA MADRE ASESINA A SUS DOS HIJOS <br>EL FEN\u00d3MENO DE ANTOFAGASTA"},"content":{"rendered":"\n<div class=\"wp-block-image\"><figure class=\"alignright size-medium\"><a href=\"https:\/\/www.lirapopular.cl\/lirapopularxix\/wp-content\/uploads\/2021\/10\/LO0012451.jpg\"><img loading=\"lazy\" decoding=\"async\" width=\"208\" height=\"300\" src=\"https:\/\/www.lirapopular.cl\/lirapopularxix\/wp-content\/uploads\/2021\/10\/LO0012451-208x300.jpg\" alt=\"\" class=\"wp-image-25118\" srcset=\"https:\/\/www.lirapopular.cl\/lirapopularxix\/wp-content\/uploads\/2021\/10\/LO0012451-208x300.jpg 208w, https:\/\/www.lirapopular.cl\/lirapopularxix\/wp-content\/uploads\/2021\/10\/LO0012451.jpg 693w\" sizes=\"auto, (max-width: 208px) 100vw, 208px\" \/><\/a><figcaption>Archivo de Literatura Oral<br \/>Colecci\u00f3n Alamiro de \u00c1vila<\/figcaption><\/figure><\/div>\n\n\n\n<p>Autor: Juan Bautista Peralta. Calle Huemul 864.<br \/>Impresor: 19,057 .\u2014 Imp: Cerv.<br \/>Tama\u00f1o: 55 x 39 cm<br \/>Clasificaci\u00f3n: BN C\u00f3digo:\u00a0LO0012451, BN C\u00f3digo:\u00a0LO0012126<\/p>\n\n\n\n<ul class=\"wp-block-list\"><li><a href=\"https:\/\/www.lirapopular.cl\/lirapopularxix\/2021\/10\/24\/una-madre-asesinaa-sus-dos-hijosi-ella-misma-se-quita-la-vida\/\">Una madre asesina a sus dos hijos y ella misma se quita la vida<\/a><\/li><li><a href=\"https:\/\/www.lirapopular.cl\/lirapopularxix\/2021\/10\/24\/nacimientode-un-fenomenoen-antofagasta\/\">Nacimiento de un fen\u00f3meno en Antofagasta<\/a><\/li><li><a href=\"https:\/\/www.lirapopular.cl\/lirapopularxix\/2021\/10\/24\/la-situacion-del-pueblo\/\">La situaci\u00f3n del pueblo<\/a><\/li><li><a href=\"https:\/\/www.lirapopular.cl\/lirapopularxix\/2021\/10\/24\/actitud-de-la-democraciaen-el-congreso\/\">Actitud de la democracia en el Congreso<\/a><\/li><li><a href=\"https:\/\/www.lirapopular.cl\/lirapopularxix\/2021\/10\/24\/carta-de-un-pretendientea-su-querida-2\/\">Carta de un pretendiente a su querida<\/a><\/li><li><a href=\"https:\/\/www.lirapopular.cl\/lirapopularxix\/2021\/10\/24\/esquinazo-para-los-santos\/\">Esquinazo para los santos<\/a><\/li><\/ul>\n\n\n\n<p>Nota: El documento utiliza la misma imagen que este atribuido en la Colecci\u00f3n Lira Popular de la Universidad de Chile a Daniel Meneses, <a href=\"https:\/\/www.lirapopular.cl\/lirapopularxix\/terribles-i-grandes-crimenes\/\">ver<\/a>.<br \/>El 1er ejemplar tiene escrito a mano con plum\u00f3n \u201c125\u201d y con l\u00e1piz azul &#8220;6&#8221;.<br \/>El 2\u00ba ejemplar tiene escrito a mano con l\u00e1piz rojo \u201c-34-\u201d, con grafito &#8220;18&#8221; y con un timbre &#8220;0257&#8221;.<br \/>Documentos optimizados digitalmente.<\/p>\n\n\n\n<div class=\"wp-block-image is-style-default\"><figure class=\"alignright size-medium\"><a href=\"https:\/\/www.lirapopular.cl\/lirapopularxix\/wp-content\/uploads\/2021\/11\/LO0012126.jpg\"><img loading=\"lazy\" decoding=\"async\" width=\"208\" height=\"300\" src=\"https:\/\/www.lirapopular.cl\/lirapopularxix\/wp-content\/uploads\/2021\/11\/LO0012126-208x300.jpg\" alt=\"\" class=\"wp-image-26837\" srcset=\"https:\/\/www.lirapopular.cl\/lirapopularxix\/wp-content\/uploads\/2021\/11\/LO0012126-208x300.jpg 208w, https:\/\/www.lirapopular.cl\/lirapopularxix\/wp-content\/uploads\/2021\/11\/LO0012126.jpg 693w\" sizes=\"auto, (max-width: 208px) 100vw, 208px\" \/><\/a><figcaption>Archivo de Literatura Oral<br \/>Fondo Rodolfo Lenz<\/figcaption><\/figure><\/div>\n","protected":false},"excerpt":{"rendered":"<p>Autor: Juan Bautista Peralta. Calle Huemul 864.Impresor: 19,057 .\u2014 Imp: Cerv.Tama\u00f1o: 55 x 39 cmClasificaci\u00f3n: BN C\u00f3digo:\u00a0LO0012451, BN C\u00f3digo:\u00a0LO0012126 Una madre asesina a sus dos hijos y ella misma se quita la vida Nacimiento de un fen\u00f3meno en Antofagasta La situaci\u00f3n del pueblo Actitud de la democracia en el Congreso Carta de un pretendiente a [&hellip;]<\/p>\n","protected":false},"author":1,"featured_media":0,"parent":0,"menu_order":0,"comment_status":"closed","ping_status":"closed","template":"","meta":{"footnotes":""},"class_list":["post-25117","page","type-page","status-publish","hentry"],"jetpack_sharing_enabled":true,"_links":{"self":[{"href":"https:\/\/www.lirapopular.cl\/lirapopularxix\/wp-json\/wp\/v2\/pages\/25117","targetHints":{"allow":["GET"]}}],"collection":[{"href":"https:\/\/www.lirapopular.cl\/lirapopularxix\/wp-json\/wp\/v2\/pages"}],"about":[{"href":"https:\/\/www.lirapopular.cl\/lirapopularxix\/wp-json\/wp\/v2\/types\/page"}],"author":[{"embeddable":true,"href":"https:\/\/www.lirapopular.cl\/lirapopularxix\/wp-json\/wp\/v2\/users\/1"}],"replies":[{"embeddable":true,"href":"https:\/\/www.lirapopular.cl\/lirapopularxix\/wp-json\/wp\/v2\/comments?post=25117"}],"version-history":[{"count":0,"href":"https:\/\/www.lirapopular.cl\/lirapopularxix\/wp-json\/wp\/v2\/pages\/25117\/revisions"}],"wp:attachment":[{"href":"https:\/\/www.lirapopular.cl\/lirapopularxix\/wp-json\/wp\/v2\/media?parent=25117"}],"curies":[{"name":"wp","href":"https:\/\/api.w.org\/{rel}","templated":true}]}}