{"id":25090,"date":"2021-10-23T17:42:51","date_gmt":"2021-10-23T21:42:51","guid":{"rendered":"https:\/\/www.lirapopular.cl\/lirapopularxix\/?page_id=25090"},"modified":"2021-10-23T17:42:51","modified_gmt":"2021-10-23T21:42:51","slug":"la-lira-popular-num-70","status":"publish","type":"page","link":"https:\/\/www.lirapopular.cl\/lirapopularxix\/la-lira-popular-num-70\/","title":{"rendered":"LA LIRA POPULAR N\u00fam. 70 <br>Su Santidad Leon XIII"},"content":{"rendered":"\n<div class=\"wp-block-image\"><figure class=\"alignright size-medium\"><a href=\"https:\/\/www.lirapopular.cl\/lirapopularxix\/wp-content\/uploads\/2021\/10\/LO0012522.jpg\"><img loading=\"lazy\" decoding=\"async\" width=\"207\" height=\"300\" src=\"https:\/\/www.lirapopular.cl\/lirapopularxix\/wp-content\/uploads\/2021\/10\/LO0012522-207x300.jpg\" alt=\"\" class=\"wp-image-25095\" srcset=\"https:\/\/www.lirapopular.cl\/lirapopularxix\/wp-content\/uploads\/2021\/10\/LO0012522-207x300.jpg 207w, https:\/\/www.lirapopular.cl\/lirapopularxix\/wp-content\/uploads\/2021\/10\/LO0012522.jpg 689w\" sizes=\"auto, (max-width: 207px) 100vw, 207px\" \/><\/a><figcaption>Archivo de Literatura Oral<br \/>Colecci\u00f3n Alamiro de \u00c1vila<\/figcaption><\/figure><\/div>\n\n\n\n<p>Autor: Juan Bautista Peralta. San Diego 322. Es propiedad del autor.\u2014Se proh\u00edbe la reimpresi\u00f3n de estas poes\u00edas.<br \/>Impresor: Imp. \u00abEl Debate\u00bb \u2014 S. Diego 291.<br \/>Tama\u00f1o: 56 x 38 cm<br \/>Clasificaci\u00f3n: BN C\u00f3digo:\u00a0LO0012522<\/p>\n\n\n\n<ul class=\"wp-block-list\"><li><a href=\"https:\/\/www.lirapopular.cl\/lirapopularxix\/2021\/10\/24\/los-ultimos-momentos-de-leon-xiii\/\">Los ultimos momentos del Leon XIII. La muerte del pont\u00edfice. Inmenso dolor del pueblo cat\u00f3lico<\/a><\/li><li><a href=\"https:\/\/www.lirapopular.cl\/lirapopularxix\/2021\/10\/24\/sobre-el-fin-de-su-santidad\/\">Sobre el fin de su santidad. Agitaci\u00f3n en Roma. Importantes detalles<\/a><\/li><li><a href=\"https:\/\/www.lirapopular.cl\/lirapopularxix\/2021\/10\/24\/testamento-del-santo-padre\/\">Testamento del Santo Padre (colaboracion por Juana M. Inostroza)<\/a><\/li><li><a href=\"https:\/\/www.lirapopular.cl\/lirapopularxix\/2021\/10\/24\/un-ser-misteriosogran-adivinanza\/\">Un ser misterioso. Gran adivinanza<\/a><\/li><li><a href=\"https:\/\/www.lirapopular.cl\/lirapopularxix\/2021\/10\/24\/verso-por-los-diosesde-la-grecia\/\">Verso por los dioses de la Grecia<\/a><\/li><li><a href=\"https:\/\/www.lirapopular.cl\/lirapopularxix\/2021\/10\/24\/continuacion-del-gran-contrapunto\/\">Continuaci\u00f3n del gran contrapunto entre el huaso, el paco y el sargento. Fin del pleito<\/a><\/li><\/ul>\n\n\n\n<p>Nota: Le\u00f3n XIII muri\u00f3 el 20 de julio de 1903 a los 93 a\u00f1os.<br \/>Este ejemplar tiene escrito a mano con plum\u00f3n \u201c196\u201d. Por el reverso con bol\u00edgrafo &#8220;110&#8221;.<br \/>Documento optimizado digitalmente.<\/p>\n","protected":false},"excerpt":{"rendered":"<p>Autor: Juan Bautista Peralta. San Diego 322. Es propiedad del autor.\u2014Se proh\u00edbe la reimpresi\u00f3n de estas poes\u00edas.Impresor: Imp. \u00abEl Debate\u00bb \u2014 S. Diego 291.Tama\u00f1o: 56 x 38 cmClasificaci\u00f3n: BN C\u00f3digo:\u00a0LO0012522 Los ultimos momentos del Leon XIII. La muerte del pont\u00edfice. Inmenso dolor del pueblo cat\u00f3lico Sobre el fin de su santidad. Agitaci\u00f3n en Roma. Importantes [&hellip;]<\/p>\n","protected":false},"author":1,"featured_media":0,"parent":0,"menu_order":0,"comment_status":"closed","ping_status":"closed","template":"","meta":{"footnotes":""},"class_list":["post-25090","page","type-page","status-publish","hentry"],"jetpack_sharing_enabled":true,"_links":{"self":[{"href":"https:\/\/www.lirapopular.cl\/lirapopularxix\/wp-json\/wp\/v2\/pages\/25090","targetHints":{"allow":["GET"]}}],"collection":[{"href":"https:\/\/www.lirapopular.cl\/lirapopularxix\/wp-json\/wp\/v2\/pages"}],"about":[{"href":"https:\/\/www.lirapopular.cl\/lirapopularxix\/wp-json\/wp\/v2\/types\/page"}],"author":[{"embeddable":true,"href":"https:\/\/www.lirapopular.cl\/lirapopularxix\/wp-json\/wp\/v2\/users\/1"}],"replies":[{"embeddable":true,"href":"https:\/\/www.lirapopular.cl\/lirapopularxix\/wp-json\/wp\/v2\/comments?post=25090"}],"version-history":[{"count":0,"href":"https:\/\/www.lirapopular.cl\/lirapopularxix\/wp-json\/wp\/v2\/pages\/25090\/revisions"}],"wp:attachment":[{"href":"https:\/\/www.lirapopular.cl\/lirapopularxix\/wp-json\/wp\/v2\/media?parent=25090"}],"curies":[{"name":"wp","href":"https:\/\/api.w.org\/{rel}","templated":true}]}}