{"id":25047,"date":"2021-10-23T08:24:11","date_gmt":"2021-10-23T12:24:11","guid":{"rendered":"https:\/\/www.lirapopular.cl\/lirapopularxix\/?page_id=25047"},"modified":"2021-10-23T08:24:11","modified_gmt":"2021-10-23T12:24:11","slug":"la-lira-popular-no-12","status":"publish","type":"page","link":"https:\/\/www.lirapopular.cl\/lirapopularxix\/la-lira-popular-no-12\/","title":{"rendered":"SANGRIENTO COMBATE ENTRE GUARDIANES I BANDIDOS <br>La Lira Popular N\u00ba 12"},"content":{"rendered":"\n<div class=\"wp-block-image\"><figure class=\"alignright size-medium\"><a href=\"https:\/\/www.lirapopular.cl\/lirapopularxix\/wp-content\/uploads\/2021\/10\/LO0012470.jpg\"><img loading=\"lazy\" decoding=\"async\" width=\"210\" height=\"300\" src=\"https:\/\/www.lirapopular.cl\/lirapopularxix\/wp-content\/uploads\/2021\/10\/LO0012470-210x300.jpg\" alt=\"\" class=\"wp-image-25050\" srcset=\"https:\/\/www.lirapopular.cl\/lirapopularxix\/wp-content\/uploads\/2021\/10\/LO0012470-210x300.jpg 210w, https:\/\/www.lirapopular.cl\/lirapopularxix\/wp-content\/uploads\/2021\/10\/LO0012470.jpg 700w\" sizes=\"auto, (max-width: 210px) 100vw, 210px\" \/><\/a><figcaption>Archivo de Literatura Oral<br \/>Colecci\u00f3n Alamiro de \u00c1vila<\/figcaption><\/figure><\/div>\n\n\n\n<p>Autor: Juan Bautista Peralta. G\u00e1lvez 826.<br \/>Impresor: Imp. Moneda, 843<br \/>Tama\u00f1o: 55 x 38 cm<br \/>Clasificaci\u00f3n: BN C\u00f3digo:\u00a0LO0012470<\/p>\n\n\n\n<ul class=\"wp-block-list\"><li><a href=\"https:\/\/www.lirapopular.cl\/lirapopularxix\/2021\/10\/23\/fuga-de-presosen-la-carcel-de-buin\/\">Fuga de presos en la c\u00e1rcel de Buin<\/a><\/li><li><a href=\"https:\/\/www.lirapopular.cl\/lirapopularxix\/la-lira-popular-no-12\/\">Gran salteo en Linderos. Un muerto y tres heridos<\/a><\/li><li><a href=\"https:\/\/www.lirapopular.cl\/lirapopularxix\/2021\/10\/23\/asalto-a-mano-armadaa-la-imprenta-de-la-tardesu-redactor-herido\/\">Asalto a mano armada a la imprenta de \u00abLa Tarde\u00bb. Su redactor herido<\/a><\/li><li><a href=\"https:\/\/www.lirapopular.cl\/lirapopularxix\/2021\/10\/23\/la-campana-electoral\/\">La campa\u00f1a electoral<\/a><\/li><li><a href=\"https:\/\/www.lirapopular.cl\/lirapopularxix\/2021\/10\/23\/versos-a-lo-divino-10\/\">Versos a lo divino<\/a><\/li><li><a href=\"https:\/\/www.lirapopular.cl\/lirapopularxix\/2021\/10\/23\/carta-a-la-duena-de-miamor\/\">Carta a la due\u00f1a de mi amor<\/a><\/li><li><a href=\"https:\/\/www.lirapopular.cl\/lirapopularxix\/2021\/10\/23\/al-ausentarme-de-miquerida\/\">Al ausentarme de mi querida<\/a><\/li><\/ul>\n\n\n\n<p>Nota: Este ejemplar tiene escrito a mano con plum\u00f3n \u201c144\u201d. Por el reverso con bol\u00edgrafo &#8220;155&#8221;.<br \/>Documento optimizado digitalmente.<\/p>\n","protected":false},"excerpt":{"rendered":"<p>Autor: Juan Bautista Peralta. G\u00e1lvez 826.Impresor: Imp. Moneda, 843Tama\u00f1o: 55 x 38 cmClasificaci\u00f3n: BN C\u00f3digo:\u00a0LO0012470 Fuga de presos en la c\u00e1rcel de Buin Gran salteo en Linderos. Un muerto y tres heridos Asalto a mano armada a la imprenta de \u00abLa Tarde\u00bb. Su redactor herido La campa\u00f1a electoral Versos a lo divino Carta a la [&hellip;]<\/p>\n","protected":false},"author":1,"featured_media":0,"parent":0,"menu_order":0,"comment_status":"closed","ping_status":"closed","template":"","meta":{"footnotes":""},"class_list":["post-25047","page","type-page","status-publish","hentry"],"jetpack_sharing_enabled":true,"_links":{"self":[{"href":"https:\/\/www.lirapopular.cl\/lirapopularxix\/wp-json\/wp\/v2\/pages\/25047","targetHints":{"allow":["GET"]}}],"collection":[{"href":"https:\/\/www.lirapopular.cl\/lirapopularxix\/wp-json\/wp\/v2\/pages"}],"about":[{"href":"https:\/\/www.lirapopular.cl\/lirapopularxix\/wp-json\/wp\/v2\/types\/page"}],"author":[{"embeddable":true,"href":"https:\/\/www.lirapopular.cl\/lirapopularxix\/wp-json\/wp\/v2\/users\/1"}],"replies":[{"embeddable":true,"href":"https:\/\/www.lirapopular.cl\/lirapopularxix\/wp-json\/wp\/v2\/comments?post=25047"}],"version-history":[{"count":0,"href":"https:\/\/www.lirapopular.cl\/lirapopularxix\/wp-json\/wp\/v2\/pages\/25047\/revisions"}],"wp:attachment":[{"href":"https:\/\/www.lirapopular.cl\/lirapopularxix\/wp-json\/wp\/v2\/media?parent=25047"}],"curies":[{"name":"wp","href":"https:\/\/api.w.org\/{rel}","templated":true}]}}