{"id":2501,"date":"2019-08-12T12:20:48","date_gmt":"2019-08-12T16:20:48","guid":{"rendered":"https:\/\/www.lirapopular.cl\/lirapopularxix\/?page_id=2501"},"modified":"2019-08-12T12:20:48","modified_gmt":"2019-08-12T16:20:48","slug":"horrible-drama-muertos-i-heridos","status":"publish","type":"page","link":"https:\/\/www.lirapopular.cl\/lirapopularxix\/horrible-drama-muertos-i-heridos\/","title":{"rendered":"Horrible drama muertoS i heridos"},"content":{"rendered":"\n<div class=\"wp-block-image\"><figure class=\"alignright\"><a href=\"https:\/\/www.lirapopular.cl\/lirapopularxix\/wp-content\/uploads\/2019\/08\/Lira_107b.jpg\"><img loading=\"lazy\" decoding=\"async\" width=\"215\" height=\"300\" src=\"https:\/\/www.lirapopular.cl\/lirapopularxix\/wp-content\/uploads\/2019\/08\/Lira_107b-215x300.jpg\" alt=\"\" class=\"wp-image-2502\" srcset=\"https:\/\/www.lirapopular.cl\/lirapopularxix\/wp-content\/uploads\/2019\/08\/Lira_107b-215x300.jpg 215w, https:\/\/www.lirapopular.cl\/lirapopularxix\/wp-content\/uploads\/2019\/08\/Lira_107b-734x1024.jpg 734w, https:\/\/www.lirapopular.cl\/lirapopularxix\/wp-content\/uploads\/2019\/08\/Lira_107b-768x1072.jpg 768w, https:\/\/www.lirapopular.cl\/lirapopularxix\/wp-content\/uploads\/2019\/08\/Lira_107b.jpg 809w\" sizes=\"auto, (max-width: 215px) 100vw, 215px\" \/><\/a><figcaption>Colecci\u00f3n Lira Popular de la Universidad de Chile<\/figcaption><\/figure><\/div>\n\n\n\n<p>Autor: Adolfo Reyes<br>Impresor: Sin informaci\u00f3n<br>Tama\u00f1o: 36,2 x 25,9 cm<br>Clasificaci\u00f3n: 107b T153h Caja N\u00b01<\/p>\n\n\n\n<ul class=\"wp-block-list\"><li><a href=\"https:\/\/www.lirapopular.cl\/lirapopularxix\/2019\/08\/12\/al-poeta-rolak\/\">Al poeta Rolak<\/a><\/li><li><a href=\"https:\/\/www.lirapopular.cl\/lirapopularxix\/2019\/08\/12\/ecos-de-mis-amores\/\">Ecos de mis amores<\/a><\/li><li><a href=\"https:\/\/www.lirapopular.cl\/lirapopularxix\/2019\/08\/12\/muertos-i-heridos\/\">Muertos i heridos<\/a><\/li><li><a href=\"https:\/\/www.lirapopular.cl\/lirapopularxix\/2019\/08\/12\/varios-brindis-2\/\">Varios Brindis<\/a><\/li><li><a href=\"https:\/\/www.lirapopular.cl\/lirapopularxix\/2019\/08\/12\/parabiens-a-los-novios\/\">Parabiens a los novios<\/a><\/li><\/ul>\n\n\n\n<p>Nota: Este ejemplar tiene escrito a mano con l\u00e1piz grafito \u201c107 b\u201d<\/p>\n","protected":false},"excerpt":{"rendered":"<p>Autor: Adolfo ReyesImpresor: Sin informaci\u00f3nTama\u00f1o: 36,2 x 25,9 cmClasificaci\u00f3n: 107b T153h Caja N\u00b01 Al poeta Rolak Ecos de mis amores Muertos i heridos Varios Brindis Parabiens a los novios Nota: Este ejemplar tiene escrito a mano con l\u00e1piz grafito \u201c107 b\u201d<\/p>\n","protected":false},"author":1,"featured_media":0,"parent":0,"menu_order":0,"comment_status":"closed","ping_status":"closed","template":"","meta":{"footnotes":""},"class_list":["post-2501","page","type-page","status-publish","hentry"],"jetpack_sharing_enabled":true,"_links":{"self":[{"href":"https:\/\/www.lirapopular.cl\/lirapopularxix\/wp-json\/wp\/v2\/pages\/2501","targetHints":{"allow":["GET"]}}],"collection":[{"href":"https:\/\/www.lirapopular.cl\/lirapopularxix\/wp-json\/wp\/v2\/pages"}],"about":[{"href":"https:\/\/www.lirapopular.cl\/lirapopularxix\/wp-json\/wp\/v2\/types\/page"}],"author":[{"embeddable":true,"href":"https:\/\/www.lirapopular.cl\/lirapopularxix\/wp-json\/wp\/v2\/users\/1"}],"replies":[{"embeddable":true,"href":"https:\/\/www.lirapopular.cl\/lirapopularxix\/wp-json\/wp\/v2\/comments?post=2501"}],"version-history":[{"count":0,"href":"https:\/\/www.lirapopular.cl\/lirapopularxix\/wp-json\/wp\/v2\/pages\/2501\/revisions"}],"wp:attachment":[{"href":"https:\/\/www.lirapopular.cl\/lirapopularxix\/wp-json\/wp\/v2\/media?parent=2501"}],"curies":[{"name":"wp","href":"https:\/\/api.w.org\/{rel}","templated":true}]}}