{"id":25007,"date":"2021-10-22T09:23:30","date_gmt":"2021-10-22T13:23:30","guid":{"rendered":"https:\/\/www.lirapopular.cl\/lirapopularxix\/?page_id=25007"},"modified":"2021-10-22T09:23:30","modified_gmt":"2021-10-22T13:23:30","slug":"la-lira-popular-num-13","status":"publish","type":"page","link":"https:\/\/www.lirapopular.cl\/lirapopularxix\/la-lira-popular-num-13\/","title":{"rendered":"Rumores de guerra<br>DOS SANGRIENTOS DRAMAS <br>LA LIRA POPULAR NUM. 13"},"content":{"rendered":"\n<div class=\"wp-block-image\"><figure class=\"alignright size-medium\"><a href=\"https:\/\/www.lirapopular.cl\/lirapopularxix\/wp-content\/uploads\/2021\/10\/LO0012471.jpg\"><img loading=\"lazy\" decoding=\"async\" width=\"212\" height=\"300\" src=\"https:\/\/www.lirapopular.cl\/lirapopularxix\/wp-content\/uploads\/2021\/10\/LO0012471-212x300.jpg\" alt=\"\" class=\"wp-image-25011\" srcset=\"https:\/\/www.lirapopular.cl\/lirapopularxix\/wp-content\/uploads\/2021\/10\/LO0012471-212x300.jpg 212w, https:\/\/www.lirapopular.cl\/lirapopularxix\/wp-content\/uploads\/2021\/10\/LO0012471.jpg 707w\" sizes=\"auto, (max-width: 212px) 100vw, 212px\" \/><\/a><figcaption>Archivo de Literatura Oral<br \/>Colecci\u00f3n Alamiro de \u00c1vila<\/figcaption><\/figure><\/div>\n\n\n\n<p>Autor: Juan Bautista Peralta. G\u00e1lvez 826 &#8212; Santiago. NOTA: Estas poes\u00edas son propiedad del autor. Se proh\u00edbe su reimpresi\u00f3n.<br \/>Impresor: Sin informaci\u00f3n<br \/>Tama\u00f1o: 55 x 39 cm<br \/>Clasificaci\u00f3n: BN C\u00f3digo:&nbsp;LO0012471<\/p>\n\n\n\n<ul class=\"wp-block-list\"><li><a href=\"https:\/\/www.lirapopular.cl\/lirapopularxix\/2021\/10\/22\/la-invacion-delos-arjentinos\/\">La invasi\u00f3n de los argentinos<\/a><\/li><li><a href=\"https:\/\/www.lirapopular.cl\/lirapopularxix\/2021\/10\/22\/el-horrendo-crimende-la-alameda\/\">El horrendo crimen de la Alameda<\/a><\/li><li><a href=\"https:\/\/www.lirapopular.cl\/lirapopularxix\/2021\/10\/22\/sobre-el-criminal-villanuevael-gran-matador-de-ninos\/\">Sobre el criminal Villanueva. El gran matador de ni\u00f1os<\/a><\/li><li><a href=\"https:\/\/www.lirapopular.cl\/lirapopularxix\/2021\/10\/22\/un-amigo-de-curicole-dedica-estas-poesiasa-la-familia-pizarroresidente-en-palmilla\/\">Un amigo de Curic\u00f3 le dedica estas poes\u00edas a la familia Pizarro residente en Palmilla<\/a><\/li><li><a href=\"https:\/\/www.lirapopular.cl\/lirapopularxix\/2021\/10\/22\/pleito-entre-un-huaso-unajenciero-i-un-guardian\/\">Pleito entre un huaso, un agenciero y un guardi\u00e1n<\/a><\/li><\/ul>\n\n\n\n<p>Nota: Este ejemplar tiene escrito a mano con plum\u00f3n \u201c145\u201d. Por el reverso sobre una etiqueta &#8220;66&#8221;.<br \/>Documento optimizado digitalmente.<\/p>\n","protected":false},"excerpt":{"rendered":"<p>Autor: Juan Bautista Peralta. G\u00e1lvez 826 &#8212; Santiago. NOTA: Estas poes\u00edas son propiedad del autor. Se proh\u00edbe su reimpresi\u00f3n.Impresor: Sin informaci\u00f3nTama\u00f1o: 55 x 39 cmClasificaci\u00f3n: BN C\u00f3digo:&nbsp;LO0012471 La invasi\u00f3n de los argentinos El horrendo crimen de la Alameda Sobre el criminal Villanueva. El gran matador de ni\u00f1os Un amigo de Curic\u00f3 le dedica estas poes\u00edas [&hellip;]<\/p>\n","protected":false},"author":1,"featured_media":0,"parent":0,"menu_order":0,"comment_status":"closed","ping_status":"closed","template":"","meta":{"footnotes":""},"class_list":["post-25007","page","type-page","status-publish","hentry"],"jetpack_sharing_enabled":true,"_links":{"self":[{"href":"https:\/\/www.lirapopular.cl\/lirapopularxix\/wp-json\/wp\/v2\/pages\/25007","targetHints":{"allow":["GET"]}}],"collection":[{"href":"https:\/\/www.lirapopular.cl\/lirapopularxix\/wp-json\/wp\/v2\/pages"}],"about":[{"href":"https:\/\/www.lirapopular.cl\/lirapopularxix\/wp-json\/wp\/v2\/types\/page"}],"author":[{"embeddable":true,"href":"https:\/\/www.lirapopular.cl\/lirapopularxix\/wp-json\/wp\/v2\/users\/1"}],"replies":[{"embeddable":true,"href":"https:\/\/www.lirapopular.cl\/lirapopularxix\/wp-json\/wp\/v2\/comments?post=25007"}],"version-history":[{"count":0,"href":"https:\/\/www.lirapopular.cl\/lirapopularxix\/wp-json\/wp\/v2\/pages\/25007\/revisions"}],"wp:attachment":[{"href":"https:\/\/www.lirapopular.cl\/lirapopularxix\/wp-json\/wp\/v2\/media?parent=25007"}],"curies":[{"name":"wp","href":"https:\/\/api.w.org\/{rel}","templated":true}]}}