{"id":24996,"date":"2021-10-22T08:49:32","date_gmt":"2021-10-22T12:49:32","guid":{"rendered":"https:\/\/www.lirapopular.cl\/lirapopularxix\/?page_id=24996"},"modified":"2021-10-22T08:49:32","modified_gmt":"2021-10-22T12:49:32","slug":"romance-en-favor-del-pueblo","status":"publish","type":"page","link":"https:\/\/www.lirapopular.cl\/lirapopularxix\/romance-en-favor-del-pueblo\/","title":{"rendered":"ROMANCE <br>EN FAVOR DEL PUEBLO <br>SOBRE LA CARESTIA DE LA CARNE <br>Y EN JENERAL <br>Todo Art\u00edculo de Alimentacion Diaria <br>DEBERES DEL GOBIERNO"},"content":{"rendered":"\n<div class=\"wp-block-image\"><figure class=\"alignright size-medium\"><a href=\"https:\/\/www.lirapopular.cl\/lirapopularxix\/wp-content\/uploads\/2021\/10\/LO0012651.jpg\"><img loading=\"lazy\" decoding=\"async\" width=\"212\" height=\"300\" src=\"https:\/\/www.lirapopular.cl\/lirapopularxix\/wp-content\/uploads\/2021\/10\/LO0012651-212x300.jpg\" alt=\"\" class=\"wp-image-24997\" srcset=\"https:\/\/www.lirapopular.cl\/lirapopularxix\/wp-content\/uploads\/2021\/10\/LO0012651-212x300.jpg 212w, https:\/\/www.lirapopular.cl\/lirapopularxix\/wp-content\/uploads\/2021\/10\/LO0012651.jpg 707w\" sizes=\"auto, (max-width: 212px) 100vw, 212px\" \/><\/a><figcaption>Archivo de Literatura Oral<br \/>Colecci\u00f3n Alamiro de \u00c1vila<\/figcaption><\/figure><\/div>\n\n\n\n<p>Autor: C. Carvajal C. Providencia, Av. Manuel Montt 139<br \/>Impresor: Imprenta Am\u00e9rica, Bandera 858<br \/>Tama\u00f1o: 56 x 39 cm<br \/>Clasificaci\u00f3n: BN C\u00f3digo:\u00a0LO0012651<\/p>\n\n\n\n<ul class=\"wp-block-list\"><li><a href=\"https:\/\/www.lirapopular.cl\/lirapopularxix\/2021\/10\/22\/romance-en-favor-del-pueblo\/\">Romance en favor del pueblo sobre la carest\u00eda de la carne y en general todo art\u00edculo de alimentaci\u00f3n diaria. Deberes del gobierno<\/a><\/li><\/ul>\n\n\n\n<p>Nota: Este ejemplar tiene escrito a mano con plum\u00f3n \u201c325\u201d. Por el reverso con un bol\u00edgrafo &#8220;296&#8221;.<br \/>Documento optimizado digitalmente.<\/p>\n","protected":false},"excerpt":{"rendered":"<p>Autor: C. Carvajal C. Providencia, Av. Manuel Montt 139Impresor: Imprenta Am\u00e9rica, Bandera 858Tama\u00f1o: 56 x 39 cmClasificaci\u00f3n: BN C\u00f3digo:\u00a0LO0012651 Romance en favor del pueblo sobre la carest\u00eda de la carne y en general todo art\u00edculo de alimentaci\u00f3n diaria. Deberes del gobierno Nota: Este ejemplar tiene escrito a mano con plum\u00f3n \u201c325\u201d. Por el reverso con [&hellip;]<\/p>\n","protected":false},"author":1,"featured_media":0,"parent":0,"menu_order":0,"comment_status":"closed","ping_status":"closed","template":"","meta":{"footnotes":""},"class_list":["post-24996","page","type-page","status-publish","hentry"],"jetpack_sharing_enabled":true,"_links":{"self":[{"href":"https:\/\/www.lirapopular.cl\/lirapopularxix\/wp-json\/wp\/v2\/pages\/24996","targetHints":{"allow":["GET"]}}],"collection":[{"href":"https:\/\/www.lirapopular.cl\/lirapopularxix\/wp-json\/wp\/v2\/pages"}],"about":[{"href":"https:\/\/www.lirapopular.cl\/lirapopularxix\/wp-json\/wp\/v2\/types\/page"}],"author":[{"embeddable":true,"href":"https:\/\/www.lirapopular.cl\/lirapopularxix\/wp-json\/wp\/v2\/users\/1"}],"replies":[{"embeddable":true,"href":"https:\/\/www.lirapopular.cl\/lirapopularxix\/wp-json\/wp\/v2\/comments?post=24996"}],"version-history":[{"count":0,"href":"https:\/\/www.lirapopular.cl\/lirapopularxix\/wp-json\/wp\/v2\/pages\/24996\/revisions"}],"wp:attachment":[{"href":"https:\/\/www.lirapopular.cl\/lirapopularxix\/wp-json\/wp\/v2\/media?parent=24996"}],"curies":[{"name":"wp","href":"https:\/\/api.w.org\/{rel}","templated":true}]}}