{"id":24978,"date":"2021-10-21T19:56:22","date_gmt":"2021-10-21T23:56:22","guid":{"rendered":"https:\/\/www.lirapopular.cl\/lirapopularxix\/?page_id=24978"},"modified":"2021-10-21T19:56:22","modified_gmt":"2021-10-21T23:56:22","slug":"remedio-para-la-mujer-celosa","status":"publish","type":"page","link":"https:\/\/www.lirapopular.cl\/lirapopularxix\/remedio-para-la-mujer-celosa\/","title":{"rendered":"Remedio para la mujer celosa"},"content":{"rendered":"\n<div class=\"wp-block-image\"><figure class=\"alignright size-medium\"><a href=\"https:\/\/www.lirapopular.cl\/lirapopularxix\/wp-content\/uploads\/2021\/10\/LO0012646.jpg\"><img loading=\"lazy\" decoding=\"async\" width=\"181\" height=\"300\" src=\"https:\/\/www.lirapopular.cl\/lirapopularxix\/wp-content\/uploads\/2021\/10\/LO0012646-181x300.jpg\" alt=\"\" class=\"wp-image-24983\" srcset=\"https:\/\/www.lirapopular.cl\/lirapopularxix\/wp-content\/uploads\/2021\/10\/LO0012646-181x300.jpg 181w, https:\/\/www.lirapopular.cl\/lirapopularxix\/wp-content\/uploads\/2021\/10\/LO0012646.jpg 604w\" sizes=\"auto, (max-width: 181px) 100vw, 181px\" \/><\/a><figcaption>Archivo de Literatura Oral<br \/>Colecci\u00f3n Alamiro de \u00c1vila<\/figcaption><\/figure><\/div>\n\n\n\n<p>Autor: Jos\u00e9 Agust\u00edn Pasten, Poeta Huasquino.<br \/>Impresor: Sin informaci\u00f3n<br \/>Tama\u00f1o: 36 x 21 cm<br \/>Clasificaci\u00f3n: BN C\u00f3digo:\u00a0LO0012646<\/p>\n\n\n\n<ul class=\"wp-block-list\"><li><a href=\"https:\/\/www.lirapopular.cl\/lirapopularxix\/2021\/10\/21\/remedio-para-la-mujer-celosa\/\">Remedio para la mujer celosa<\/a><\/li><li><a href=\"https:\/\/www.lirapopular.cl\/lirapopularxix\/2021\/10\/21\/remedio-que-debe-hace-la-mujeral-hombre-malo\/\">Remedio que debe hacer la mujer al hombre malo<\/a><\/li><li><a href=\"https:\/\/www.lirapopular.cl\/lirapopularxix\/2021\/10\/21\/el-forastero-en-la-calle-pinto\/\">El forastero en la calle Pinto<\/a><\/li><\/ul>\n\n\n\n<p>Nota: Este ejemplar tiene escrito a mano con plum\u00f3n \u201c320\u201d. Por el reverso con un bol\u00edgrafo &#8220;285&#8221;.<br \/>Documento optimizado digitalmente.<\/p>\n","protected":false},"excerpt":{"rendered":"<p>Autor: Jos\u00e9 Agust\u00edn Pasten, Poeta Huasquino.Impresor: Sin informaci\u00f3nTama\u00f1o: 36 x 21 cmClasificaci\u00f3n: BN C\u00f3digo:\u00a0LO0012646 Remedio para la mujer celosa Remedio que debe hacer la mujer al hombre malo El forastero en la calle Pinto Nota: Este ejemplar tiene escrito a mano con plum\u00f3n \u201c320\u201d. Por el reverso con un bol\u00edgrafo &#8220;285&#8221;.Documento optimizado digitalmente.<\/p>\n","protected":false},"author":1,"featured_media":0,"parent":0,"menu_order":0,"comment_status":"closed","ping_status":"closed","template":"","meta":{"footnotes":""},"class_list":["post-24978","page","type-page","status-publish","hentry"],"jetpack_sharing_enabled":true,"_links":{"self":[{"href":"https:\/\/www.lirapopular.cl\/lirapopularxix\/wp-json\/wp\/v2\/pages\/24978","targetHints":{"allow":["GET"]}}],"collection":[{"href":"https:\/\/www.lirapopular.cl\/lirapopularxix\/wp-json\/wp\/v2\/pages"}],"about":[{"href":"https:\/\/www.lirapopular.cl\/lirapopularxix\/wp-json\/wp\/v2\/types\/page"}],"author":[{"embeddable":true,"href":"https:\/\/www.lirapopular.cl\/lirapopularxix\/wp-json\/wp\/v2\/users\/1"}],"replies":[{"embeddable":true,"href":"https:\/\/www.lirapopular.cl\/lirapopularxix\/wp-json\/wp\/v2\/comments?post=24978"}],"version-history":[{"count":0,"href":"https:\/\/www.lirapopular.cl\/lirapopularxix\/wp-json\/wp\/v2\/pages\/24978\/revisions"}],"wp:attachment":[{"href":"https:\/\/www.lirapopular.cl\/lirapopularxix\/wp-json\/wp\/v2\/media?parent=24978"}],"curies":[{"name":"wp","href":"https:\/\/api.w.org\/{rel}","templated":true}]}}