{"id":24954,"date":"2021-10-21T15:40:50","date_gmt":"2021-10-21T19:40:50","guid":{"rendered":"https:\/\/www.lirapopular.cl\/lirapopularxix\/?page_id=24954"},"modified":"2021-10-21T15:40:50","modified_gmt":"2021-10-21T19:40:50","slug":"el-violin-del-diablo","status":"publish","type":"page","link":"https:\/\/www.lirapopular.cl\/lirapopularxix\/el-violin-del-diablo\/","title":{"rendered":"NUM. 1. El Violin del Diablo Precio 5 Centavos <br>Pr\u00f3ximo hundimiento de Valparaiso"},"content":{"rendered":"\n<div class=\"wp-block-image\"><figure class=\"alignright size-medium\"><a href=\"https:\/\/www.lirapopular.cl\/lirapopularxix\/wp-content\/uploads\/2021\/10\/LO0012670.jpg\"><img loading=\"lazy\" decoding=\"async\" width=\"212\" height=\"300\" src=\"https:\/\/www.lirapopular.cl\/lirapopularxix\/wp-content\/uploads\/2021\/10\/LO0012670-212x300.jpg\" alt=\"\" class=\"wp-image-24957\" srcset=\"https:\/\/www.lirapopular.cl\/lirapopularxix\/wp-content\/uploads\/2021\/10\/LO0012670-212x300.jpg 212w, https:\/\/www.lirapopular.cl\/lirapopularxix\/wp-content\/uploads\/2021\/10\/LO0012670.jpg 706w\" sizes=\"auto, (max-width: 212px) 100vw, 212px\" \/><\/a><figcaption>Archivo de Literatura Oral<br \/>Colecci\u00f3n Alamiro de \u00c1vila<\/figcaption><\/figure><\/div>\n\n\n\n<p>Autor: Poeta Jerjel. Puntos donde se vender\u00e1n mis versos: Bandera 827.\u2014 Estaci\u00f3n Central \u2014 Plaza Laiseca, Puesto 22.\u2014 Eleuterio Ramirez 642 \u2014Nataniel 194. Es propiedad del autor, se proh\u00edbe la reimpresi\u00f3n.<br \/>Impresor: Imp. Minerva.\u2014 Prat, 385<br \/>Tama\u00f1o: 55 x 38 cm<br \/>Clasificaci\u00f3n: BN C\u00f3digo:\u00a0LO0012670<\/p>\n\n\n\n<ul class=\"wp-block-list\"><li><a href=\"https:\/\/www.lirapopular.cl\/lirapopularxix\/2021\/10\/21\/el-hundimiento-de-valparaiso\/\">El hundimiento de Valpara\u00edso. Se espera por momentos temblores a granel. Gran alarma en el pueblo<\/a><\/li><li><a href=\"https:\/\/www.lirapopular.cl\/lirapopularxix\/2021\/10\/21\/nacimiento-de-un-jiganteen-el-norte\/\">Nacimiento de un gigante en el norte<\/a><\/li><li><a href=\"https:\/\/www.lirapopular.cl\/lirapopularxix\/2021\/10\/21\/proximo-fusilamientodos-reos-condenados-a-muerte\/\">Pr\u00f3ximo fusilamiento. Dos reos condenados a muerte<\/a><\/li><li><a href=\"https:\/\/www.lirapopular.cl\/lirapopularxix\/2021\/10\/21\/horroroso-crimenel-diablo-asesina\/\">Horroroso crimen. El diablo asesina a una ni\u00f1a porque no se entreg\u00f3 a \u00e9l. Allanamiento del infierno<\/a><\/li><li><a href=\"https:\/\/www.lirapopular.cl\/lirapopularxix\/2021\/10\/21\/los-nombres-de-mis-queridas-3\/\">Los nombres de mis queridas<\/a><\/li><li><a href=\"https:\/\/www.lirapopular.cl\/lirapopularxix\/2021\/10\/21\/cuecaspara-muchos-gustos\/\">Cuecas para muchos gustos<\/a><\/li><li><a href=\"https:\/\/www.lirapopular.cl\/lirapopularxix\/2021\/10\/21\/cueca-de-una-portena\/\">Cueca de una porte\u00f1a<\/a><\/li><\/ul>\n\n\n\n<p>Nota: Este ejemplar tiene escrito a mano con plum\u00f3n \u201c344\u201d. Por el reverso con bol\u00edgrafo &#8220;96&#8221;.<br \/>Documento optimizado digitalmente.<\/p>\n","protected":false},"excerpt":{"rendered":"<p>Autor: Poeta Jerjel. Puntos donde se vender\u00e1n mis versos: Bandera 827.\u2014 Estaci\u00f3n Central \u2014 Plaza Laiseca, Puesto 22.\u2014 Eleuterio Ramirez 642 \u2014Nataniel 194. Es propiedad del autor, se proh\u00edbe la reimpresi\u00f3n.Impresor: Imp. Minerva.\u2014 Prat, 385Tama\u00f1o: 55 x 38 cmClasificaci\u00f3n: BN C\u00f3digo:\u00a0LO0012670 El hundimiento de Valpara\u00edso. Se espera por momentos temblores a granel. Gran alarma en [&hellip;]<\/p>\n","protected":false},"author":1,"featured_media":0,"parent":0,"menu_order":0,"comment_status":"closed","ping_status":"closed","template":"","meta":{"footnotes":""},"class_list":["post-24954","page","type-page","status-publish","hentry"],"jetpack_sharing_enabled":true,"_links":{"self":[{"href":"https:\/\/www.lirapopular.cl\/lirapopularxix\/wp-json\/wp\/v2\/pages\/24954","targetHints":{"allow":["GET"]}}],"collection":[{"href":"https:\/\/www.lirapopular.cl\/lirapopularxix\/wp-json\/wp\/v2\/pages"}],"about":[{"href":"https:\/\/www.lirapopular.cl\/lirapopularxix\/wp-json\/wp\/v2\/types\/page"}],"author":[{"embeddable":true,"href":"https:\/\/www.lirapopular.cl\/lirapopularxix\/wp-json\/wp\/v2\/users\/1"}],"replies":[{"embeddable":true,"href":"https:\/\/www.lirapopular.cl\/lirapopularxix\/wp-json\/wp\/v2\/comments?post=24954"}],"version-history":[{"count":0,"href":"https:\/\/www.lirapopular.cl\/lirapopularxix\/wp-json\/wp\/v2\/pages\/24954\/revisions"}],"wp:attachment":[{"href":"https:\/\/www.lirapopular.cl\/lirapopularxix\/wp-json\/wp\/v2\/media?parent=24954"}],"curies":[{"name":"wp","href":"https:\/\/api.w.org\/{rel}","templated":true}]}}