{"id":24913,"date":"2021-10-20T19:39:38","date_gmt":"2021-10-20T23:39:38","guid":{"rendered":"https:\/\/www.lirapopular.cl\/lirapopularxix\/?page_id=24913"},"modified":"2021-10-20T19:39:38","modified_gmt":"2021-10-20T23:39:38","slug":"protesta-de-los-jornaleros-de-aduana","status":"publish","type":"page","link":"https:\/\/www.lirapopular.cl\/lirapopularxix\/protesta-de-los-jornaleros-de-aduana\/","title":{"rendered":"PROTESTA <br>DE LOS JORNALEROS DE ADUANA <br>Contra los Contratistas y Capataces"},"content":{"rendered":"\n<div class=\"wp-block-image\"><figure class=\"alignright size-medium\"><a href=\"https:\/\/www.lirapopular.cl\/lirapopularxix\/wp-content\/uploads\/2021\/10\/LO0012669.jpg\"><img loading=\"lazy\" decoding=\"async\" width=\"182\" height=\"300\" src=\"https:\/\/www.lirapopular.cl\/lirapopularxix\/wp-content\/uploads\/2021\/10\/LO0012669-182x300.jpg\" alt=\"\" class=\"wp-image-24916\" srcset=\"https:\/\/www.lirapopular.cl\/lirapopularxix\/wp-content\/uploads\/2021\/10\/LO0012669-182x300.jpg 182w, https:\/\/www.lirapopular.cl\/lirapopularxix\/wp-content\/uploads\/2021\/10\/LO0012669.jpg 608w\" sizes=\"auto, (max-width: 182px) 100vw, 182px\" \/><\/a><figcaption>Archivo de Literatura Oral<br \/>Colecci\u00f3n Alamiro de \u00c1vila<\/figcaption><\/figure><\/div>\n\n\n\n<p>Autor: Remijio Avenda\u00f1o. Poeta Santiaguino<br \/>Impresor: Sin informaci\u00f3n<br \/>Tama\u00f1o: 37 x 22 cm<br \/>Clasificaci\u00f3n: BN C\u00f3digo:\u00a0LO0012669<\/p>\n\n\n\n<ul class=\"wp-block-list\"><li><a href=\"https:\/\/www.lirapopular.cl\/lirapopularxix\/2021\/10\/20\/ahora-para-la-pascua\/\">Ahora para la Pascua<\/a><\/li><li><a href=\"https:\/\/www.lirapopular.cl\/lirapopularxix\/2021\/10\/21\/desde-la-huelga-senores\/\">Desde la huelga, se\u00f1ores<\/a><\/li><li><a href=\"https:\/\/www.lirapopular.cl\/lirapopularxix\/2021\/10\/21\/da-libertad-libertad-al-obrero\/\">Da libertad, libertad al obrero<\/a><\/li><\/ul>\n\n\n\n<p>Nota: Los versos no est\u00e1n titulados, usamos su primera l\u00ednea. Este ejemplar tiene escrito a mano con plum\u00f3n \u201c343\u201d. Por el reverso con un bol\u00edgrafo &#8220;286&#8221;.<br \/>Documento optimizado digitalmente.<\/p>\n","protected":false},"excerpt":{"rendered":"<p>Autor: Remijio Avenda\u00f1o. Poeta SantiaguinoImpresor: Sin informaci\u00f3nTama\u00f1o: 37 x 22 cmClasificaci\u00f3n: BN C\u00f3digo:\u00a0LO0012669 Ahora para la Pascua Desde la huelga, se\u00f1ores Da libertad, libertad al obrero Nota: Los versos no est\u00e1n titulados, usamos su primera l\u00ednea. Este ejemplar tiene escrito a mano con plum\u00f3n \u201c343\u201d. Por el reverso con un bol\u00edgrafo &#8220;286&#8221;.Documento optimizado digitalmente.<\/p>\n","protected":false},"author":1,"featured_media":0,"parent":0,"menu_order":0,"comment_status":"closed","ping_status":"closed","template":"","meta":{"footnotes":""},"class_list":["post-24913","page","type-page","status-publish","hentry"],"jetpack_sharing_enabled":true,"_links":{"self":[{"href":"https:\/\/www.lirapopular.cl\/lirapopularxix\/wp-json\/wp\/v2\/pages\/24913","targetHints":{"allow":["GET"]}}],"collection":[{"href":"https:\/\/www.lirapopular.cl\/lirapopularxix\/wp-json\/wp\/v2\/pages"}],"about":[{"href":"https:\/\/www.lirapopular.cl\/lirapopularxix\/wp-json\/wp\/v2\/types\/page"}],"author":[{"embeddable":true,"href":"https:\/\/www.lirapopular.cl\/lirapopularxix\/wp-json\/wp\/v2\/users\/1"}],"replies":[{"embeddable":true,"href":"https:\/\/www.lirapopular.cl\/lirapopularxix\/wp-json\/wp\/v2\/comments?post=24913"}],"version-history":[{"count":0,"href":"https:\/\/www.lirapopular.cl\/lirapopularxix\/wp-json\/wp\/v2\/pages\/24913\/revisions"}],"wp:attachment":[{"href":"https:\/\/www.lirapopular.cl\/lirapopularxix\/wp-json\/wp\/v2\/media?parent=24913"}],"curies":[{"name":"wp","href":"https:\/\/api.w.org\/{rel}","templated":true}]}}