{"id":24888,"date":"2021-10-20T00:32:15","date_gmt":"2021-10-20T04:32:15","guid":{"rendered":"https:\/\/www.lirapopular.cl\/lirapopularxix\/?page_id=24888"},"modified":"2021-10-20T00:32:15","modified_gmt":"2021-10-20T04:32:15","slug":"pasion-y-muerte-de-n-s-jesucristo","status":"publish","type":"page","link":"https:\/\/www.lirapopular.cl\/lirapopularxix\/pasion-y-muerte-de-n-s-jesucristo\/","title":{"rendered":"PASION Y MUERTE <br>DE N. S. JESUCRISTO"},"content":{"rendered":"<div class=\"wp-block-image\">\n<figure class=\"alignright size-medium\"><a href=\"https:\/\/www.lirapopular.cl\/lirapopularxix\/wp-content\/uploads\/2024\/04\/perico.jpg\"><img loading=\"lazy\" decoding=\"async\" width=\"220\" height=\"300\" src=\"https:\/\/www.lirapopular.cl\/lirapopularxix\/wp-content\/uploads\/2024\/04\/perico-220x300.jpg\" alt=\"\" class=\"wp-image-27596\" srcset=\"https:\/\/www.lirapopular.cl\/lirapopularxix\/wp-content\/uploads\/2024\/04\/perico-220x300.jpg 220w, https:\/\/www.lirapopular.cl\/lirapopularxix\/wp-content\/uploads\/2024\/04\/perico.jpg 732w\" sizes=\"auto, (max-width: 220px) 100vw, 220px\" \/><\/a><figcaption class=\"wp-element-caption\">Colecci\u00f3n Lira Popular de la<br \/>Universidad de Chile<\/figcaption><\/figure>\n<\/div>\n\n\n<p>Autor: Perico El Piadoso (Poeta Costino).<br \/>Impresor: Sin informaci\u00f3n<br \/>Tama\u00f1o: 52,8 x 37,3 cm<br \/>Clasificaci\u00f3n: 682 P441 Caja N\u00b012a<\/p>\n\n\n\n<ul class=\"wp-block-list\">\n<li><a href=\"https:\/\/www.lirapopular.cl\/lirapopularxix\/2021\/10\/20\/la-pasion-4\/\">La Pasi\u00f3n<\/a><\/li>\n\n\n\n<li><a href=\"https:\/\/www.lirapopular.cl\/lirapopularxix\/2021\/10\/20\/la-semana-santa-6\/\">\u00a1La Semana Santa!<\/a><\/li>\n\n\n\n<li><a href=\"https:\/\/www.lirapopular.cl\/lirapopularxix\/2021\/10\/20\/el-calvario-4\/\">El Calvario<\/a><\/li>\n\n\n\n<li><a href=\"https:\/\/www.lirapopular.cl\/lirapopularxix\/2021\/10\/20\/las-quejas\/\">Las quejas<\/a><\/li>\n\n\n\n<li><a href=\"https:\/\/www.lirapopular.cl\/lirapopularxix\/2021\/10\/20\/los-pajarillos\/\">Los p\u00e1jaros<\/a><\/li>\n\n\n\n<li><a href=\"https:\/\/www.lirapopular.cl\/lirapopularxix\/2021\/10\/20\/los-diez-hombresquemados-vivosen-punta-arenas-2\/\">Los diez hombres quemados vivos en Punta Arenas<\/a><\/li>\n<\/ul>\n\n\n\n<p>Nota: Este documento tiene una imagen provisoria.<br \/>Este ejemplar tiene escrito a mano con l\u00e1piz rojo \u201c682\u201d. Texto manuscrito: &#8220;de un poeta peruano&#8221; y &#8220;lo mismo&#8221;<br \/>Documento optimizado digitalmente.<\/p>\n","protected":false},"excerpt":{"rendered":"<p>Autor: Perico El Piadoso (Poeta Costino).Impresor: Sin informaci\u00f3nTama\u00f1o: 52,8 x 37,3 cmClasificaci\u00f3n: 682 P441 Caja N\u00b012a Nota: Este documento tiene una imagen provisoria.Este ejemplar tiene escrito a mano con l\u00e1piz rojo \u201c682\u201d. Texto manuscrito: &#8220;de un poeta peruano&#8221; y &#8220;lo mismo&#8221;Documento optimizado digitalmente.<\/p>\n","protected":false},"author":1,"featured_media":0,"parent":0,"menu_order":0,"comment_status":"closed","ping_status":"closed","template":"","meta":{"footnotes":""},"class_list":["post-24888","page","type-page","status-publish","hentry"],"jetpack_sharing_enabled":true,"_links":{"self":[{"href":"https:\/\/www.lirapopular.cl\/lirapopularxix\/wp-json\/wp\/v2\/pages\/24888","targetHints":{"allow":["GET"]}}],"collection":[{"href":"https:\/\/www.lirapopular.cl\/lirapopularxix\/wp-json\/wp\/v2\/pages"}],"about":[{"href":"https:\/\/www.lirapopular.cl\/lirapopularxix\/wp-json\/wp\/v2\/types\/page"}],"author":[{"embeddable":true,"href":"https:\/\/www.lirapopular.cl\/lirapopularxix\/wp-json\/wp\/v2\/users\/1"}],"replies":[{"embeddable":true,"href":"https:\/\/www.lirapopular.cl\/lirapopularxix\/wp-json\/wp\/v2\/comments?post=24888"}],"version-history":[{"count":0,"href":"https:\/\/www.lirapopular.cl\/lirapopularxix\/wp-json\/wp\/v2\/pages\/24888\/revisions"}],"wp:attachment":[{"href":"https:\/\/www.lirapopular.cl\/lirapopularxix\/wp-json\/wp\/v2\/media?parent=24888"}],"curies":[{"name":"wp","href":"https:\/\/api.w.org\/{rel}","templated":true}]}}