{"id":24866,"date":"2021-10-19T19:49:59","date_gmt":"2021-10-19T23:49:59","guid":{"rendered":"https:\/\/www.lirapopular.cl\/lirapopularxix\/?page_id=24866"},"modified":"2021-10-19T19:49:59","modified_gmt":"2021-10-19T23:49:59","slug":"la-sotana-politica","status":"publish","type":"page","link":"https:\/\/www.lirapopular.cl\/lirapopularxix\/la-sotana-politica\/","title":{"rendered":"LA SOTANA POLITICA"},"content":{"rendered":"<div class=\"wp-block-image\">\n<figure class=\"alignright size-medium\"><a href=\"https:\/\/www.lirapopular.cl\/lirapopularxix\/wp-content\/uploads\/2024\/04\/FraiJerundio-1.jpg\"><img loading=\"lazy\" decoding=\"async\" width=\"202\" height=\"300\" src=\"https:\/\/www.lirapopular.cl\/lirapopularxix\/wp-content\/uploads\/2024\/04\/FraiJerundio-1-202x300.jpg\" alt=\"\" class=\"wp-image-27581\" srcset=\"https:\/\/www.lirapopular.cl\/lirapopularxix\/wp-content\/uploads\/2024\/04\/FraiJerundio-1-202x300.jpg 202w, https:\/\/www.lirapopular.cl\/lirapopularxix\/wp-content\/uploads\/2024\/04\/FraiJerundio-1.jpg 672w\" sizes=\"auto, (max-width: 202px) 100vw, 202px\" \/><\/a><figcaption class=\"wp-element-caption\">Colecci\u00f3n Lira Popular de la<br \/>Universidad de Chile<\/figcaption><\/figure>\n<\/div>\n\n\n<p>Autor: Frai Jerundio.<br \/>Impresor: Imprenta Calle Andr\u00e9s Bello, N\u00fam. 2 A<br \/>Tama\u00f1o: 68,4 x 43,2 cm<br \/>Clasificaci\u00f3n: 678 J56 Caja N\u00b012a<\/p>\n\n\n\n<ul class=\"wp-block-list\">\n<li><a href=\"https:\/\/www.lirapopular.cl\/lirapopularxix\/2021\/10\/19\/el-clerobatallador\/\">El clero batallador<\/a><\/li>\n\n\n\n<li><a href=\"https:\/\/www.lirapopular.cl\/lirapopularxix\/2021\/10\/19\/el-cambio-a-12-peniques\/\">El cambio a 12 peniques<\/a><\/li>\n\n\n\n<li><a href=\"https:\/\/www.lirapopular.cl\/lirapopularxix\/2021\/10\/19\/a-joaquin-vocar-mastineminencia-conservadora\/\">A Joaqu\u00edn Vocar Mastin, eminencia conservadora<\/a><\/li>\n\n\n\n<li><a href=\"https:\/\/www.lirapopular.cl\/lirapopularxix\/2021\/10\/19\/el-cura-parroco-de-antucoasesinado\/\">El cura p\u00e1rroco de Antuco asesinado<\/a><\/li>\n\n\n\n<li><a href=\"https:\/\/www.lirapopular.cl\/lirapopularxix\/2021\/10\/20\/un-propietario-modelodon-clemente-duro\/\">Un propietario modelo. Don Clemente Duro<\/a><\/li>\n\n\n\n<li><a href=\"https:\/\/www.lirapopular.cl\/lirapopularxix\/2021\/10\/20\/la-sociedad-de-los-feosa-su-alteza-pedro-montt\/\">La sociedad de los feos a su alteza Pedro Montt<\/a><\/li>\n\n\n\n<li><a href=\"https:\/\/www.lirapopular.cl\/lirapopularxix\/2021\/10\/20\/noche-buena\/\">Noche Buena<\/a><\/li>\n<\/ul>\n\n\n\n<p>Nota: Este documento tiene una imagen provisoria.<br \/>Sobre verso &#8220;Noche Buena&#8221; texto manuscrito: &#8220;este es de Salvador Rueda&#8221;.<br \/>Este ejemplar tiene escrito a mano l\u00e1piz rojo \u201c678\u201d.<br \/>Documento optimizado digitalmente.<\/p>\n","protected":false},"excerpt":{"rendered":"<p>Autor: Frai Jerundio.Impresor: Imprenta Calle Andr\u00e9s Bello, N\u00fam. 2 ATama\u00f1o: 68,4 x 43,2 cmClasificaci\u00f3n: 678 J56 Caja N\u00b012a Nota: Este documento tiene una imagen provisoria.Sobre verso &#8220;Noche Buena&#8221; texto manuscrito: &#8220;este es de Salvador Rueda&#8221;.Este ejemplar tiene escrito a mano l\u00e1piz rojo \u201c678\u201d.Documento optimizado digitalmente.<\/p>\n","protected":false},"author":1,"featured_media":0,"parent":0,"menu_order":0,"comment_status":"closed","ping_status":"closed","template":"","meta":{"footnotes":""},"class_list":["post-24866","page","type-page","status-publish","hentry"],"jetpack_sharing_enabled":true,"_links":{"self":[{"href":"https:\/\/www.lirapopular.cl\/lirapopularxix\/wp-json\/wp\/v2\/pages\/24866","targetHints":{"allow":["GET"]}}],"collection":[{"href":"https:\/\/www.lirapopular.cl\/lirapopularxix\/wp-json\/wp\/v2\/pages"}],"about":[{"href":"https:\/\/www.lirapopular.cl\/lirapopularxix\/wp-json\/wp\/v2\/types\/page"}],"author":[{"embeddable":true,"href":"https:\/\/www.lirapopular.cl\/lirapopularxix\/wp-json\/wp\/v2\/users\/1"}],"replies":[{"embeddable":true,"href":"https:\/\/www.lirapopular.cl\/lirapopularxix\/wp-json\/wp\/v2\/comments?post=24866"}],"version-history":[{"count":0,"href":"https:\/\/www.lirapopular.cl\/lirapopularxix\/wp-json\/wp\/v2\/pages\/24866\/revisions"}],"wp:attachment":[{"href":"https:\/\/www.lirapopular.cl\/lirapopularxix\/wp-json\/wp\/v2\/media?parent=24866"}],"curies":[{"name":"wp","href":"https:\/\/api.w.org\/{rel}","templated":true}]}}