{"id":24838,"date":"2021-10-19T09:59:49","date_gmt":"2021-10-19T13:59:49","guid":{"rendered":"https:\/\/www.lirapopular.cl\/lirapopularxix\/?page_id=24838"},"modified":"2021-10-19T09:59:49","modified_gmt":"2021-10-19T13:59:49","slug":"la-lira-popular-num-57","status":"publish","type":"page","link":"https:\/\/www.lirapopular.cl\/lirapopularxix\/la-lira-popular-num-57\/","title":{"rendered":"LA LIRA POPULAR N\u00fam. 57 <br>Preparativos i exijencias de las ni\u00f1as para la Pascua<br> CHOQUE DE TRENES"},"content":{"rendered":"\n<div class=\"wp-block-image\"><figure class=\"alignright size-medium\"><a href=\"https:\/\/www.lirapopular.cl\/lirapopularxix\/wp-content\/uploads\/2021\/10\/LO0012510.jpg\"><img decoding=\"async\" src=\"https:\/\/www.lirapopular.cl\/lirapopularxix\/wp-content\/uploads\/2021\/10\/LO0012510-225x300.jpg\" alt=\"\" class=\"wp-image-24845\"\/><\/a><figcaption>Archivo de Literatura Oral<br \/>Colecci\u00f3n Alamiro de \u00c1vila<\/figcaption><\/figure><\/div>\n\n\n\n<p>Autor: Juan Bautista Peralta. Coquimbo 1026, entre S. Diego y Arturo Prat. Es propiedad del autor.\u2014 Se proh\u00edbe la reimpresi\u00f3n de estas poes\u00edas<br \/>Impresor: Imp. \u00abEl Debate\u00bb\u2014 S. Diego 291.<br \/>Tama\u00f1o: 69 x 51 cm<br \/>Clasificaci\u00f3n: BN C\u00f3digo:\u00a0LO0012510<\/p>\n\n\n\n<ul class=\"wp-block-list\"><li><a href=\"https:\/\/www.lirapopular.cl\/lirapopularxix\/2021\/10\/19\/preparativos-i-exijenciasde-las-ninas-para-lapascua\/\">Preparativos y exijencias de las ni\u00f1as para la Pascua<\/a><\/li><li><a href=\"https:\/\/www.lirapopular.cl\/lirapopularxix\/2021\/10\/19\/choque-de-trenes-muertos-i-heridos\/\">Choque de trenes. Muertos y heridos. Europa contra la Am\u00e9rica y la pol\u00edtica chilena<\/a><\/li><li><a href=\"https:\/\/www.lirapopular.cl\/lirapopularxix\/2021\/10\/19\/contestacion-a-la-poetisaportena\/\">Contestaci\u00f3n a la poetisa porte\u00f1a<\/a><\/li><li><a href=\"https:\/\/www.lirapopular.cl\/lirapopularxix\/2021\/10\/19\/el-conflicto-venezolano\/\">El conflicto venezolano. Gran indignaci\u00f3n en Sud Am\u00e9rica. Una valla a las ambiciones<\/a><\/li><li><a href=\"https:\/\/www.lirapopular.cl\/lirapopularxix\/2021\/10\/19\/brindispara-todos-los-gustosen-las-festividades-de-pascua\/\">Brindis para todos los gustos en las festividades de Pascua<\/a><\/li><li><a href=\"https:\/\/www.lirapopular.cl\/lirapopularxix\/2021\/10\/19\/cuecas-para-la-pascua-2\/\">Cuecas para la Pascua<\/a><\/li><li><a href=\"https:\/\/www.lirapopular.cl\/lirapopularxix\/2021\/10\/19\/partidoentre-una-cocinera-una-sirviente\/\">Partido entre una cocinera, una sirviente de mano, ama seca, cochero mozo y portero para la Noche Buena<\/a><\/li><li><a href=\"https:\/\/www.lirapopular.cl\/lirapopularxix\/2021\/10\/19\/tonadas-para-el-nino-dios\/\">Tonadas para el Ni\u00f1o Dios<\/a><\/li><\/ul>\n\n\n\n<p>Nota: Este ejemplar tiene escrito a mano con plum\u00f3n \u201c184\u201d.<br \/>Documento optimizado digitalmente.<\/p>\n","protected":false},"excerpt":{"rendered":"<p>Autor: Juan Bautista Peralta. Coquimbo 1026, entre S. Diego y Arturo Prat. Es propiedad del autor.\u2014 Se proh\u00edbe la reimpresi\u00f3n de estas poes\u00edasImpresor: Imp. \u00abEl Debate\u00bb\u2014 S. Diego 291.Tama\u00f1o: 69 x 51 cmClasificaci\u00f3n: BN C\u00f3digo:\u00a0LO0012510 Preparativos y exijencias de las ni\u00f1as para la Pascua Choque de trenes. Muertos y heridos. Europa contra la Am\u00e9rica y [&hellip;]<\/p>\n","protected":false},"author":1,"featured_media":0,"parent":0,"menu_order":0,"comment_status":"closed","ping_status":"closed","template":"","meta":{"footnotes":""},"class_list":["post-24838","page","type-page","status-publish","hentry"],"jetpack_sharing_enabled":true,"_links":{"self":[{"href":"https:\/\/www.lirapopular.cl\/lirapopularxix\/wp-json\/wp\/v2\/pages\/24838","targetHints":{"allow":["GET"]}}],"collection":[{"href":"https:\/\/www.lirapopular.cl\/lirapopularxix\/wp-json\/wp\/v2\/pages"}],"about":[{"href":"https:\/\/www.lirapopular.cl\/lirapopularxix\/wp-json\/wp\/v2\/types\/page"}],"author":[{"embeddable":true,"href":"https:\/\/www.lirapopular.cl\/lirapopularxix\/wp-json\/wp\/v2\/users\/1"}],"replies":[{"embeddable":true,"href":"https:\/\/www.lirapopular.cl\/lirapopularxix\/wp-json\/wp\/v2\/comments?post=24838"}],"version-history":[{"count":0,"href":"https:\/\/www.lirapopular.cl\/lirapopularxix\/wp-json\/wp\/v2\/pages\/24838\/revisions"}],"wp:attachment":[{"href":"https:\/\/www.lirapopular.cl\/lirapopularxix\/wp-json\/wp\/v2\/media?parent=24838"}],"curies":[{"name":"wp","href":"https:\/\/api.w.org\/{rel}","templated":true}]}}