{"id":24827,"date":"2021-10-19T09:21:53","date_gmt":"2021-10-19T13:21:53","guid":{"rendered":"https:\/\/www.lirapopular.cl\/lirapopularxix\/?page_id=24827"},"modified":"2021-10-19T09:21:53","modified_gmt":"2021-10-19T13:21:53","slug":"poesias-populares","status":"publish","type":"page","link":"https:\/\/www.lirapopular.cl\/lirapopularxix\/poesias-populares\/","title":{"rendered":"Poes\u00edas Populares"},"content":{"rendered":"\n<div class=\"wp-block-image\"><figure class=\"alignright size-medium\"><a href=\"https:\/\/www.lirapopular.cl\/lirapopularxix\/wp-content\/uploads\/2021\/10\/LO0012655.jpg\"><img loading=\"lazy\" decoding=\"async\" width=\"220\" height=\"300\" src=\"https:\/\/www.lirapopular.cl\/lirapopularxix\/wp-content\/uploads\/2021\/10\/LO0012655-220x300.jpg\" alt=\"\" class=\"wp-image-24828\" srcset=\"https:\/\/www.lirapopular.cl\/lirapopularxix\/wp-content\/uploads\/2021\/10\/LO0012655-220x300.jpg 220w, https:\/\/www.lirapopular.cl\/lirapopularxix\/wp-content\/uploads\/2021\/10\/LO0012655.jpg 733w\" sizes=\"auto, (max-width: 220px) 100vw, 220px\" \/><\/a><figcaption>Archivo de Literatura Oral<br \/>Colecci\u00f3n Alamiro de \u00c1vila<\/figcaption><\/figure><\/div>\n\n\n\n<p>Autor: Jos\u00e9 Miguel Molina.<br \/>Impresor: 1904 \u2014 779 \u2014 Imp. \u00abTalca\u00bb 3 Oriente, 653 &#8212; 661. \u2014 Talca<br \/>Tama\u00f1o: 39 x 28 cm<br \/>Clasificaci\u00f3n: BN C\u00f3digo:\u00a0LO0012655<\/p>\n\n\n\n<ul class=\"wp-block-list\"><li><a href=\"https:\/\/www.lirapopular.cl\/lirapopularxix\/2021\/10\/19\/el-borracho-2\/\">El borracho<\/a><\/li><li><a href=\"https:\/\/www.lirapopular.cl\/lirapopularxix\/2021\/10\/19\/la-iglesia-parroquial\/\">La iglesia parroquial<\/a><\/li><li><a href=\"https:\/\/www.lirapopular.cl\/lirapopularxix\/2021\/10\/19\/la-mansion-celestial\/\">La mansi\u00f3n celestial<\/a><\/li><\/ul>\n\n\n\n<p>Nota: Documento fechado en 1904.<br \/>Este ejemplar tiene escrito a mano con plum\u00f3n \u201c329\u201d. Por el reverso con un bol\u00edgrafo &#8220;202&#8221;.<br \/>Documento optimizado digitalmente.<\/p>\n","protected":false},"excerpt":{"rendered":"<p>Autor: Jos\u00e9 Miguel Molina.Impresor: 1904 \u2014 779 \u2014 Imp. \u00abTalca\u00bb 3 Oriente, 653 &#8212; 661. \u2014 TalcaTama\u00f1o: 39 x 28 cmClasificaci\u00f3n: BN C\u00f3digo:\u00a0LO0012655 El borracho La iglesia parroquial La mansi\u00f3n celestial Nota: Documento fechado en 1904.Este ejemplar tiene escrito a mano con plum\u00f3n \u201c329\u201d. Por el reverso con un bol\u00edgrafo &#8220;202&#8221;.Documento optimizado digitalmente.<\/p>\n","protected":false},"author":1,"featured_media":0,"parent":0,"menu_order":0,"comment_status":"closed","ping_status":"closed","template":"","meta":{"footnotes":""},"class_list":["post-24827","page","type-page","status-publish","hentry"],"jetpack_sharing_enabled":true,"_links":{"self":[{"href":"https:\/\/www.lirapopular.cl\/lirapopularxix\/wp-json\/wp\/v2\/pages\/24827","targetHints":{"allow":["GET"]}}],"collection":[{"href":"https:\/\/www.lirapopular.cl\/lirapopularxix\/wp-json\/wp\/v2\/pages"}],"about":[{"href":"https:\/\/www.lirapopular.cl\/lirapopularxix\/wp-json\/wp\/v2\/types\/page"}],"author":[{"embeddable":true,"href":"https:\/\/www.lirapopular.cl\/lirapopularxix\/wp-json\/wp\/v2\/users\/1"}],"replies":[{"embeddable":true,"href":"https:\/\/www.lirapopular.cl\/lirapopularxix\/wp-json\/wp\/v2\/comments?post=24827"}],"version-history":[{"count":0,"href":"https:\/\/www.lirapopular.cl\/lirapopularxix\/wp-json\/wp\/v2\/pages\/24827\/revisions"}],"wp:attachment":[{"href":"https:\/\/www.lirapopular.cl\/lirapopularxix\/wp-json\/wp\/v2\/media?parent=24827"}],"curies":[{"name":"wp","href":"https:\/\/api.w.org\/{rel}","templated":true}]}}