{"id":24791,"date":"2021-10-18T20:14:37","date_gmt":"2021-10-19T00:14:37","guid":{"rendered":"https:\/\/www.lirapopular.cl\/lirapopularxix\/?page_id=24791"},"modified":"2021-10-18T20:14:37","modified_gmt":"2021-10-19T00:14:37","slug":"la-lira-popular-no-87","status":"publish","type":"page","link":"https:\/\/www.lirapopular.cl\/lirapopularxix\/la-lira-popular-no-87\/","title":{"rendered":"LA LIRA POPULAR <br>A\u00d1O V-N\u00ba 87 Fundada el 15 de Agosto de 1889 PRECIO 5 Cts.<br>PASION I MUERTE DE NUESTRO SE\u00d1OR JESUCRISTO"},"content":{"rendered":"\n<div class=\"wp-block-image\"><figure class=\"alignright size-medium\"><a href=\"https:\/\/www.lirapopular.cl\/lirapopularxix\/wp-content\/uploads\/2021\/10\/LO0012537.jpg\"><img loading=\"lazy\" decoding=\"async\" width=\"216\" height=\"300\" src=\"https:\/\/www.lirapopular.cl\/lirapopularxix\/wp-content\/uploads\/2021\/10\/LO0012537-216x300.jpg\" alt=\"\" class=\"wp-image-24795\" srcset=\"https:\/\/www.lirapopular.cl\/lirapopularxix\/wp-content\/uploads\/2021\/10\/LO0012537-216x300.jpg 216w, https:\/\/www.lirapopular.cl\/lirapopularxix\/wp-content\/uploads\/2021\/10\/LO0012537.jpg 719w\" sizes=\"auto, (max-width: 216px) 100vw, 216px\" \/><\/a><figcaption>Archivo de Literatura Oral<br \/>Colecci\u00f3n Alamiro de \u00c1vila<\/figcaption><\/figure><\/div>\n\n\n\n<p>Autor: Juan Bautista Peralta. G\u00e1lvez 814. Es propiedad de autor.\u2014 Se proh\u00edbe la reproducci\u00f3n de estas poes\u00edas.<br \/>Impresor: Imp. Esmeralda Bandera 30<br \/>Tama\u00f1o: 77 x 55 cm<br \/>Clasificaci\u00f3n: BN C\u00f3digo: LO0012537<\/p>\n\n\n\n<ul class=\"wp-block-list\"><li><a href=\"https:\/\/www.lirapopular.cl\/lirapopularxix\/2021\/10\/19\/el-comienzo-de-su-pasion\/\">El comienzo de su pasi\u00f3n<\/a><\/li><li><a href=\"https:\/\/www.lirapopular.cl\/lirapopularxix\/2021\/10\/19\/el-camino-al-calvariotristes-episodios\/\">El camino al Calvario. Tristes episodios<\/a><\/li><li><a href=\"https:\/\/www.lirapopular.cl\/lirapopularxix\/2021\/10\/19\/la-calle-de-la-amargurala-madre-dolorosaencuentro-del-sirineo\/\">La calle de la amargura. La madre dolorosa. Encuentro del Sirineo<\/a><\/li><li><a href=\"https:\/\/www.lirapopular.cl\/lirapopularxix\/2021\/10\/19\/la-llegada-al-calvariolas-ultimas-palabras-de-jesus\/\">La llegada al Calvario. Las \u00faltimas palabras de Jes\u00fas<\/a><\/li><li><a href=\"https:\/\/www.lirapopular.cl\/lirapopularxix\/2021\/10\/19\/las-siete-palabrasde-jesus-antes-de-espiraren-la-cruz\/\">Las siete palabras de Jes\u00fas \u00e1ntes de expirar en la Cruz<\/a><\/li><li><a href=\"https:\/\/www.lirapopular.cl\/lirapopularxix\/2021\/10\/19\/desesperacion-i-muertede-judas\/\">Desesperaci\u00f3n y muerte de Judas<\/a><\/li><li><a href=\"https:\/\/www.lirapopular.cl\/lirapopularxix\/2021\/10\/19\/los-lamentos-de-mariaen-la-cumbre-del-calvario\/\">Los lamentos de Mar\u00eda en la cumbre del Calvario<\/a><\/li><li><a href=\"https:\/\/www.lirapopular.cl\/lirapopularxix\/2021\/10\/19\/evocacion-a-la-dolorosa\/\">Evocaci\u00f3n a la dolorosa<\/a><\/li><\/ul>\n\n\n\n<p>Nota: Este ejemplar tiene escrito a mano con plum\u00f3n \u201c211\u201d.<br \/>Documento optimizado digitalmente.<\/p>\n","protected":false},"excerpt":{"rendered":"<p>Autor: Juan Bautista Peralta. G\u00e1lvez 814. Es propiedad de autor.\u2014 Se proh\u00edbe la reproducci\u00f3n de estas poes\u00edas.Impresor: Imp. Esmeralda Bandera 30Tama\u00f1o: 77 x 55 cmClasificaci\u00f3n: BN C\u00f3digo: LO0012537 El comienzo de su pasi\u00f3n El camino al Calvario. Tristes episodios La calle de la amargura. La madre dolorosa. Encuentro del Sirineo La llegada al Calvario. Las [&hellip;]<\/p>\n","protected":false},"author":1,"featured_media":0,"parent":0,"menu_order":0,"comment_status":"closed","ping_status":"closed","template":"","meta":{"footnotes":""},"class_list":["post-24791","page","type-page","status-publish","hentry"],"jetpack_sharing_enabled":true,"_links":{"self":[{"href":"https:\/\/www.lirapopular.cl\/lirapopularxix\/wp-json\/wp\/v2\/pages\/24791","targetHints":{"allow":["GET"]}}],"collection":[{"href":"https:\/\/www.lirapopular.cl\/lirapopularxix\/wp-json\/wp\/v2\/pages"}],"about":[{"href":"https:\/\/www.lirapopular.cl\/lirapopularxix\/wp-json\/wp\/v2\/types\/page"}],"author":[{"embeddable":true,"href":"https:\/\/www.lirapopular.cl\/lirapopularxix\/wp-json\/wp\/v2\/users\/1"}],"replies":[{"embeddable":true,"href":"https:\/\/www.lirapopular.cl\/lirapopularxix\/wp-json\/wp\/v2\/comments?post=24791"}],"version-history":[{"count":0,"href":"https:\/\/www.lirapopular.cl\/lirapopularxix\/wp-json\/wp\/v2\/pages\/24791\/revisions"}],"wp:attachment":[{"href":"https:\/\/www.lirapopular.cl\/lirapopularxix\/wp-json\/wp\/v2\/media?parent=24791"}],"curies":[{"name":"wp","href":"https:\/\/api.w.org\/{rel}","templated":true}]}}