{"id":24764,"date":"2021-10-17T19:22:06","date_gmt":"2021-10-17T23:22:06","guid":{"rendered":"https:\/\/www.lirapopular.cl\/lirapopularxix\/?page_id=24764"},"modified":"2021-10-17T19:22:06","modified_gmt":"2021-10-17T23:22:06","slug":"la-lira-popular-num-67","status":"publish","type":"page","link":"https:\/\/www.lirapopular.cl\/lirapopularxix\/la-lira-popular-num-67\/","title":{"rendered":"LA LIRA POPULAR N\u00fam. 67 <br>Mi saludo a los hu\u00e9spedes del Brasil <br>La llegada del &#8220;Barroso&#8221; a Valparaiso"},"content":{"rendered":"\n<div class=\"wp-block-image\"><figure class=\"alignright size-medium\"><a href=\"https:\/\/www.lirapopular.cl\/lirapopularxix\/wp-content\/uploads\/2021\/10\/LO0012519.jpg\"><img loading=\"lazy\" decoding=\"async\" width=\"217\" height=\"300\" src=\"https:\/\/www.lirapopular.cl\/lirapopularxix\/wp-content\/uploads\/2021\/10\/LO0012519-217x300.jpg\" alt=\"\" class=\"wp-image-24765\" srcset=\"https:\/\/www.lirapopular.cl\/lirapopularxix\/wp-content\/uploads\/2021\/10\/LO0012519-217x300.jpg 217w, https:\/\/www.lirapopular.cl\/lirapopularxix\/wp-content\/uploads\/2021\/10\/LO0012519.jpg 722w\" sizes=\"auto, (max-width: 217px) 100vw, 217px\" \/><\/a><figcaption>Archivo de Literatura Oral<br \/>Colecci\u00f3n Alamiro de \u00c1vila<\/figcaption><\/figure><\/div>\n\n\n\n<p>Autor: Juan Bautista Peralta. G\u00e1lvez 635. Es propiedad del autor.\u2014Se proh\u00edbe la reimpresi\u00f3n de estas poes\u00edas<br \/>Impresor: Imp \u00abEl Debate\u00bb \u2014 S. Diego 291.<br \/>Tama\u00f1o: 70 x 50 cm<br \/>Clasificaci\u00f3n: BN C\u00f3digo:\u00a0LO0012519<\/p>\n\n\n\n<ul class=\"wp-block-list\"><li><a href=\"https:\/\/www.lirapopular.cl\/lirapopularxix\/2021\/10\/18\/mi-saludoa-loshuespedes-del-brasil\/\">Mi saludo a los hu\u00e9spedes del Brasil<\/a><\/li><li><a href=\"https:\/\/www.lirapopular.cl\/lirapopularxix\/2021\/10\/18\/la-llegada-del-barrosoa-valparaiso\/\">La llegada del &#8220;Barroso&#8221; a Valparaiso<\/a><\/li><li><a href=\"https:\/\/www.lirapopular.cl\/lirapopularxix\/2021\/10\/18\/el-viaje-a-santiagoespontaneamanifestacion-de-carino-duranteel-trayecto\/\">El viaje a Santiago. Espont\u00e1nea manifestaci\u00f3n de cari\u00f1o durante el trayecto<\/a><\/li><li><a href=\"https:\/\/www.lirapopular.cl\/lirapopularxix\/2021\/10\/18\/la-granrecepcion-en-santiagoimponente-manifestacion-de-carino\/\">La gran recepci\u00f3n en Santiago. Imponente manifestaci\u00f3n de cari\u00f1o<\/a><\/li><li><a href=\"https:\/\/www.lirapopular.cl\/lirapopularxix\/2021\/10\/18\/en-honorde-los-brasilerosembanderamiento-de-la-ciudad\/\">En honor de los brasileros. Embanderamiento de la ciudad<\/a><\/li><li><a href=\"https:\/\/www.lirapopular.cl\/lirapopularxix\/2021\/10\/18\/cancionen-honor-a-los-brasileros\/\">Canci\u00f3n en honor a los brasileros<\/a><\/li><li><a href=\"https:\/\/www.lirapopular.cl\/lirapopularxix\/2021\/10\/18\/cancion-nacional-brasilera\/\">Canci\u00f3n nacional brasilera (traducci\u00f3n del portugues al espa\u00f1ol)<\/a><\/li><li><a href=\"https:\/\/www.lirapopular.cl\/lirapopularxix\/2021\/10\/18\/cuecas-nuevasparala-llegada-de-los-brasileros\/\">Cuecas nuevas para la llegada de los brasileros<\/a><\/li><li><a href=\"https:\/\/www.lirapopular.cl\/lirapopularxix\/2021\/10\/18\/brindispara-todos-lo-en-honor-al-brasil\/\">Brindis para todos los [&#8230;] en honor al Brasil<\/a><\/li><\/ul>\n\n\n\n<p>Nota: Este ejemplar tiene escrito a mano con plum\u00f3n \u201c193\u201d.<br \/>Documento optimizado digitalmente.<\/p>\n","protected":false},"excerpt":{"rendered":"<p>Autor: Juan Bautista Peralta. G\u00e1lvez 635. Es propiedad del autor.\u2014Se proh\u00edbe la reimpresi\u00f3n de estas poes\u00edasImpresor: Imp \u00abEl Debate\u00bb \u2014 S. Diego 291.Tama\u00f1o: 70 x 50 cmClasificaci\u00f3n: BN C\u00f3digo:\u00a0LO0012519 Mi saludo a los hu\u00e9spedes del Brasil La llegada del &#8220;Barroso&#8221; a Valparaiso El viaje a Santiago. Espont\u00e1nea manifestaci\u00f3n de cari\u00f1o durante el trayecto La gran [&hellip;]<\/p>\n","protected":false},"author":1,"featured_media":0,"parent":0,"menu_order":0,"comment_status":"closed","ping_status":"closed","template":"","meta":{"footnotes":""},"class_list":["post-24764","page","type-page","status-publish","hentry"],"jetpack_sharing_enabled":true,"_links":{"self":[{"href":"https:\/\/www.lirapopular.cl\/lirapopularxix\/wp-json\/wp\/v2\/pages\/24764","targetHints":{"allow":["GET"]}}],"collection":[{"href":"https:\/\/www.lirapopular.cl\/lirapopularxix\/wp-json\/wp\/v2\/pages"}],"about":[{"href":"https:\/\/www.lirapopular.cl\/lirapopularxix\/wp-json\/wp\/v2\/types\/page"}],"author":[{"embeddable":true,"href":"https:\/\/www.lirapopular.cl\/lirapopularxix\/wp-json\/wp\/v2\/users\/1"}],"replies":[{"embeddable":true,"href":"https:\/\/www.lirapopular.cl\/lirapopularxix\/wp-json\/wp\/v2\/comments?post=24764"}],"version-history":[{"count":0,"href":"https:\/\/www.lirapopular.cl\/lirapopularxix\/wp-json\/wp\/v2\/pages\/24764\/revisions"}],"wp:attachment":[{"href":"https:\/\/www.lirapopular.cl\/lirapopularxix\/wp-json\/wp\/v2\/media?parent=24764"}],"curies":[{"name":"wp","href":"https:\/\/api.w.org\/{rel}","templated":true}]}}