{"id":24742,"date":"2021-10-17T16:45:11","date_gmt":"2021-10-17T20:45:11","guid":{"rendered":"https:\/\/www.lirapopular.cl\/lirapopularxix\/?page_id=24742"},"modified":"2021-10-17T16:45:11","modified_gmt":"2021-10-17T20:45:11","slug":"la-lira-popular-num-59","status":"publish","type":"page","link":"https:\/\/www.lirapopular.cl\/lirapopularxix\/la-lira-popular-num-59\/","title":{"rendered":"LA LIRA POPULAR N\u00fam. 59 <br>Mi contestacion a la poetisa porte\u00f1a <br>\u00a1Pobres perros, pobres chinos i pobres infractores del ciento treinta i uno!"},"content":{"rendered":"\n<div class=\"wp-block-image\"><figure class=\"alignright size-medium\"><a href=\"https:\/\/www.lirapopular.cl\/lirapopularxix\/wp-content\/uploads\/2021\/10\/LO0012512.jpg\"><img decoding=\"async\" src=\"https:\/\/www.lirapopular.cl\/lirapopularxix\/wp-content\/uploads\/2021\/10\/LO0012512-208x300.jpg\" alt=\"\" class=\"wp-image-24747\"\/><\/a><figcaption>Archivo de Literatura Oral<br \/>Colecci\u00f3n Alamiro de \u00c1vila<\/figcaption><\/figure><\/div>\n\n\n\n<p>Autor: Juan Bautista Peralta. Coquimbo 1026, entre S. Diego y Arturo Prat. Es propiedad del autor. \u2014 Se proh\u00edbe la reimpresi\u00f3n de estas poes\u00edas.<br \/>Impresor: Imp. \u00abEl Debate\u00bb \u2014 S. Diego 291<br \/>Tama\u00f1o: 56 x 38 cm<br \/>Clasificaci\u00f3n: BN C\u00f3digo:\u00a0LO0012512<\/p>\n\n\n\n<ul class=\"wp-block-list\"><li><a href=\"https:\/\/www.lirapopular.cl\/lirapopularxix\/2021\/10\/17\/mi-contestaciona-la-poetisa-portena\/\">Mi contestaci\u00f3n a la poetisa porte\u00f1a<\/a><\/li><li><a href=\"https:\/\/www.lirapopular.cl\/lirapopularxix\/2021\/10\/17\/pobres-perrospobres-chinosi-pobres-infractores-del-cientotreinta-i-uno\/\">\u00a1Pobres perros, pobres chinos y pobres infractores del ciento treinta y uno!<\/a><\/li><li><a href=\"https:\/\/www.lirapopular.cl\/lirapopularxix\/2021\/10\/17\/el-glorioso-aniversariodel-veinte-de-enero\/\">El glorioso aniversario del veinte de enero<\/a><\/li><li><a href=\"https:\/\/www.lirapopular.cl\/lirapopularxix\/2021\/10\/17\/polemica-entre-un-futrei-un-guaso\/\">Pol\u00e9mica entre un futre y un huaso<\/a><\/li><li><a href=\"https:\/\/www.lirapopular.cl\/lirapopularxix\/2021\/10\/17\/cuecas-11\/\">Cuecas<\/a><\/li><li><a href=\"https:\/\/www.lirapopular.cl\/lirapopularxix\/2021\/10\/17\/tonadas-7\/\">Tonadas<\/a><\/li><\/ul>\n\n\n\n<p>Nota: El contrapunto entre Peralta e Inostroza se publicar\u00e1 en la Lira Popular y la C\u00edtara Santiaguina respectivamente.<br \/>Este ejemplar tiene escrito a mano con plum\u00f3n \u201c186\u201d. Por el reverso con bol\u00edgrafo &#8220;119&#8221;.<br \/>Documento optimizado digitalmente.<\/p>\n","protected":false},"excerpt":{"rendered":"<p>Autor: Juan Bautista Peralta. Coquimbo 1026, entre S. Diego y Arturo Prat. Es propiedad del autor. \u2014 Se proh\u00edbe la reimpresi\u00f3n de estas poes\u00edas.Impresor: Imp. \u00abEl Debate\u00bb \u2014 S. Diego 291Tama\u00f1o: 56 x 38 cmClasificaci\u00f3n: BN C\u00f3digo:\u00a0LO0012512 Mi contestaci\u00f3n a la poetisa porte\u00f1a \u00a1Pobres perros, pobres chinos y pobres infractores del ciento treinta y uno! [&hellip;]<\/p>\n","protected":false},"author":1,"featured_media":0,"parent":0,"menu_order":0,"comment_status":"closed","ping_status":"closed","template":"","meta":{"footnotes":""},"class_list":["post-24742","page","type-page","status-publish","hentry"],"jetpack_sharing_enabled":true,"_links":{"self":[{"href":"https:\/\/www.lirapopular.cl\/lirapopularxix\/wp-json\/wp\/v2\/pages\/24742","targetHints":{"allow":["GET"]}}],"collection":[{"href":"https:\/\/www.lirapopular.cl\/lirapopularxix\/wp-json\/wp\/v2\/pages"}],"about":[{"href":"https:\/\/www.lirapopular.cl\/lirapopularxix\/wp-json\/wp\/v2\/types\/page"}],"author":[{"embeddable":true,"href":"https:\/\/www.lirapopular.cl\/lirapopularxix\/wp-json\/wp\/v2\/users\/1"}],"replies":[{"embeddable":true,"href":"https:\/\/www.lirapopular.cl\/lirapopularxix\/wp-json\/wp\/v2\/comments?post=24742"}],"version-history":[{"count":0,"href":"https:\/\/www.lirapopular.cl\/lirapopularxix\/wp-json\/wp\/v2\/pages\/24742\/revisions"}],"wp:attachment":[{"href":"https:\/\/www.lirapopular.cl\/lirapopularxix\/wp-json\/wp\/v2\/media?parent=24742"}],"curies":[{"name":"wp","href":"https:\/\/api.w.org\/{rel}","templated":true}]}}