{"id":24711,"date":"2021-10-16T21:37:21","date_gmt":"2021-10-17T01:37:21","guid":{"rendered":"https:\/\/www.lirapopular.cl\/lirapopularxix\/?page_id=24711"},"modified":"2021-10-16T21:37:21","modified_gmt":"2021-10-17T01:37:21","slug":"los-fantasmas-del-cerro-santa-lucia","status":"publish","type":"page","link":"https:\/\/www.lirapopular.cl\/lirapopularxix\/los-fantasmas-del-cerro-santa-lucia\/","title":{"rendered":"Los fantasmas del Cerro Santa Lucia, Primera sentencia del HIJO que asesin\u00f3 a su padre en la calle Duarte Casamiento del hijo con la madre.\u2014 Una confesion de amor.\u2014 Sentencia de un padre que estaba asesinando a cuatro hijos por medio de tormentos.\u2014 Huelga de los suplementeros."},"content":{"rendered":"\n<div class=\"wp-block-image\"><figure class=\"alignright size-medium\"><a href=\"https:\/\/www.lirapopular.cl\/lirapopularxix\/wp-content\/uploads\/2021\/10\/LO0012452.jpg\"><img loading=\"lazy\" decoding=\"async\" width=\"213\" height=\"300\" src=\"https:\/\/www.lirapopular.cl\/lirapopularxix\/wp-content\/uploads\/2021\/10\/LO0012452-213x300.jpg\" alt=\"\" class=\"wp-image-24712\" srcset=\"https:\/\/www.lirapopular.cl\/lirapopularxix\/wp-content\/uploads\/2021\/10\/LO0012452-213x300.jpg 213w, https:\/\/www.lirapopular.cl\/lirapopularxix\/wp-content\/uploads\/2021\/10\/LO0012452.jpg 710w\" sizes=\"auto, (max-width: 213px) 100vw, 213px\" \/><\/a><figcaption>Archivo de Literatura Oral<br \/>Colecci\u00f3n Alamiro de \u00c1vila<\/figcaption><\/figure><\/div>\n\n\n\n<p>Autor: Juan Bautista Peralta.<br \/>Impresor: Imp. C. Henr\u00edquez.\u2014 San Diego 239.<br \/>Tama\u00f1o: 55 x 38 cm<br \/>Clasificaci\u00f3n: BN C\u00f3digo:&nbsp;LO0012452<\/p>\n\n\n\n<ul class=\"wp-block-list\"><li><a href=\"https:\/\/www.lirapopular.cl\/lirapopularxix\/2021\/10\/17\/los-fantasmas-del-cerro-santa-lucia\/\">Los fantasmas del Cerro Santa Lucia<\/a><\/li><li><a href=\"https:\/\/www.lirapopular.cl\/lirapopularxix\/2021\/10\/17\/primera-sentencia-del-hijo-que-asesino-a-su-padre-en-calle-duarte\/\">Primera sentencia del hijo que asesin\u00f3 a su padre en calle Duarte<\/a><\/li><li><a href=\"https:\/\/www.lirapopular.cl\/lirapopularxix\/2021\/10\/17\/casamiento-del-hijo-con-la-madre\/\">Casamiento del hijo con la madre<\/a><\/li><li><a href=\"https:\/\/www.lirapopular.cl\/lirapopularxix\/2021\/10\/17\/una-confesion-de-amor\/\">Una confesi\u00f3n de amor<\/a><\/li><li><a href=\"https:\/\/www.lirapopular.cl\/lirapopularxix\/2021\/10\/17\/sentencia-de-un-padre-que-estaba-asesinando-a-cuatro-hijos-por-medio-de-tormentos\/\">Sentencia de un padre que estaba asesinando a cuatro hijos por medio de tormentos<\/a><\/li><li><a href=\"https:\/\/www.lirapopular.cl\/lirapopularxix\/2021\/10\/17\/huelga-de-los-suplementeros-2\/\">Huelga de los suplementeros<\/a><\/li><\/ul>\n\n\n\n<p>Nota: Los versos no tienen t\u00edtulos y en la cabecera aparecen en una larga lista.<br \/>Este ejemplar tiene escrito a mano con plum\u00f3n \u201c126\u201d y con l\u00e1piz azul &#8220;13&#8221;.<br \/>Documento optimizado digitalmente.<\/p>\n","protected":false},"excerpt":{"rendered":"<p>Autor: Juan Bautista Peralta.Impresor: Imp. C. Henr\u00edquez.\u2014 San Diego 239.Tama\u00f1o: 55 x 38 cmClasificaci\u00f3n: BN C\u00f3digo:&nbsp;LO0012452 Los fantasmas del Cerro Santa Lucia Primera sentencia del hijo que asesin\u00f3 a su padre en calle Duarte Casamiento del hijo con la madre Una confesi\u00f3n de amor Sentencia de un padre que estaba asesinando a cuatro hijos por [&hellip;]<\/p>\n","protected":false},"author":1,"featured_media":0,"parent":0,"menu_order":0,"comment_status":"closed","ping_status":"closed","template":"","meta":{"footnotes":""},"class_list":["post-24711","page","type-page","status-publish","hentry"],"jetpack_sharing_enabled":true,"_links":{"self":[{"href":"https:\/\/www.lirapopular.cl\/lirapopularxix\/wp-json\/wp\/v2\/pages\/24711","targetHints":{"allow":["GET"]}}],"collection":[{"href":"https:\/\/www.lirapopular.cl\/lirapopularxix\/wp-json\/wp\/v2\/pages"}],"about":[{"href":"https:\/\/www.lirapopular.cl\/lirapopularxix\/wp-json\/wp\/v2\/types\/page"}],"author":[{"embeddable":true,"href":"https:\/\/www.lirapopular.cl\/lirapopularxix\/wp-json\/wp\/v2\/users\/1"}],"replies":[{"embeddable":true,"href":"https:\/\/www.lirapopular.cl\/lirapopularxix\/wp-json\/wp\/v2\/comments?post=24711"}],"version-history":[{"count":0,"href":"https:\/\/www.lirapopular.cl\/lirapopularxix\/wp-json\/wp\/v2\/pages\/24711\/revisions"}],"wp:attachment":[{"href":"https:\/\/www.lirapopular.cl\/lirapopularxix\/wp-json\/wp\/v2\/media?parent=24711"}],"curies":[{"name":"wp","href":"https:\/\/api.w.org\/{rel}","templated":true}]}}