{"id":24690,"date":"2021-10-16T12:17:18","date_gmt":"2021-10-16T16:17:18","guid":{"rendered":"https:\/\/www.lirapopular.cl\/lirapopularxix\/?page_id=24690"},"modified":"2021-10-16T12:17:18","modified_gmt":"2021-10-16T16:17:18","slug":"los-criminales-electricos","status":"publish","type":"page","link":"https:\/\/www.lirapopular.cl\/lirapopularxix\/los-criminales-electricos\/","title":{"rendered":"LOS CRIMINALES ELECTRICOS <br>LA ECHADA A PIQUE EN LAUTARO I EL JIGANTE DE LOS ANDES"},"content":{"rendered":"\n<div class=\"wp-block-image\"><figure class=\"alignright size-medium\"><a href=\"https:\/\/www.lirapopular.cl\/lirapopularxix\/wp-content\/uploads\/2021\/10\/LO0012559.jpg\"><img loading=\"lazy\" decoding=\"async\" width=\"213\" height=\"300\" src=\"https:\/\/www.lirapopular.cl\/lirapopularxix\/wp-content\/uploads\/2021\/10\/LO0012559-213x300.jpg\" alt=\"\" class=\"wp-image-24693\" srcset=\"https:\/\/www.lirapopular.cl\/lirapopularxix\/wp-content\/uploads\/2021\/10\/LO0012559-213x300.jpg 213w, https:\/\/www.lirapopular.cl\/lirapopularxix\/wp-content\/uploads\/2021\/10\/LO0012559.jpg 709w\" sizes=\"auto, (max-width: 213px) 100vw, 213px\" \/><\/a><figcaption>Archivo de Literatura Oral<br \/>Colecci\u00f3n Alamiro de \u00c1vila<\/figcaption><\/figure><\/div>\n\n\n\n<p>Autor: Desiderio Parra.<br \/>Impresor: Imp. \u00abLa Sin Rival\u00bb Sta. Rosa 683.<br \/>Tama\u00f1o: 55 x 39 cm<br \/>Clasificaci\u00f3n: BN C\u00f3digo:\u00a0LO0012559<\/p>\n\n\n\n<ul class=\"wp-block-list\"><li><a href=\"https:\/\/www.lirapopular.cl\/lirapopularxix\/2021\/10\/16\/terrible-muertede-dos-ancianos-por-los-carros-elec-tricos\/\">Terrible muerte de los ancianos por los carros electricos<\/a><\/li><li><a href=\"https:\/\/www.lirapopular.cl\/lirapopularxix\/2021\/10\/16\/la-hechada-a-piqueen-lautaro\/\">La hechada a pique en Lautaro<\/a><\/li><li><a href=\"https:\/\/www.lirapopular.cl\/lirapopularxix\/2021\/10\/16\/el-jigante-en-los-andes\/\">El gigante en los Andes<\/a><\/li><li><a href=\"https:\/\/www.lirapopular.cl\/lirapopularxix\/2021\/10\/16\/una-jente-sin-honor\/\">Una gente sin honor<\/a><\/li><li><a href=\"https:\/\/www.lirapopular.cl\/lirapopularxix\/2021\/10\/16\/redondilla-de-losnumeros\/\">Redondilla de los n\u00fameros<\/a><\/li><\/ul>\n\n\n\n<p>Nota: Este ejemplar tiene escrito a mano con plum\u00f3n \u201c233\u201d. Por el reverso con un bol\u00edgrafo &#8220;98&#8221;.<br \/>Documento optimizado digitalmente.<\/p>\n","protected":false},"excerpt":{"rendered":"<p>Autor: Desiderio Parra.Impresor: Imp. \u00abLa Sin Rival\u00bb Sta. Rosa 683.Tama\u00f1o: 55 x 39 cmClasificaci\u00f3n: BN C\u00f3digo:\u00a0LO0012559 Terrible muerte de los ancianos por los carros electricos La hechada a pique en Lautaro El gigante en los Andes Una gente sin honor Redondilla de los n\u00fameros Nota: Este ejemplar tiene escrito a mano con plum\u00f3n \u201c233\u201d. Por [&hellip;]<\/p>\n","protected":false},"author":1,"featured_media":0,"parent":0,"menu_order":0,"comment_status":"closed","ping_status":"closed","template":"","meta":{"footnotes":""},"class_list":["post-24690","page","type-page","status-publish","hentry"],"jetpack_sharing_enabled":true,"_links":{"self":[{"href":"https:\/\/www.lirapopular.cl\/lirapopularxix\/wp-json\/wp\/v2\/pages\/24690","targetHints":{"allow":["GET"]}}],"collection":[{"href":"https:\/\/www.lirapopular.cl\/lirapopularxix\/wp-json\/wp\/v2\/pages"}],"about":[{"href":"https:\/\/www.lirapopular.cl\/lirapopularxix\/wp-json\/wp\/v2\/types\/page"}],"author":[{"embeddable":true,"href":"https:\/\/www.lirapopular.cl\/lirapopularxix\/wp-json\/wp\/v2\/users\/1"}],"replies":[{"embeddable":true,"href":"https:\/\/www.lirapopular.cl\/lirapopularxix\/wp-json\/wp\/v2\/comments?post=24690"}],"version-history":[{"count":0,"href":"https:\/\/www.lirapopular.cl\/lirapopularxix\/wp-json\/wp\/v2\/pages\/24690\/revisions"}],"wp:attachment":[{"href":"https:\/\/www.lirapopular.cl\/lirapopularxix\/wp-json\/wp\/v2\/media?parent=24690"}],"curies":[{"name":"wp","href":"https:\/\/api.w.org\/{rel}","templated":true}]}}