{"id":24647,"date":"2021-10-15T19:09:02","date_gmt":"2021-10-15T23:09:02","guid":{"rendered":"https:\/\/www.lirapopular.cl\/lirapopularxix\/?page_id=24647"},"modified":"2021-10-15T19:09:02","modified_gmt":"2021-10-15T23:09:02","slug":"la-lira-popular-octavo-numero","status":"publish","type":"page","link":"https:\/\/www.lirapopular.cl\/lirapopularxix\/la-lira-popular-octavo-numero\/","title":{"rendered":"LIRA POPULAR OCTAVO N\u00daMERO"},"content":{"rendered":"\n<div class=\"wp-block-image\"><figure class=\"alignright size-medium\"><a href=\"https:\/\/www.lirapopular.cl\/lirapopularxix\/wp-content\/uploads\/2021\/10\/LO0012467.jpg\"><img loading=\"lazy\" decoding=\"async\" width=\"207\" height=\"300\" src=\"https:\/\/www.lirapopular.cl\/lirapopularxix\/wp-content\/uploads\/2021\/10\/LO0012467-207x300.jpg\" alt=\"\" class=\"wp-image-24651\" srcset=\"https:\/\/www.lirapopular.cl\/lirapopularxix\/wp-content\/uploads\/2021\/10\/LO0012467-207x300.jpg 207w, https:\/\/www.lirapopular.cl\/lirapopularxix\/wp-content\/uploads\/2021\/10\/LO0012467.jpg 690w\" sizes=\"auto, (max-width: 207px) 100vw, 207px\" \/><\/a><figcaption>Archivo de Literatura Oral<br \/>Colecci\u00f3n Alamiro de \u00c1vila<\/figcaption><\/figure><\/div>\n\n\n\n<p>Autor: Juan Bautista Peralta. G\u00e1lvez 820<br \/>Impresor: Imp. Maturana 884<br \/>Tama\u00f1o: 56 x 38 cm<br \/>Clasificaci\u00f3n: BN C\u00f3digo:\u00a0LO0012467<\/p>\n\n\n\n<ul class=\"wp-block-list\"><li><a href=\"https:\/\/www.lirapopular.cl\/lirapopularxix\/2021\/10\/16\/espantoso-drama-una-mujer-asesino\/\">Espantoso drama. Una mujer asesina a tres hijos, al marido al suegro, a la suegra y en seguida se ahorc\u00f3<\/a><\/li><li><a href=\"https:\/\/www.lirapopular.cl\/lirapopularxix\/2021\/10\/16\/preparativosde-la-venganza\/\">Preparativos de la venganza<\/a><\/li><li><a href=\"https:\/\/www.lirapopular.cl\/lirapopularxix\/2021\/10\/16\/la-ejecucion-del-drama\/\">La ejecuci\u00f3n del drama<\/a><\/li><li><a href=\"https:\/\/www.lirapopular.cl\/lirapopularxix\/2021\/10\/16\/artilleria-lirica\/\">Artiller\u00eda l\u00edrica. Contestaci\u00f3n al fuego graneado de Daniel Meneses<\/a><\/li><li><a href=\"https:\/\/www.lirapopular.cl\/lirapopularxix\/2021\/10\/16\/atenciona-la-dulceria-escobar\/\">Atenci\u00f3n a la dulcer\u00eda Escobar<\/a><\/li><li><a href=\"https:\/\/www.lirapopular.cl\/lirapopularxix\/2021\/10\/16\/el-recuerdo-de-una-noche\/\">El recuerdo de una noche<\/a><\/li><\/ul>\n\n\n\n<p>Nota: Este ejemplar tiene escrito a mano con plum\u00f3n \u201c141\u201d. Por el reverso con bol\u00edgrafo &#8220;157&#8221;.<br \/>Documento optimizado digitalmente.<\/p>\n","protected":false},"excerpt":{"rendered":"<p>Autor: Juan Bautista Peralta. G\u00e1lvez 820Impresor: Imp. Maturana 884Tama\u00f1o: 56 x 38 cmClasificaci\u00f3n: BN C\u00f3digo:\u00a0LO0012467 Espantoso drama. Una mujer asesina a tres hijos, al marido al suegro, a la suegra y en seguida se ahorc\u00f3 Preparativos de la venganza La ejecuci\u00f3n del drama Artiller\u00eda l\u00edrica. Contestaci\u00f3n al fuego graneado de Daniel Meneses Atenci\u00f3n a la [&hellip;]<\/p>\n","protected":false},"author":1,"featured_media":0,"parent":0,"menu_order":0,"comment_status":"closed","ping_status":"closed","template":"","meta":{"footnotes":""},"class_list":["post-24647","page","type-page","status-publish","hentry"],"jetpack_sharing_enabled":true,"_links":{"self":[{"href":"https:\/\/www.lirapopular.cl\/lirapopularxix\/wp-json\/wp\/v2\/pages\/24647","targetHints":{"allow":["GET"]}}],"collection":[{"href":"https:\/\/www.lirapopular.cl\/lirapopularxix\/wp-json\/wp\/v2\/pages"}],"about":[{"href":"https:\/\/www.lirapopular.cl\/lirapopularxix\/wp-json\/wp\/v2\/types\/page"}],"author":[{"embeddable":true,"href":"https:\/\/www.lirapopular.cl\/lirapopularxix\/wp-json\/wp\/v2\/users\/1"}],"replies":[{"embeddable":true,"href":"https:\/\/www.lirapopular.cl\/lirapopularxix\/wp-json\/wp\/v2\/comments?post=24647"}],"version-history":[{"count":0,"href":"https:\/\/www.lirapopular.cl\/lirapopularxix\/wp-json\/wp\/v2\/pages\/24647\/revisions"}],"wp:attachment":[{"href":"https:\/\/www.lirapopular.cl\/lirapopularxix\/wp-json\/wp\/v2\/media?parent=24647"}],"curies":[{"name":"wp","href":"https:\/\/api.w.org\/{rel}","templated":true}]}}