{"id":2462,"date":"2019-08-11T12:27:17","date_gmt":"2019-08-11T16:27:17","guid":{"rendered":"https:\/\/www.lirapopular.cl\/lirapopularxix\/?page_id=2462"},"modified":"2019-08-11T12:27:17","modified_gmt":"2019-08-11T16:27:17","slug":"gran-salteo-tres-muertos-y-tres-heridos","status":"publish","type":"page","link":"https:\/\/www.lirapopular.cl\/lirapopularxix\/gran-salteo-tres-muertos-y-tres-heridos\/","title":{"rendered":"GRAN SALTEO <BR>TRES MUERTOS Y TRES HERIDOS"},"content":{"rendered":"\n<div class=\"wp-block-image\"><figure class=\"alignright\"><a href=\"https:\/\/www.lirapopular.cl\/lirapopularxix\/wp-content\/uploads\/2019\/08\/484.jpg\"><img loading=\"lazy\" decoding=\"async\" width=\"218\" height=\"300\" src=\"https:\/\/www.lirapopular.cl\/lirapopularxix\/wp-content\/uploads\/2019\/08\/484-218x300.jpg\" alt=\"\" class=\"wp-image-2464\" srcset=\"https:\/\/www.lirapopular.cl\/lirapopularxix\/wp-content\/uploads\/2019\/08\/484-218x300.jpg 218w, https:\/\/www.lirapopular.cl\/lirapopularxix\/wp-content\/uploads\/2019\/08\/484.jpg 727w\" sizes=\"auto, (max-width: 218px) 100vw, 218px\" \/><\/a><figcaption>Colecci\u00f3n Lira Popular de la <br>Universidad de Chile<\/figcaption><\/figure><\/div>\n\n\n\n<p>Autor: Pepa Aravena<br>Impresor: Sin informaci\u00f3n<br>Tama\u00f1o: 37,6 x 56,2 cm<br>Clasificaci\u00f3n: 484 A663s Caja N\u00b06b<br>BN C\u00f3digo:\u00a0LO0012073<\/p>\n\n\n\n<ul class=\"wp-block-list\"><li><a href=\"https:\/\/www.lirapopular.cl\/lirapopularxix\/2019\/08\/11\/la-madre-i-la-hija-quemadas-vivas-por-cinco-bandidos\/\">La madre y la hija quemadas vivas por cinco bandidos<\/a><\/li><li><a href=\"https:\/\/www.lirapopular.cl\/lirapopularxix\/2019\/08\/11\/gran-salteo-muertos-y-heridos\/\">Gran salteo. Muertos y heridos<\/a><\/li><li><a href=\"https:\/\/www.lirapopular.cl\/lirapopularxix\/2019\/08\/11\/nuevas-amenazas-de-los-cuyanos\/\">Nuevas amenazas de los cuyanos<\/a><\/li><li><a href=\"https:\/\/www.lirapopular.cl\/lirapopularxix\/2019\/08\/11\/verso-a-lo-divino-2\/\">Verso a lo divino<\/a><\/li><li><a href=\"https:\/\/www.lirapopular.cl\/lirapopularxix\/2019\/08\/11\/verso-del-puro-amor\/\">Verso del puro amor<\/a><\/li><\/ul>\n\n\n\n<p>Nota: El 1er ejemplar tiene escrito a mano con l\u00e1piz rojo \u201c484\u201d. En cuatro de los versos aparece manuscrito &#8220;de Reyes&#8221;.<br>El 2\u00ba ejemplar tiene escrito a mano con l\u00e1piz rojo \u201c-15-\u201d, con l\u00e1piz grafito &#8220;2&#8221; y con timbre &#8220;61&#8221;<br>Documentos optimizados digitalmente.<\/p>\n\n\n\n<div class=\"wp-block-image\"><figure class=\"alignright size-medium\"><a href=\"https:\/\/www.lirapopular.cl\/lirapopularxix\/wp-content\/uploads\/2020\/06\/LO0012073.jpg\"><img decoding=\"async\" src=\"https:\/\/www.lirapopular.cl\/lirapopularxix\/wp-content\/uploads\/2020\/06\/LO0012073-210x300.jpg\" alt=\"\" class=\"wp-image-10078\"\/><\/a><figcaption>Archivo de Literatura Oral<br>Fondo Rodolfo Lenz<\/figcaption><\/figure><\/div>\n","protected":false},"excerpt":{"rendered":"<p>Autor: Pepa AravenaImpresor: Sin informaci\u00f3nTama\u00f1o: 37,6 x 56,2 cmClasificaci\u00f3n: 484 A663s Caja N\u00b06bBN C\u00f3digo:\u00a0LO0012073 La madre y la hija quemadas vivas por cinco bandidos Gran salteo. Muertos y heridos Nuevas amenazas de los cuyanos Verso a lo divino Verso del puro amor Nota: El 1er ejemplar tiene escrito a mano con l\u00e1piz rojo \u201c484\u201d. En [&hellip;]<\/p>\n","protected":false},"author":1,"featured_media":0,"parent":0,"menu_order":0,"comment_status":"closed","ping_status":"closed","template":"","meta":{"footnotes":""},"class_list":["post-2462","page","type-page","status-publish","hentry"],"jetpack_sharing_enabled":true,"_links":{"self":[{"href":"https:\/\/www.lirapopular.cl\/lirapopularxix\/wp-json\/wp\/v2\/pages\/2462","targetHints":{"allow":["GET"]}}],"collection":[{"href":"https:\/\/www.lirapopular.cl\/lirapopularxix\/wp-json\/wp\/v2\/pages"}],"about":[{"href":"https:\/\/www.lirapopular.cl\/lirapopularxix\/wp-json\/wp\/v2\/types\/page"}],"author":[{"embeddable":true,"href":"https:\/\/www.lirapopular.cl\/lirapopularxix\/wp-json\/wp\/v2\/users\/1"}],"replies":[{"embeddable":true,"href":"https:\/\/www.lirapopular.cl\/lirapopularxix\/wp-json\/wp\/v2\/comments?post=2462"}],"version-history":[{"count":0,"href":"https:\/\/www.lirapopular.cl\/lirapopularxix\/wp-json\/wp\/v2\/pages\/2462\/revisions"}],"wp:attachment":[{"href":"https:\/\/www.lirapopular.cl\/lirapopularxix\/wp-json\/wp\/v2\/media?parent=2462"}],"curies":[{"name":"wp","href":"https:\/\/api.w.org\/{rel}","templated":true}]}}