{"id":24587,"date":"2021-10-14T20:38:54","date_gmt":"2021-10-15T00:38:54","guid":{"rendered":"https:\/\/www.lirapopular.cl\/lirapopularxix\/?page_id=24587"},"modified":"2021-10-14T20:38:54","modified_gmt":"2021-10-15T00:38:54","slug":"la-lira-popular-num-73","status":"publish","type":"page","link":"https:\/\/www.lirapopular.cl\/lirapopularxix\/la-lira-popular-num-73\/","title":{"rendered":"La Lira Popular N\u00fam. 73"},"content":{"rendered":"\n<div class=\"wp-block-image\"><figure class=\"alignright size-medium\"><a href=\"https:\/\/www.lirapopular.cl\/lirapopularxix\/wp-content\/uploads\/2021\/10\/LO0012525.jpg\"><img loading=\"lazy\" decoding=\"async\" width=\"218\" height=\"300\" src=\"https:\/\/www.lirapopular.cl\/lirapopularxix\/wp-content\/uploads\/2021\/10\/LO0012525-218x300.jpg\" alt=\"\" class=\"wp-image-24590\" srcset=\"https:\/\/www.lirapopular.cl\/lirapopularxix\/wp-content\/uploads\/2021\/10\/LO0012525-218x300.jpg 218w, https:\/\/www.lirapopular.cl\/lirapopularxix\/wp-content\/uploads\/2021\/10\/LO0012525.jpg 726w\" sizes=\"auto, (max-width: 218px) 100vw, 218px\" \/><\/a><figcaption>Archivo de Literatura Oral<br \/>Colecci\u00f3n Alamiro de \u00c1vila<\/figcaption><\/figure><\/div>\n\n\n\n<p>Autor: Juan Bautista Peralta. Es propiedad de autor. Se proh\u00edbe la reimpresi\u00f3n de estas poes\u00edas. G\u00e1lvez 158.<br \/>Impresor:\u00a0Imp. \u00abEl Debate\u00bb \u2014 S. Diego 291.<br \/>Tama\u00f1o: 69 x 50 cm<br \/>Clasificaci\u00f3n: BN C\u00f3digo:\u00a0LO0012525<\/p>\n\n\n\n<ul class=\"wp-block-list\"><li><a href=\"https:\/\/www.lirapopular.cl\/lirapopularxix\/2021\/10\/15\/la-independenciade-chilemi-saludo-a-la-patria\/\">La Independencia de Chile. Mi saludo a la patria<\/a><\/li><li><a href=\"https:\/\/www.lirapopular.cl\/lirapopularxix\/2021\/10\/15\/cancion-en-honor-a-laindependencia\/\">Canci\u00f3n en honor a la Independencia<\/a><\/li><li><a href=\"https:\/\/www.lirapopular.cl\/lirapopularxix\/2021\/10\/15\/lista-de-ninas-i-jovenespara-un-gran-conviteen-el-parque\/\">Lista de ni\u00f1as y j\u00f3venes para un gran convite en el parque<\/a><\/li><li><a href=\"https:\/\/www.lirapopular.cl\/lirapopularxix\/2021\/10\/15\/cuecas-nuevaspara-cantar-en-el-parque\/\">Cuecas nuevas para cantar en el parque<\/a><\/li><li><a href=\"https:\/\/www.lirapopular.cl\/lirapopularxix\/2021\/10\/15\/brindis-13\/\">Brindis<\/a><\/li><li><a href=\"https:\/\/www.lirapopular.cl\/lirapopularxix\/2021\/10\/15\/la-supercheria-del-siglo\/\">La supercher\u00eda del siglo. El ni\u00f1o David Gonz\u00e1lez. Detalles de sus curaciones<\/a><\/li><li><a href=\"https:\/\/www.lirapopular.cl\/lirapopularxix\/2021\/10\/15\/pregunta-de-un-jovena-su-queridaal-verla-mui-triste\/\">Pregunta de un joven a su querida al verla muy triste<\/a><\/li><li><a href=\"https:\/\/www.lirapopular.cl\/lirapopularxix\/2021\/10\/15\/contestacion-de-la-nina\/\">Contestaci\u00f3n de la ni\u00f1a<\/a><\/li><li><a href=\"https:\/\/www.lirapopular.cl\/lirapopularxix\/2021\/10\/15\/autorizcion-de-un-rotopara-cantar-en-el-parque\/\">Autorizaci\u00f3n de un roto para cantar en el parque<\/a><\/li><\/ul>\n\n\n\n<p>Nota: Este ejemplar tiene escrito a mano con plum\u00f3n \u201c199\u201d.<br \/>Documento optimizado digitalmente.<\/p>\n","protected":false},"excerpt":{"rendered":"<p>Autor: Juan Bautista Peralta. Es propiedad de autor. Se proh\u00edbe la reimpresi\u00f3n de estas poes\u00edas. G\u00e1lvez 158.Impresor:\u00a0Imp. \u00abEl Debate\u00bb \u2014 S. Diego 291.Tama\u00f1o: 69 x 50 cmClasificaci\u00f3n: BN C\u00f3digo:\u00a0LO0012525 La Independencia de Chile. Mi saludo a la patria Canci\u00f3n en honor a la Independencia Lista de ni\u00f1as y j\u00f3venes para un gran convite en el [&hellip;]<\/p>\n","protected":false},"author":1,"featured_media":0,"parent":0,"menu_order":0,"comment_status":"closed","ping_status":"closed","template":"","meta":{"footnotes":""},"class_list":["post-24587","page","type-page","status-publish","hentry"],"jetpack_sharing_enabled":true,"_links":{"self":[{"href":"https:\/\/www.lirapopular.cl\/lirapopularxix\/wp-json\/wp\/v2\/pages\/24587","targetHints":{"allow":["GET"]}}],"collection":[{"href":"https:\/\/www.lirapopular.cl\/lirapopularxix\/wp-json\/wp\/v2\/pages"}],"about":[{"href":"https:\/\/www.lirapopular.cl\/lirapopularxix\/wp-json\/wp\/v2\/types\/page"}],"author":[{"embeddable":true,"href":"https:\/\/www.lirapopular.cl\/lirapopularxix\/wp-json\/wp\/v2\/users\/1"}],"replies":[{"embeddable":true,"href":"https:\/\/www.lirapopular.cl\/lirapopularxix\/wp-json\/wp\/v2\/comments?post=24587"}],"version-history":[{"count":0,"href":"https:\/\/www.lirapopular.cl\/lirapopularxix\/wp-json\/wp\/v2\/pages\/24587\/revisions"}],"wp:attachment":[{"href":"https:\/\/www.lirapopular.cl\/lirapopularxix\/wp-json\/wp\/v2\/media?parent=24587"}],"curies":[{"name":"wp","href":"https:\/\/api.w.org\/{rel}","templated":true}]}}