{"id":24538,"date":"2021-10-14T09:44:54","date_gmt":"2021-10-14T13:44:54","guid":{"rendered":"https:\/\/www.lirapopular.cl\/lirapopularxix\/?page_id=24538"},"modified":"2021-10-14T09:44:54","modified_gmt":"2021-10-14T13:44:54","slug":"la-lira-popular-num-65","status":"publish","type":"page","link":"https:\/\/www.lirapopular.cl\/lirapopularxix\/la-lira-popular-num-65\/","title":{"rendered":"LA LIRA POPULAR N\u00fam. 65"},"content":{"rendered":"\n<div class=\"wp-block-image\"><figure class=\"alignright size-medium\"><a href=\"https:\/\/www.lirapopular.cl\/lirapopularxix\/wp-content\/uploads\/2021\/10\/LO0012517.jpg\"><img loading=\"lazy\" decoding=\"async\" width=\"226\" height=\"300\" src=\"https:\/\/www.lirapopular.cl\/lirapopularxix\/wp-content\/uploads\/2021\/10\/LO0012517-226x300.jpg\" alt=\"\" class=\"wp-image-24541\" srcset=\"https:\/\/www.lirapopular.cl\/lirapopularxix\/wp-content\/uploads\/2021\/10\/LO0012517-226x300.jpg 226w, https:\/\/www.lirapopular.cl\/lirapopularxix\/wp-content\/uploads\/2021\/10\/LO0012517.jpg 753w\" sizes=\"auto, (max-width: 226px) 100vw, 226px\" \/><\/a><figcaption>Archivo de Literatura Oral<br \/>Colecci\u00f3n Alamiro de \u00c1vila<\/figcaption><\/figure><\/div>\n\n\n\n<p>Autor: Juan Bautista Peralta. Es propiedad del autor. G\u00e1lvez 635<br \/>Impresor: Sin informaci\u00f3n<br \/>Tama\u00f1o: 67 x 50 cm<br \/>Clasificaci\u00f3n: BN C\u00f3digo: LO0012517<\/p>\n\n\n\n<ul class=\"wp-block-list\"><li><a href=\"https:\/\/www.lirapopular.cl\/lirapopularxix\/2021\/10\/14\/entrada-de-jesus-a-jerusalen\/\">Entrada de Jes\u00fas a Jerusal\u00e9n. Los principios de sus tormentos (tomado del Martirologio)<\/a><\/li><li><a href=\"https:\/\/www.lirapopular.cl\/lirapopularxix\/2021\/10\/14\/la-segunda-tentacionde-jesus\/\">La segunda tentaci\u00f3n de Jes\u00fas<\/a><\/li><li><a href=\"https:\/\/www.lirapopular.cl\/lirapopularxix\/2021\/10\/14\/continuacionde-la-tentacion\/\">Continuaci\u00f3n de la tentaci\u00f3n<\/a><\/li><li><a href=\"https:\/\/www.lirapopular.cl\/lirapopularxix\/2021\/10\/14\/continua-la-narracion\/\">Contin\u00faa la narraci\u00f3n<\/a><\/li><li><a href=\"https:\/\/www.lirapopular.cl\/lirapopularxix\/2021\/10\/14\/prision-i-sentenciade-jesus\/\">Prisi\u00f3n y sentencia de Jes\u00fas<\/a><\/li><li><a href=\"https:\/\/www.lirapopular.cl\/lirapopularxix\/2021\/10\/14\/la-llegada-al-calvariomuerte-de-jesus\/\">La llegada al Calvario. Muerte de Jesus<\/a><\/li><li><a href=\"https:\/\/www.lirapopular.cl\/lirapopularxix\/2021\/10\/14\/los-lamentos-de-maria-2\/\">Los lamentos de Mar\u00eda<\/a><\/li><li><a href=\"https:\/\/www.lirapopular.cl\/lirapopularxix\/2021\/10\/14\/la-resurreccionde-cristoimponente-milagro\/\">La resurrecci\u00f3n de Cristo. Imponente milagro<\/a><\/li><\/ul>\n\n\n\n<p>Nota: Este ejemplar tiene escrito a mano con plum\u00f3n \u201c191\u201d.<br \/>Reutiliza imagen de la Lira 43.<br \/>Documento optimizado digitalmente.<\/p>\n","protected":false},"excerpt":{"rendered":"<p>Autor: Juan Bautista Peralta. Es propiedad del autor. G\u00e1lvez 635Impresor: Sin informaci\u00f3nTama\u00f1o: 67 x 50 cmClasificaci\u00f3n: BN C\u00f3digo: LO0012517 Entrada de Jes\u00fas a Jerusal\u00e9n. Los principios de sus tormentos (tomado del Martirologio) La segunda tentaci\u00f3n de Jes\u00fas Continuaci\u00f3n de la tentaci\u00f3n Contin\u00faa la narraci\u00f3n Prisi\u00f3n y sentencia de Jes\u00fas La llegada al Calvario. Muerte de [&hellip;]<\/p>\n","protected":false},"author":1,"featured_media":0,"parent":0,"menu_order":0,"comment_status":"closed","ping_status":"closed","template":"","meta":{"footnotes":""},"class_list":["post-24538","page","type-page","status-publish","hentry"],"jetpack_sharing_enabled":true,"_links":{"self":[{"href":"https:\/\/www.lirapopular.cl\/lirapopularxix\/wp-json\/wp\/v2\/pages\/24538","targetHints":{"allow":["GET"]}}],"collection":[{"href":"https:\/\/www.lirapopular.cl\/lirapopularxix\/wp-json\/wp\/v2\/pages"}],"about":[{"href":"https:\/\/www.lirapopular.cl\/lirapopularxix\/wp-json\/wp\/v2\/types\/page"}],"author":[{"embeddable":true,"href":"https:\/\/www.lirapopular.cl\/lirapopularxix\/wp-json\/wp\/v2\/users\/1"}],"replies":[{"embeddable":true,"href":"https:\/\/www.lirapopular.cl\/lirapopularxix\/wp-json\/wp\/v2\/comments?post=24538"}],"version-history":[{"count":0,"href":"https:\/\/www.lirapopular.cl\/lirapopularxix\/wp-json\/wp\/v2\/pages\/24538\/revisions"}],"wp:attachment":[{"href":"https:\/\/www.lirapopular.cl\/lirapopularxix\/wp-json\/wp\/v2\/media?parent=24538"}],"curies":[{"name":"wp","href":"https:\/\/api.w.org\/{rel}","templated":true}]}}