{"id":24487,"date":"2021-10-13T14:59:46","date_gmt":"2021-10-13T18:59:46","guid":{"rendered":"https:\/\/www.lirapopular.cl\/lirapopularxix\/?page_id=24487"},"modified":"2021-10-13T14:59:46","modified_gmt":"2021-10-13T18:59:46","slug":"la-lira-popular-num-51","status":"publish","type":"page","link":"https:\/\/www.lirapopular.cl\/lirapopularxix\/la-lira-popular-num-51\/","title":{"rendered":"La Lira Popular \u2014 N\u00fam. 51"},"content":{"rendered":"<div class=\"wp-block-image\">\n<figure class=\"alignright size-medium\"><a href=\"https:\/\/www.lirapopular.cl\/lirapopularxix\/wp-content\/uploads\/2021\/10\/LO0012505.jpg\"><img decoding=\"async\" src=\"https:\/\/www.lirapopular.cl\/lirapopularxix\/wp-content\/uploads\/2021\/10\/LO0012505-207x300.jpg\" alt=\"\" class=\"wp-image-24490\"\/><\/a><figcaption>Archivo de Literatura Oral<br \/>Colecci\u00f3n Alamiro de \u00c1vila<\/figcaption><\/figure>\n<\/div>\n\n\n<p>Autor: Juan Bautista Peralta. Es propiedad del autor.\u2014Se proh\u00edbe la reimpresi\u00f3n de estas poes\u00edas. G\u00e1lvez 826.<br \/>Impresor: Imp. Esmeralda.\u2014 Sant., Bandera 30.<br \/>Tama\u00f1o: 69 x 47 cm<br \/>Clasificaci\u00f3n: BN C\u00f3digo:&nbsp;LO0012505<\/p>\n\n\n\n<ul class=\"wp-block-list\"><li><a href=\"https:\/\/www.lirapopular.cl\/lirapopularxix\/2021\/10\/14\/grandes-fiestas-en-honorde-los-marinos-arjentinossu-llegada-a-chile\/\">Grandes fiestas en honor de los marinos argentinos. Su llegada a Chile<\/a><\/li><li><a href=\"https:\/\/www.lirapopular.cl\/lirapopularxix\/2021\/10\/14\/el-anode-la-independencia\/\">El a\u00f1o de la Independencia<\/a><\/li><li><a href=\"https:\/\/www.lirapopular.cl\/lirapopularxix\/2021\/10\/14\/la-gran-recepcionde-los-arjentinos\/\">La gran recepci\u00f3n de los argentinos<\/a><\/li><li><a href=\"https:\/\/www.lirapopular.cl\/lirapopularxix\/2021\/10\/14\/elojios-a-los-gobiernosde-chile-i-la-arjentina\/\">Elogios a los gobiernos de Chile y la Argentina<\/a><\/li><li><a href=\"https:\/\/www.lirapopular.cl\/lirapopularxix\/2021\/10\/14\/dialogoentre-un-abstinente-i-un-bebedor\/\">Di\u00e1logo entre un abstinente y un bebedor por la prohibici\u00f3n de las fondas<\/a><\/li><li><a href=\"https:\/\/www.lirapopular.cl\/lirapopularxix\/2021\/10\/14\/invitacion-a-mis-amigoi-amigas-fara-el-dieciocho\/\">Invitaci\u00f3n a mis amigos y amigas para el dieciocho<\/a><\/li><li><a href=\"https:\/\/www.lirapopular.cl\/lirapopularxix\/2021\/10\/14\/brindis-patriotico\/\">Brindis patri\u00f3tico<\/a><\/li><li><a href=\"https:\/\/www.lirapopular.cl\/lirapopularxix\/2021\/10\/14\/cueca-patriota\/\">Cueca patriota<\/a><\/li><\/ul>\n\n\n\n<p>Nota: Este ejemplar tiene escrito a mano con plum\u00f3n \u201c179\u201d. Documento coloreado a mano.<br \/>Documento optimizado digitalmente.<\/p>\n","protected":false},"excerpt":{"rendered":"<p>Autor: Juan Bautista Peralta. Es propiedad del autor.\u2014Se proh\u00edbe la reimpresi\u00f3n de estas poes\u00edas. G\u00e1lvez 826.Impresor: Imp. Esmeralda.\u2014 Sant., Bandera 30.Tama\u00f1o: 69 x 47 cmClasificaci\u00f3n: BN C\u00f3digo:&nbsp;LO0012505 Grandes fiestas en honor de los marinos argentinos. Su llegada a Chile El a\u00f1o de la Independencia La gran recepci\u00f3n de los argentinos Elogios a los gobiernos de [&hellip;]<\/p>\n","protected":false},"author":1,"featured_media":0,"parent":0,"menu_order":0,"comment_status":"closed","ping_status":"closed","template":"","meta":{"footnotes":""},"class_list":["post-24487","page","type-page","status-publish","hentry"],"jetpack_sharing_enabled":true,"_links":{"self":[{"href":"https:\/\/www.lirapopular.cl\/lirapopularxix\/wp-json\/wp\/v2\/pages\/24487","targetHints":{"allow":["GET"]}}],"collection":[{"href":"https:\/\/www.lirapopular.cl\/lirapopularxix\/wp-json\/wp\/v2\/pages"}],"about":[{"href":"https:\/\/www.lirapopular.cl\/lirapopularxix\/wp-json\/wp\/v2\/types\/page"}],"author":[{"embeddable":true,"href":"https:\/\/www.lirapopular.cl\/lirapopularxix\/wp-json\/wp\/v2\/users\/1"}],"replies":[{"embeddable":true,"href":"https:\/\/www.lirapopular.cl\/lirapopularxix\/wp-json\/wp\/v2\/comments?post=24487"}],"version-history":[{"count":0,"href":"https:\/\/www.lirapopular.cl\/lirapopularxix\/wp-json\/wp\/v2\/pages\/24487\/revisions"}],"wp:attachment":[{"href":"https:\/\/www.lirapopular.cl\/lirapopularxix\/wp-json\/wp\/v2\/media?parent=24487"}],"curies":[{"name":"wp","href":"https:\/\/api.w.org\/{rel}","templated":true}]}}