{"id":24464,"date":"2021-10-12T19:42:47","date_gmt":"2021-10-12T23:42:47","guid":{"rendered":"https:\/\/www.lirapopular.cl\/lirapopularxix\/?page_id=24464"},"modified":"2021-10-12T19:42:47","modified_gmt":"2021-10-12T23:42:47","slug":"la-lira-popular-num-43","status":"publish","type":"page","link":"https:\/\/www.lirapopular.cl\/lirapopularxix\/la-lira-popular-num-43\/","title":{"rendered":"LA LIRA POPULAR \u2014 N\u00fam. 43"},"content":{"rendered":"\n<div class=\"wp-block-image\"><figure class=\"alignright size-medium\"><a href=\"https:\/\/www.lirapopular.cl\/lirapopularxix\/wp-content\/uploads\/2021\/10\/LO0012501.jpg\"><img loading=\"lazy\" decoding=\"async\" width=\"210\" height=\"300\" src=\"https:\/\/www.lirapopular.cl\/lirapopularxix\/wp-content\/uploads\/2021\/10\/LO0012501-210x300.jpg\" alt=\"\" class=\"wp-image-24465\" srcset=\"https:\/\/www.lirapopular.cl\/lirapopularxix\/wp-content\/uploads\/2021\/10\/LO0012501-210x300.jpg 210w, https:\/\/www.lirapopular.cl\/lirapopularxix\/wp-content\/uploads\/2021\/10\/LO0012501.jpg 700w\" sizes=\"auto, (max-width: 210px) 100vw, 210px\" \/><\/a><figcaption>Archivo de Literatura Oral<br \/>Colecci\u00f3n Alamiro de \u00c1vila<\/figcaption><\/figure><\/div>\n\n\n\n<p>Autor: Juan Bautista Peralta. Es propiedad del autor.\u2014Se proh\u00edbe la reimpresi\u00f3n de estas poes\u00edas. G\u00e1lvez 158.<br \/>Impresor: \u00a0Imp. \u00abEl Debate\u00bb \u2014 Serrano 193<br \/>Tama\u00f1o: 56 x 39 cm<br \/>Clasificaci\u00f3n: BN C\u00f3digo:\u00a0LO0012501<\/p>\n\n\n\n<ul class=\"wp-block-list\"><li><a href=\"https:\/\/www.lirapopular.cl\/lirapopularxix\/2021\/10\/13\/los-sucesosde-la-semana-santa\/\">Los sucesos de la Semana Santa<\/a><\/li><li><a href=\"https:\/\/www.lirapopular.cl\/lirapopularxix\/2021\/10\/13\/el-camino-al-calvario\/\">El camino al Calvario<\/a><\/li><li><a href=\"https:\/\/www.lirapopular.cl\/lirapopularxix\/2021\/10\/13\/las-siete-palabrasde-jesusantes-de-espirar\/\">Las siete palabras de Jes\u00fas antes de expirar<\/a><\/li><li><a href=\"https:\/\/www.lirapopular.cl\/lirapopularxix\/2021\/10\/13\/comentariosobre-la-muerte-de-jesus\/\">Comentario sobre la muerte de Jes\u00fas<\/a><\/li><li><a href=\"https:\/\/www.lirapopular.cl\/lirapopularxix\/2021\/10\/13\/sobre-la-maldicion-del-judio-errante\/\">Sobre la maldici\u00f3n del jud\u00edo errante. Acontecimientos de Jerusalen a la muerte del Cristo<\/a><\/li><li><a href=\"https:\/\/www.lirapopular.cl\/lirapopularxix\/2021\/10\/13\/lamentos-de-mariasus-quejas-contra-el-anjel-por-susalutacion\/\">Lamentos de Mar\u00eda. Sus quejas contra el \u00e1ngel por su salutaci\u00f3n<\/a><\/li><\/ul>\n\n\n\n<p>Nota: Este ejemplar tiene escrito a mano con plum\u00f3n \u201c175\u201d. Por el reverso sobre una etiqueta &#8220;73&#8221;.<br \/>Documento optimizado digitalmente.<\/p>\n","protected":false},"excerpt":{"rendered":"<p>Autor: Juan Bautista Peralta. Es propiedad del autor.\u2014Se proh\u00edbe la reimpresi\u00f3n de estas poes\u00edas. G\u00e1lvez 158.Impresor: \u00a0Imp. \u00abEl Debate\u00bb \u2014 Serrano 193Tama\u00f1o: 56 x 39 cmClasificaci\u00f3n: BN C\u00f3digo:\u00a0LO0012501 Los sucesos de la Semana Santa El camino al Calvario Las siete palabras de Jes\u00fas antes de expirar Comentario sobre la muerte de Jes\u00fas Sobre la maldici\u00f3n [&hellip;]<\/p>\n","protected":false},"author":1,"featured_media":0,"parent":0,"menu_order":0,"comment_status":"closed","ping_status":"closed","template":"","meta":{"footnotes":""},"class_list":["post-24464","page","type-page","status-publish","hentry"],"jetpack_sharing_enabled":true,"_links":{"self":[{"href":"https:\/\/www.lirapopular.cl\/lirapopularxix\/wp-json\/wp\/v2\/pages\/24464","targetHints":{"allow":["GET"]}}],"collection":[{"href":"https:\/\/www.lirapopular.cl\/lirapopularxix\/wp-json\/wp\/v2\/pages"}],"about":[{"href":"https:\/\/www.lirapopular.cl\/lirapopularxix\/wp-json\/wp\/v2\/types\/page"}],"author":[{"embeddable":true,"href":"https:\/\/www.lirapopular.cl\/lirapopularxix\/wp-json\/wp\/v2\/users\/1"}],"replies":[{"embeddable":true,"href":"https:\/\/www.lirapopular.cl\/lirapopularxix\/wp-json\/wp\/v2\/comments?post=24464"}],"version-history":[{"count":0,"href":"https:\/\/www.lirapopular.cl\/lirapopularxix\/wp-json\/wp\/v2\/pages\/24464\/revisions"}],"wp:attachment":[{"href":"https:\/\/www.lirapopular.cl\/lirapopularxix\/wp-json\/wp\/v2\/media?parent=24464"}],"curies":[{"name":"wp","href":"https:\/\/api.w.org\/{rel}","templated":true}]}}