{"id":24407,"date":"2021-10-11T16:21:01","date_gmt":"2021-10-11T20:21:01","guid":{"rendered":"https:\/\/www.lirapopular.cl\/lirapopularxix\/?page_id=24407"},"modified":"2021-10-11T16:21:01","modified_gmt":"2021-10-11T20:21:01","slug":"la-lira-popular-num-39","status":"publish","type":"page","link":"https:\/\/www.lirapopular.cl\/lirapopularxix\/la-lira-popular-num-39\/","title":{"rendered":"LA LIRA POPULAR \u2014 N\u00fam. 39"},"content":{"rendered":"\n<div class=\"wp-block-image\"><figure class=\"alignright size-medium\"><a href=\"https:\/\/www.lirapopular.cl\/lirapopularxix\/wp-content\/uploads\/2021\/10\/LO0012497.jpg\"><img loading=\"lazy\" decoding=\"async\" width=\"231\" height=\"300\" src=\"https:\/\/www.lirapopular.cl\/lirapopularxix\/wp-content\/uploads\/2021\/10\/LO0012497-231x300.jpg\" alt=\"\" class=\"wp-image-24410\" srcset=\"https:\/\/www.lirapopular.cl\/lirapopularxix\/wp-content\/uploads\/2021\/10\/LO0012497-231x300.jpg 231w, https:\/\/www.lirapopular.cl\/lirapopularxix\/wp-content\/uploads\/2021\/10\/LO0012497-768x996.jpg 768w, https:\/\/www.lirapopular.cl\/lirapopularxix\/wp-content\/uploads\/2021\/10\/LO0012497.jpg 771w\" sizes=\"auto, (max-width: 231px) 100vw, 231px\" \/><\/a><figcaption>Archivo de Literatura Oral<br \/>Colecci\u00f3n Alamiro de \u00c1vila<\/figcaption><\/figure><\/div>\n\n\n\n<p>Autor: Juan Bautista Peralta. Arturo Prat 840. Es propiedad del autor.\u2014Se proh\u00edbe la reimpresi\u00f3n de estas poes\u00edas.<br \/>Impresor: Imp. \u00abEl Debate\u00bb \u2014 Serrano 193<br \/>Tama\u00f1o: Biblioteca Nacional omiti\u00f3 el tama\u00f1o.<br \/>Clasificaci\u00f3n: BN C\u00f3digo:\u00a0LO0012497<\/p>\n\n\n\n<ul class=\"wp-block-list\"><li><a href=\"https:\/\/www.lirapopular.cl\/lirapopularxix\/2021\/10\/11\/espantoso-crimenuna-ninita-violadai-despues-quemada-viva\/\">Espantoso crimen. Una ni\u00f1ita violada y despu\u00e9s quemada viva<\/a><\/li><li><a href=\"https:\/\/www.lirapopular.cl\/lirapopularxix\/2021\/10\/11\/un-padre-que-asesinacuatro-hijos-por-interes-de-casarse\/\">Un padre que asesina cuatro hijos por inter\u00e9s de casarse<\/a><\/li><li><a href=\"https:\/\/www.lirapopular.cl\/lirapopularxix\/2021\/10\/11\/el-nacimientode-un-jigante-en-la-frontera\/\">El nacimiento de un gigante en la frontera<\/a><\/li><li><a href=\"https:\/\/www.lirapopular.cl\/lirapopularxix\/2021\/10\/11\/un-monopolioen-perspectiva\/\">Un monopolio en perspectiva<\/a><\/li><li><a href=\"https:\/\/www.lirapopular.cl\/lirapopularxix\/2021\/10\/11\/el-proximofin-del-mundo\/\">El pr\u00f3ximo fin del mundo<\/a><\/li><li><a href=\"https:\/\/www.lirapopular.cl\/lirapopularxix\/2021\/10\/11\/la-conclusion-del-infiernoarrepentimiento-del-diablo\/\">La conclusi\u00f3n del infierno. Arrepentimiento del diablo<\/a><\/li><\/ul>\n\n\n\n<p>Nota: Documento optimizado digitalmente.<\/p>\n","protected":false},"excerpt":{"rendered":"<p>Autor: Juan Bautista Peralta. Arturo Prat 840. Es propiedad del autor.\u2014Se proh\u00edbe la reimpresi\u00f3n de estas poes\u00edas.Impresor: Imp. \u00abEl Debate\u00bb \u2014 Serrano 193Tama\u00f1o: Biblioteca Nacional omiti\u00f3 el tama\u00f1o.Clasificaci\u00f3n: BN C\u00f3digo:\u00a0LO0012497 Espantoso crimen. Una ni\u00f1ita violada y despu\u00e9s quemada viva Un padre que asesina cuatro hijos por inter\u00e9s de casarse El nacimiento de un gigante en [&hellip;]<\/p>\n","protected":false},"author":1,"featured_media":0,"parent":0,"menu_order":0,"comment_status":"closed","ping_status":"closed","template":"","meta":{"footnotes":""},"class_list":["post-24407","page","type-page","status-publish","hentry"],"jetpack_sharing_enabled":true,"_links":{"self":[{"href":"https:\/\/www.lirapopular.cl\/lirapopularxix\/wp-json\/wp\/v2\/pages\/24407","targetHints":{"allow":["GET"]}}],"collection":[{"href":"https:\/\/www.lirapopular.cl\/lirapopularxix\/wp-json\/wp\/v2\/pages"}],"about":[{"href":"https:\/\/www.lirapopular.cl\/lirapopularxix\/wp-json\/wp\/v2\/types\/page"}],"author":[{"embeddable":true,"href":"https:\/\/www.lirapopular.cl\/lirapopularxix\/wp-json\/wp\/v2\/users\/1"}],"replies":[{"embeddable":true,"href":"https:\/\/www.lirapopular.cl\/lirapopularxix\/wp-json\/wp\/v2\/comments?post=24407"}],"version-history":[{"count":0,"href":"https:\/\/www.lirapopular.cl\/lirapopularxix\/wp-json\/wp\/v2\/pages\/24407\/revisions"}],"wp:attachment":[{"href":"https:\/\/www.lirapopular.cl\/lirapopularxix\/wp-json\/wp\/v2\/media?parent=24407"}],"curies":[{"name":"wp","href":"https:\/\/api.w.org\/{rel}","templated":true}]}}