{"id":244,"date":"2019-06-05T00:53:43","date_gmt":"2019-06-05T00:53:43","guid":{"rendered":"https:\/\/www.lirapopular.cl\/lirapopularxix\/?page_id=244"},"modified":"2019-06-05T00:53:43","modified_gmt":"2019-06-05T00:53:43","slug":"el-oso-que-se-comio-a-una-mujer","status":"publish","type":"page","link":"https:\/\/www.lirapopular.cl\/lirapopularxix\/el-oso-que-se-comio-a-una-mujer\/","title":{"rendered":"El oso que se comi\u00f3 a una mujer"},"content":{"rendered":"\n<div class=\"wp-block-image\"><figure class=\"alignright\"><a href=\"https:\/\/www.lirapopular.cl\/lirapopularxix\/wp-content\/uploads\/2019\/06\/346.jpg\"><img loading=\"lazy\" decoding=\"async\" width=\"221\" height=\"300\" src=\"https:\/\/www.lirapopular.cl\/lirapopularxix\/wp-content\/uploads\/2019\/06\/346-221x300.jpg\" alt=\"\" class=\"wp-image-245\" srcset=\"https:\/\/www.lirapopular.cl\/lirapopularxix\/wp-content\/uploads\/2019\/06\/346-221x300.jpg 221w, https:\/\/www.lirapopular.cl\/lirapopularxix\/wp-content\/uploads\/2019\/06\/346.jpg 736w\" sizes=\"auto, (max-width: 221px) 100vw, 221px\" \/><\/a><figcaption>Colecci\u00f3n Lira Popular de la <br>Universidad de Chile<\/figcaption><\/figure><\/div>\n\n\n<p style=\"text-align: left;\">Autor: J. Hip\u00f3lito Cordero<br \/>Impresor: Sin informaci\u00f3n<br \/>Tama\u00f1o: 27,3 x 33,4 cm<br \/>Clasificaci\u00f3n: <span data-sheets-value=\"{&quot;1&quot;:2,&quot;2&quot;:&quot;346 C794o  Caja N\u00b01b&quot;}\" data-sheets-userformat=\"{&quot;2&quot;:641,&quot;3&quot;:{&quot;1&quot;:0},&quot;10&quot;:0,&quot;12&quot;:0}\">346 C794o Caja N\u00b01b,\u00a0BN C\u00f3digo: <span class=\"pv-branch pnid-670 cid-521\"><span class=\" pnid-670 pv-pid-0 pvid-826261 cid-521\">LO0012030,\u00a0BN C\u00f3digo: <span class=\" pnid-670 pv-pid-0 pvid-1171476 cid-521\">LO0012566<\/span><\/span><\/span><br \/><\/span><\/p>\n<ul>\n<li><a href=\"https:\/\/www.lirapopular.cl\/lirapopularxix\/2019\/06\/05\/el-osoque-se-comio-a-una-mujer\/\">El oso que se comi\u00f3 a una mujer<\/a><\/li>\n<li><a href=\"https:\/\/www.lirapopular.cl\/lirapopularxix\/2019\/06\/05\/al-poeta-meneses\/\">Al poeta Meneses<\/a><\/li>\n<li><a href=\"https:\/\/www.lirapopular.cl\/lirapopularxix\/2019\/06\/05\/al-mismo-poeta\/\">Al mismo poeta<\/a><\/li>\n<li><a href=\"https:\/\/www.lirapopular.cl\/lirapopularxix\/2019\/06\/05\/5-brindis\/\">5 Brindis<\/a><\/li>\n<\/ul>\n<p>Nota: El 1er ejemplar tiene escrito a mano con l\u00e1piz rojo \u201c346\u201d<br \/>El 2\u00ba ejemplar tiene escrito a mano con l\u00e1piz rojo \u201c-1-\u201d (borrado &#8220;19&#8221; y &#8220;11&#8221;, con timbre &#8220;98&#8221;, con grafito &#8220;9&#8221;, &#8220;astronom\u00eda&#8221;<br \/>El 3er ejemplar tiene escrito a mano con l\u00e1piz azul \u201c1\u201d y con plum\u00f3n &#8220;240&#8221;. En el reverso &#8220;231&#8221; y &#8220;227&#8221; tachado.<br \/>Documentos optimizados digitalmente.<\/p>\n\n\n<div class=\"wp-block-image\"><figure class=\"alignright size-medium\"><a href=\"https:\/\/www.lirapopular.cl\/lirapopularxix\/wp-content\/uploads\/2020\/07\/LO0012030.jpg\"><img loading=\"lazy\" decoding=\"async\" width=\"213\" height=\"300\" src=\"https:\/\/www.lirapopular.cl\/lirapopularxix\/wp-content\/uploads\/2020\/07\/LO0012030-213x300.jpg\" alt=\"\" class=\"wp-image-10681\" srcset=\"https:\/\/www.lirapopular.cl\/lirapopularxix\/wp-content\/uploads\/2020\/07\/LO0012030-213x300.jpg 213w, https:\/\/www.lirapopular.cl\/lirapopularxix\/wp-content\/uploads\/2020\/07\/LO0012030.jpg 710w\" sizes=\"auto, (max-width: 213px) 100vw, 213px\" \/><\/a><figcaption>Archivo de Literatura Oral<br>Fondo Rodolfo Lenz<\/figcaption><\/figure><\/div>\n\n\n\n<p><span style=\"color:#ffffff\" class=\"has-inline-color\">.<\/span><\/p>\n\n\n\n<p><span style=\"color:#ffffff\" class=\"has-inline-color\">.<\/span><\/p>\n\n\n\n<p><span style=\"color:#ffffff\" class=\"has-inline-color\">.<\/span><\/p>\n\n\n\n<p><span style=\"color:#ffffff\" class=\"has-inline-color\">.<\/span><\/p>\n\n\n\n<p><span style=\"color:#ffffff\" class=\"has-inline-color\">.<\/span><\/p>\n\n\n\n<p><span style=\"color:#ffffff\" class=\"has-inline-color\">.<\/span><\/p>\n\n\n\n<p><span style=\"color:#ffffff\" class=\"has-inline-color\">.<\/span><\/p>\n\n\n\n<p><span class=\"has-inline-color has-white-color\">.<\/span><\/p>\n\n\n\n<p><span class=\"has-inline-color has-white-color\">.<\/span><\/p>\n\n\n\n<div class=\"wp-block-image\"><figure class=\"alignright size-medium\"><a href=\"https:\/\/www.lirapopular.cl\/lirapopularxix\/wp-content\/uploads\/2020\/07\/LO0012566.jpg\"><img loading=\"lazy\" decoding=\"async\" width=\"300\" height=\"199\" src=\"https:\/\/www.lirapopular.cl\/lirapopularxix\/wp-content\/uploads\/2020\/07\/LO0012566-300x199.jpg\" alt=\"\" class=\"wp-image-10684\" srcset=\"https:\/\/www.lirapopular.cl\/lirapopularxix\/wp-content\/uploads\/2020\/07\/LO0012566-300x199.jpg 300w, https:\/\/www.lirapopular.cl\/lirapopularxix\/wp-content\/uploads\/2020\/07\/LO0012566-768x510.jpg 768w, https:\/\/www.lirapopular.cl\/lirapopularxix\/wp-content\/uploads\/2020\/07\/LO0012566.jpg 1000w\" sizes=\"auto, (max-width: 300px) 100vw, 300px\" \/><\/a><figcaption>Archivo de Literatura Oral<br>Colecci\u00f3n Alamiro de \u00c1vila<\/figcaption><\/figure><\/div>\n","protected":false},"excerpt":{"rendered":"<p>Autor: J. Hip\u00f3lito CorderoImpresor: Sin informaci\u00f3nTama\u00f1o: 27,3 x 33,4 cmClasificaci\u00f3n: 346 C794o Caja N\u00b01b,\u00a0BN C\u00f3digo: LO0012030,\u00a0BN C\u00f3digo: LO0012566 El oso que se comi\u00f3 a una mujer Al poeta Meneses Al mismo poeta 5 Brindis Nota: El 1er ejemplar tiene escrito a mano con l\u00e1piz rojo \u201c346\u201dEl 2\u00ba ejemplar tiene escrito a mano con l\u00e1piz rojo [&hellip;]<\/p>\n","protected":false},"author":1,"featured_media":0,"parent":0,"menu_order":0,"comment_status":"closed","ping_status":"closed","template":"","meta":{"footnotes":""},"class_list":["post-244","page","type-page","status-publish","hentry"],"jetpack_sharing_enabled":true,"_links":{"self":[{"href":"https:\/\/www.lirapopular.cl\/lirapopularxix\/wp-json\/wp\/v2\/pages\/244","targetHints":{"allow":["GET"]}}],"collection":[{"href":"https:\/\/www.lirapopular.cl\/lirapopularxix\/wp-json\/wp\/v2\/pages"}],"about":[{"href":"https:\/\/www.lirapopular.cl\/lirapopularxix\/wp-json\/wp\/v2\/types\/page"}],"author":[{"embeddable":true,"href":"https:\/\/www.lirapopular.cl\/lirapopularxix\/wp-json\/wp\/v2\/users\/1"}],"replies":[{"embeddable":true,"href":"https:\/\/www.lirapopular.cl\/lirapopularxix\/wp-json\/wp\/v2\/comments?post=244"}],"version-history":[{"count":0,"href":"https:\/\/www.lirapopular.cl\/lirapopularxix\/wp-json\/wp\/v2\/pages\/244\/revisions"}],"wp:attachment":[{"href":"https:\/\/www.lirapopular.cl\/lirapopularxix\/wp-json\/wp\/v2\/media?parent=244"}],"curies":[{"name":"wp","href":"https:\/\/api.w.org\/{rel}","templated":true}]}}