{"id":24352,"date":"2021-10-09T09:30:40","date_gmt":"2021-10-09T13:30:40","guid":{"rendered":"https:\/\/www.lirapopular.cl\/lirapopularxix\/?page_id=24352"},"modified":"2021-10-09T09:30:40","modified_gmt":"2021-10-09T13:30:40","slug":"la-lira-popular-num-33","status":"publish","type":"page","link":"https:\/\/www.lirapopular.cl\/lirapopularxix\/la-lira-popular-num-33\/","title":{"rendered":"LA LIRA Popular \u2014 N\u00fam. 33"},"content":{"rendered":"\n<p>Autor: Juan Bautista Peralta. G\u00e1lvez 826. Es propiedad del autor.\u2014Se proh\u00edbe la reimpresi\u00f3n de estas poes\u00edas.<br \/>Impresor: Imp. Santa Rosa 252 ant.<br \/>Tama\u00f1o: 54 x 39 cm<br \/>Clasificaci\u00f3n: BN C\u00f3digo:\u00a0LO0012491<\/p>\n\n\n\n<div class=\"wp-block-image\"><figure class=\"alignright size-medium\"><a href=\"https:\/\/www.lirapopular.cl\/lirapopularxix\/wp-content\/uploads\/2021\/10\/LO0012491.jpg\"><img loading=\"lazy\" decoding=\"async\" width=\"216\" height=\"300\" src=\"https:\/\/www.lirapopular.cl\/lirapopularxix\/wp-content\/uploads\/2021\/10\/LO0012491-216x300.jpg\" alt=\"\" class=\"wp-image-24356\" srcset=\"https:\/\/www.lirapopular.cl\/lirapopularxix\/wp-content\/uploads\/2021\/10\/LO0012491-216x300.jpg 216w, https:\/\/www.lirapopular.cl\/lirapopularxix\/wp-content\/uploads\/2021\/10\/LO0012491.jpg 720w\" sizes=\"auto, (max-width: 216px) 100vw, 216px\" \/><\/a><figcaption>Archivo de Literatura Oral<br \/>Colecci\u00f3n Alamiro de \u00c1vila<\/figcaption><\/figure><\/div>\n\n\n\n<ul class=\"wp-block-list\"><li><a href=\"https:\/\/www.lirapopular.cl\/lirapopularxix\/2021\/10\/10\/intento-de-fugadel-reo-negrete\/\">Intento de fuga del reo Negrete<\/a><\/li><li><a href=\"https:\/\/www.lirapopular.cl\/lirapopularxix\/2021\/10\/10\/los-deliriosde-negreteal-ser-puesto-en-capilla\/\">Los delirios de Negrete al ser puesto en capilla<\/a><\/li><li><a href=\"https:\/\/www.lirapopular.cl\/lirapopularxix\/2021\/10\/10\/cartadel-reo-negrete-2\/\">Carta del reo Negrete<\/a><\/li><li><a href=\"https:\/\/www.lirapopular.cl\/lirapopularxix\/2021\/10\/10\/el-conflictochileno-arjentinola-proxima-guerra\/\">El conflicto chileno-argentino. La pr\u00f3xima guerra<\/a><\/li><li><a href=\"https:\/\/www.lirapopular.cl\/lirapopularxix\/2021\/10\/10\/versosdel-reo-puesto-en-capi-lla-i-su-proximaejecucion\/\">Versos del reo en capilla y su pr\u00f3xima ejecuci\u00f3n<\/a><\/li><\/ul>\n\n\n\n<p>Nota: Este ejemplar tiene escrito a mano con plum\u00f3n \u201c165\u201d. Por el reverso sobre una etiqueta &#8220;94&#8221;.<br \/>Documento optimizado digitalmente.<\/p>\n","protected":false},"excerpt":{"rendered":"<p>Autor: Juan Bautista Peralta. G\u00e1lvez 826. Es propiedad del autor.\u2014Se proh\u00edbe la reimpresi\u00f3n de estas poes\u00edas.Impresor: Imp. Santa Rosa 252 ant.Tama\u00f1o: 54 x 39 cmClasificaci\u00f3n: BN C\u00f3digo:\u00a0LO0012491 Intento de fuga del reo Negrete Los delirios de Negrete al ser puesto en capilla Carta del reo Negrete El conflicto chileno-argentino. La pr\u00f3xima guerra Versos del reo [&hellip;]<\/p>\n","protected":false},"author":1,"featured_media":0,"parent":0,"menu_order":0,"comment_status":"closed","ping_status":"closed","template":"","meta":{"footnotes":""},"class_list":["post-24352","page","type-page","status-publish","hentry"],"jetpack_sharing_enabled":true,"_links":{"self":[{"href":"https:\/\/www.lirapopular.cl\/lirapopularxix\/wp-json\/wp\/v2\/pages\/24352","targetHints":{"allow":["GET"]}}],"collection":[{"href":"https:\/\/www.lirapopular.cl\/lirapopularxix\/wp-json\/wp\/v2\/pages"}],"about":[{"href":"https:\/\/www.lirapopular.cl\/lirapopularxix\/wp-json\/wp\/v2\/types\/page"}],"author":[{"embeddable":true,"href":"https:\/\/www.lirapopular.cl\/lirapopularxix\/wp-json\/wp\/v2\/users\/1"}],"replies":[{"embeddable":true,"href":"https:\/\/www.lirapopular.cl\/lirapopularxix\/wp-json\/wp\/v2\/comments?post=24352"}],"version-history":[{"count":0,"href":"https:\/\/www.lirapopular.cl\/lirapopularxix\/wp-json\/wp\/v2\/pages\/24352\/revisions"}],"wp:attachment":[{"href":"https:\/\/www.lirapopular.cl\/lirapopularxix\/wp-json\/wp\/v2\/media?parent=24352"}],"curies":[{"name":"wp","href":"https:\/\/api.w.org\/{rel}","templated":true}]}}