{"id":24326,"date":"2021-10-08T20:08:17","date_gmt":"2021-10-09T00:08:17","guid":{"rendered":"https:\/\/www.lirapopular.cl\/lirapopularxix\/?page_id=24326"},"modified":"2021-10-08T20:08:17","modified_gmt":"2021-10-09T00:08:17","slug":"la-lira-popular-num-32","status":"publish","type":"page","link":"https:\/\/www.lirapopular.cl\/lirapopularxix\/la-lira-popular-num-32\/","title":{"rendered":"La Lira Popular \u2014 N\u00fam. 32"},"content":{"rendered":"\n<div class=\"wp-block-image\"><figure class=\"alignright size-medium\"><a href=\"https:\/\/www.lirapopular.cl\/lirapopularxix\/wp-content\/uploads\/2021\/10\/LO0012490.jpg\"><img loading=\"lazy\" decoding=\"async\" width=\"237\" height=\"300\" src=\"https:\/\/www.lirapopular.cl\/lirapopularxix\/wp-content\/uploads\/2021\/10\/LO0012490-237x300.jpg\" alt=\"\" class=\"wp-image-24330\" srcset=\"https:\/\/www.lirapopular.cl\/lirapopularxix\/wp-content\/uploads\/2021\/10\/LO0012490-237x300.jpg 237w, https:\/\/www.lirapopular.cl\/lirapopularxix\/wp-content\/uploads\/2021\/10\/LO0012490-768x972.jpg 768w, https:\/\/www.lirapopular.cl\/lirapopularxix\/wp-content\/uploads\/2021\/10\/LO0012490.jpg 790w\" sizes=\"auto, (max-width: 237px) 100vw, 237px\" \/><\/a><figcaption>Archivo de Literatura Oral<br \/>Colecci\u00f3n Alamiro de \u00c1vila<\/figcaption><\/figure><\/div>\n\n\n\n<p>Autor: Juan Bautista Peralta. G\u00e1lvez 826. Es propiedad del autor.\u2014Se proh\u00edbe la reimpresi\u00f3n de estas poes\u00edas.<br \/>Impresor: Imp. Santa Rosa 252 antiguo<br \/>Tama\u00f1o: 70 x 55 cm<br \/>Clasificaci\u00f3n: BN C\u00f3digo:\u00a0LO0012490<\/p>\n\n\n\n<ul class=\"wp-block-list\"><li><a href=\"https:\/\/www.lirapopular.cl\/lirapopularxix\/2021\/10\/09\/la-lira-en-homenajea-nuestraemancipacionpolitica\/\">\u00abLa Lira\u00bb en homenaje a nuestra emancipaci\u00f3n pol\u00edtica<\/a><\/li><li><a href=\"https:\/\/www.lirapopular.cl\/lirapopularxix\/2021\/10\/09\/sobre-las-festividadespatrias\/\">Sobre las festividades patrias<\/a><\/li><li><a href=\"https:\/\/www.lirapopular.cl\/lirapopularxix\/2021\/10\/09\/en-honor-del-nuevo-presidente-de-la-republica\/\">En honor del nuevo Presidente de la Rep\u00fablica<\/a><\/li><li><a href=\"https:\/\/www.lirapopular.cl\/lirapopularxix\/2021\/10\/09\/mi-saludoa-los-milicianos\/\">Mi saludo a los milicianos<\/a><\/li><li><a href=\"https:\/\/www.lirapopular.cl\/lirapopularxix\/2021\/10\/09\/la-paz-armadapreparativosde-la-arjentina\/\">La paz armada. Preparativos de la Argentina<\/a><\/li><li><a href=\"https:\/\/www.lirapopular.cl\/lirapopularxix\/2021\/10\/09\/las-elejiaspara-el-dieziocho\/\">Las eleg\u00edas para el dieciocho<\/a><\/li><li><a href=\"https:\/\/www.lirapopular.cl\/lirapopularxix\/2021\/10\/09\/los-prepartivosde-un-huaso\/\">Los preparativos de un huaso<\/a><\/li><li><a href=\"https:\/\/www.lirapopular.cl\/lirapopularxix\/2021\/10\/09\/los-brindispara-el-dieziocho\/\">Los brindis para el dieciocho<\/a><\/li><li><a href=\"https:\/\/www.lirapopular.cl\/lirapopularxix\/2021\/10\/09\/prepativos-para-el-18\/\">Preparativos para el 18. Cuecas<\/a><\/li><\/ul>\n\n\n\n<p>Nota: Este ejemplar tiene escrito a mano con plum\u00f3n \u201c164\u201d.<br \/>Datada en 1901.<br \/>Documento optimizado digitalmente.<\/p>\n","protected":false},"excerpt":{"rendered":"<p>Autor: Juan Bautista Peralta. G\u00e1lvez 826. Es propiedad del autor.\u2014Se proh\u00edbe la reimpresi\u00f3n de estas poes\u00edas.Impresor: Imp. Santa Rosa 252 antiguoTama\u00f1o: 70 x 55 cmClasificaci\u00f3n: BN C\u00f3digo:\u00a0LO0012490 \u00abLa Lira\u00bb en homenaje a nuestra emancipaci\u00f3n pol\u00edtica Sobre las festividades patrias En honor del nuevo Presidente de la Rep\u00fablica Mi saludo a los milicianos La paz armada. [&hellip;]<\/p>\n","protected":false},"author":1,"featured_media":0,"parent":0,"menu_order":0,"comment_status":"closed","ping_status":"closed","template":"","meta":{"footnotes":""},"class_list":["post-24326","page","type-page","status-publish","hentry"],"jetpack_sharing_enabled":true,"_links":{"self":[{"href":"https:\/\/www.lirapopular.cl\/lirapopularxix\/wp-json\/wp\/v2\/pages\/24326","targetHints":{"allow":["GET"]}}],"collection":[{"href":"https:\/\/www.lirapopular.cl\/lirapopularxix\/wp-json\/wp\/v2\/pages"}],"about":[{"href":"https:\/\/www.lirapopular.cl\/lirapopularxix\/wp-json\/wp\/v2\/types\/page"}],"author":[{"embeddable":true,"href":"https:\/\/www.lirapopular.cl\/lirapopularxix\/wp-json\/wp\/v2\/users\/1"}],"replies":[{"embeddable":true,"href":"https:\/\/www.lirapopular.cl\/lirapopularxix\/wp-json\/wp\/v2\/comments?post=24326"}],"version-history":[{"count":0,"href":"https:\/\/www.lirapopular.cl\/lirapopularxix\/wp-json\/wp\/v2\/pages\/24326\/revisions"}],"wp:attachment":[{"href":"https:\/\/www.lirapopular.cl\/lirapopularxix\/wp-json\/wp\/v2\/media?parent=24326"}],"curies":[{"name":"wp","href":"https:\/\/api.w.org\/{rel}","templated":true}]}}