{"id":2431,"date":"2019-08-11T00:04:47","date_gmt":"2019-08-11T04:04:47","guid":{"rendered":"https:\/\/www.lirapopular.cl\/lirapopularxix\/?page_id=2431"},"modified":"2019-08-11T00:04:47","modified_gmt":"2019-08-11T04:04:47","slug":"gran-crimen-el-cojo-que-mato-a-palos-a-la-chei","status":"publish","type":"page","link":"https:\/\/www.lirapopular.cl\/lirapopularxix\/gran-crimen-el-cojo-que-mato-a-palos-a-la-chei\/","title":{"rendered":"GRAN CRIMEN <br>EL COJO QUE MATO A PALOS A LA CHEI"},"content":{"rendered":"\n<div class=\"wp-block-image\"><figure class=\"alignright\"><a href=\"https:\/\/www.lirapopular.cl\/lirapopularxix\/wp-content\/uploads\/2019\/08\/483.jpg\"><img loading=\"lazy\" decoding=\"async\" width=\"218\" height=\"300\" src=\"https:\/\/www.lirapopular.cl\/lirapopularxix\/wp-content\/uploads\/2019\/08\/483-218x300.jpg\" alt=\"\" class=\"wp-image-2432\" srcset=\"https:\/\/www.lirapopular.cl\/lirapopularxix\/wp-content\/uploads\/2019\/08\/483-218x300.jpg 218w, https:\/\/www.lirapopular.cl\/lirapopularxix\/wp-content\/uploads\/2019\/08\/483.jpg 727w\" sizes=\"auto, (max-width: 218px) 100vw, 218px\" \/><\/a><figcaption>Colecci\u00f3n Lira Popular de la <br>Universidad de Chile<\/figcaption><\/figure><\/div>\n\n\n\n<p>Autor: Pepa Aravena<br>Impresor: Sin informaci\u00f3n<br>Tama\u00f1o: 37,2 x 53,7 cm<br>Clasificaci\u00f3n: 483 A663g Caja N\u00b06b<\/p>\n\n\n\n<ul class=\"wp-block-list\"><li><a href=\"https:\/\/www.lirapopular.cl\/lirapopularxix\/2019\/08\/11\/el-cojo-que-mato-a-la-chei-a-palos\/\">El cojo que mat\u00f3 a la chei a palos<\/a><\/li><li><a href=\"https:\/\/www.lirapopular.cl\/lirapopularxix\/2019\/08\/11\/otro-fusilamiento-hijinio-sepulveda-condenado-a-muerte\/\">Otro fusilamiento Hijinio Sep\u00falveda condenado a muerte<\/a><\/li><li><a href=\"https:\/\/www.lirapopular.cl\/lirapopularxix\/2019\/08\/11\/verdaderas-senales-del-juicio\/\">Verdaderas se\u00f1ales del Juicio<\/a><\/li><li><a href=\"https:\/\/www.lirapopular.cl\/lirapopularxix\/2019\/08\/11\/el-lechero\/\">El lechero<\/a><\/li><li><a href=\"https:\/\/www.lirapopular.cl\/lirapopularxix\/2019\/08\/11\/el-caldito-saludable\/\">El caldito saludable<\/a><\/li><\/ul>\n\n\n\n<p>Nota: Este ejemplar tiene escrito a mano con l\u00e1piz rojo \u201c483\u201d<\/p>\n","protected":false},"excerpt":{"rendered":"<p>Autor: Pepa AravenaImpresor: Sin informaci\u00f3nTama\u00f1o: 37,2 x 53,7 cmClasificaci\u00f3n: 483 A663g Caja N\u00b06b El cojo que mat\u00f3 a la chei a palos Otro fusilamiento Hijinio Sep\u00falveda condenado a muerte Verdaderas se\u00f1ales del Juicio El lechero El caldito saludable Nota: Este ejemplar tiene escrito a mano con l\u00e1piz rojo \u201c483\u201d<\/p>\n","protected":false},"author":1,"featured_media":0,"parent":0,"menu_order":0,"comment_status":"closed","ping_status":"closed","template":"","meta":{"footnotes":""},"class_list":["post-2431","page","type-page","status-publish","hentry"],"jetpack_sharing_enabled":true,"_links":{"self":[{"href":"https:\/\/www.lirapopular.cl\/lirapopularxix\/wp-json\/wp\/v2\/pages\/2431","targetHints":{"allow":["GET"]}}],"collection":[{"href":"https:\/\/www.lirapopular.cl\/lirapopularxix\/wp-json\/wp\/v2\/pages"}],"about":[{"href":"https:\/\/www.lirapopular.cl\/lirapopularxix\/wp-json\/wp\/v2\/types\/page"}],"author":[{"embeddable":true,"href":"https:\/\/www.lirapopular.cl\/lirapopularxix\/wp-json\/wp\/v2\/users\/1"}],"replies":[{"embeddable":true,"href":"https:\/\/www.lirapopular.cl\/lirapopularxix\/wp-json\/wp\/v2\/comments?post=2431"}],"version-history":[{"count":0,"href":"https:\/\/www.lirapopular.cl\/lirapopularxix\/wp-json\/wp\/v2\/pages\/2431\/revisions"}],"wp:attachment":[{"href":"https:\/\/www.lirapopular.cl\/lirapopularxix\/wp-json\/wp\/v2\/media?parent=2431"}],"curies":[{"name":"wp","href":"https:\/\/api.w.org\/{rel}","templated":true}]}}