{"id":24304,"date":"2021-10-08T16:38:24","date_gmt":"2021-10-08T20:38:24","guid":{"rendered":"https:\/\/www.lirapopular.cl\/lirapopularxix\/?page_id=24304"},"modified":"2021-10-08T16:38:24","modified_gmt":"2021-10-08T20:38:24","slug":"la-lira-popular-num-30","status":"publish","type":"page","link":"https:\/\/www.lirapopular.cl\/lirapopularxix\/la-lira-popular-num-30\/","title":{"rendered":"La Lira Popular \u2014 N\u00fam. 30"},"content":{"rendered":"\n<div class=\"wp-block-image\"><figure class=\"alignright size-medium\"><a href=\"https:\/\/www.lirapopular.cl\/lirapopularxix\/wp-content\/uploads\/2021\/10\/LO0012489.jpg\"><img loading=\"lazy\" decoding=\"async\" width=\"214\" height=\"300\" src=\"https:\/\/www.lirapopular.cl\/lirapopularxix\/wp-content\/uploads\/2021\/10\/LO0012489-214x300.jpg\" alt=\"\" class=\"wp-image-24308\" srcset=\"https:\/\/www.lirapopular.cl\/lirapopularxix\/wp-content\/uploads\/2021\/10\/LO0012489-214x300.jpg 214w, https:\/\/www.lirapopular.cl\/lirapopularxix\/wp-content\/uploads\/2021\/10\/LO0012489.jpg 713w\" sizes=\"auto, (max-width: 214px) 100vw, 214px\" \/><\/a><figcaption>Archivo de Literatura Oral<br \/>Colecci\u00f3n Alamiro de \u00c1vila<\/figcaption><\/figure><\/div>\n\n\n\n<p>Autor: Juan Bautista Peralta. G\u00e1lvez 826. Es propiedad del autor.\u2014Se proh\u00edbe la reimpresi\u00f3n de estas poes\u00edas.<br \/>Impresor: Imp. Santa Rosa 252 antiguo<br \/>Tama\u00f1o: 55 x 39 cm<br \/>Clasificaci\u00f3n: BN C\u00f3digo:\u00a0LO0012489<\/p>\n\n\n\n<ul class=\"wp-block-list\"><li><a href=\"https:\/\/www.lirapopular.cl\/lirapopularxix\/2021\/10\/08\/el-esplendido-triunfodel-senor-jerman-riesco\/\">El espl\u00e9ndido triunfo del se\u00f1or Jerman Riesco<\/a><\/li><li><a href=\"https:\/\/www.lirapopular.cl\/lirapopularxix\/2021\/10\/08\/sangriento-combate-entre-bandidos-2\/\">Sangriento combate entre bandidos y comisionados a los alrededores de Santiago<\/a><\/li><li><a href=\"https:\/\/www.lirapopular.cl\/lirapopularxix\/2021\/10\/08\/la-invasion-de-chile-por-los-arjentinos-2\/\">La invasi\u00f3n de Chile por los argentinos. La guerra pr\u00f3xima<\/a><\/li><li><a href=\"https:\/\/www.lirapopular.cl\/lirapopularxix\/2021\/10\/08\/el-serviciomilitar-obligatoriollamamiento-a-los-chilenos-2\/\">El servicio militar obligatorio. Llamamiento a los chilenos<\/a><\/li><li><a href=\"https:\/\/www.lirapopular.cl\/lirapopularxix\/2021\/10\/08\/programadel-senor-riesco-2\/\">Programa del se\u00f1or Riesco<\/a><\/li><li><a href=\"https:\/\/www.lirapopular.cl\/lirapopularxix\/2021\/10\/08\/galanterias-del-autor-2\/\">Galanterias del autor<\/a><\/li><\/ul>\n\n\n\n<p>Nota: Este documento est\u00e1 impreso al reverso de la Lira Popular N\u00ba 29 y repite su contenido agregando solo el primer verso diferente.<br \/>Este ejemplar tiene escrito a mano con plum\u00f3n \u201c163\u201d\u00a0y n\u00fameros borrados con corrector blanco.<br \/>Documento optimizado digitalmente.<\/p>\n","protected":false},"excerpt":{"rendered":"<p>Autor: Juan Bautista Peralta. G\u00e1lvez 826. Es propiedad del autor.\u2014Se proh\u00edbe la reimpresi\u00f3n de estas poes\u00edas.Impresor: Imp. Santa Rosa 252 antiguoTama\u00f1o: 55 x 39 cmClasificaci\u00f3n: BN C\u00f3digo:\u00a0LO0012489 El espl\u00e9ndido triunfo del se\u00f1or Jerman Riesco Sangriento combate entre bandidos y comisionados a los alrededores de Santiago La invasi\u00f3n de Chile por los argentinos. La guerra pr\u00f3xima [&hellip;]<\/p>\n","protected":false},"author":1,"featured_media":0,"parent":0,"menu_order":0,"comment_status":"closed","ping_status":"closed","template":"","meta":{"footnotes":""},"class_list":["post-24304","page","type-page","status-publish","hentry"],"jetpack_sharing_enabled":true,"_links":{"self":[{"href":"https:\/\/www.lirapopular.cl\/lirapopularxix\/wp-json\/wp\/v2\/pages\/24304","targetHints":{"allow":["GET"]}}],"collection":[{"href":"https:\/\/www.lirapopular.cl\/lirapopularxix\/wp-json\/wp\/v2\/pages"}],"about":[{"href":"https:\/\/www.lirapopular.cl\/lirapopularxix\/wp-json\/wp\/v2\/types\/page"}],"author":[{"embeddable":true,"href":"https:\/\/www.lirapopular.cl\/lirapopularxix\/wp-json\/wp\/v2\/users\/1"}],"replies":[{"embeddable":true,"href":"https:\/\/www.lirapopular.cl\/lirapopularxix\/wp-json\/wp\/v2\/comments?post=24304"}],"version-history":[{"count":0,"href":"https:\/\/www.lirapopular.cl\/lirapopularxix\/wp-json\/wp\/v2\/pages\/24304\/revisions"}],"wp:attachment":[{"href":"https:\/\/www.lirapopular.cl\/lirapopularxix\/wp-json\/wp\/v2\/media?parent=24304"}],"curies":[{"name":"wp","href":"https:\/\/api.w.org\/{rel}","templated":true}]}}