{"id":24284,"date":"2021-10-07T19:54:55","date_gmt":"2021-10-07T23:54:55","guid":{"rendered":"https:\/\/www.lirapopular.cl\/lirapopularxix\/?page_id=24284"},"modified":"2021-10-07T19:54:55","modified_gmt":"2021-10-07T23:54:55","slug":"la-lira-popular-num-29","status":"publish","type":"page","link":"https:\/\/www.lirapopular.cl\/lirapopularxix\/la-lira-popular-num-29\/","title":{"rendered":"La Lira Popular \u2014 N\u00fam. 29"},"content":{"rendered":"\n<div class=\"wp-block-image\"><figure class=\"alignright size-medium\"><a href=\"https:\/\/www.lirapopular.cl\/lirapopularxix\/wp-content\/uploads\/2021\/10\/LO0012487.jpg\"><img loading=\"lazy\" decoding=\"async\" width=\"216\" height=\"300\" src=\"https:\/\/www.lirapopular.cl\/lirapopularxix\/wp-content\/uploads\/2021\/10\/LO0012487-216x300.jpg\" alt=\"\" class=\"wp-image-24287\" srcset=\"https:\/\/www.lirapopular.cl\/lirapopularxix\/wp-content\/uploads\/2021\/10\/LO0012487-216x300.jpg 216w, https:\/\/www.lirapopular.cl\/lirapopularxix\/wp-content\/uploads\/2021\/10\/LO0012487.jpg 719w\" sizes=\"auto, (max-width: 216px) 100vw, 216px\" \/><\/a><figcaption>Archivo de Literatura Oral<br \/>Colecci\u00f3n Alamiro de \u00c1vila<\/figcaption><\/figure><\/div>\n\n\n\n<p>Autor: Juan Bautista Peralta. G\u00e1lvez 826. Es propiedad del autor.\u2014Se proh\u00edbe la reimpresi\u00f3n de estas poes\u00edas.<br \/>Impresor: Imp. Santa Rosa 252 antiguo<br \/>Tama\u00f1o: 55 x 39 cm<br \/>Clasificaci\u00f3n: BN C\u00f3digo:\u00a0LO0012487 &#8211; LO0012488<\/p>\n\n\n\n<ul class=\"wp-block-list\"><li><a href=\"https:\/\/www.lirapopular.cl\/lirapopularxix\/2021\/10\/08\/sangriento-combate-entre-bandidos\/\">Sangriento combate entre bandidos y comisionados a los alrededores de Santiago<\/a><\/li><li><a href=\"https:\/\/www.lirapopular.cl\/lirapopularxix\/2021\/10\/08\/la-invasion-de-chile-por-los-arjentinos\/\">La invasi\u00f3n de Chile por los argentinos. La guerra pr\u00f3xima<\/a><\/li><li><a href=\"https:\/\/www.lirapopular.cl\/lirapopularxix\/2021\/10\/08\/el-serviciomilitar-obligatoriollamamiento-a-los-chilenos\/\">El servicio militar obligatorio. Llamamiento a los chilenos<\/a><\/li><li><a href=\"https:\/\/www.lirapopular.cl\/lirapopularxix\/2021\/10\/08\/programadel-senor-riesco\/\">Programa del se\u00f1or Riesco<\/a><\/li><li><a href=\"https:\/\/www.lirapopular.cl\/lirapopularxix\/2021\/10\/08\/galanterias-del-autor\/\">Galanterias del autor<\/a><\/li><\/ul>\n\n\n\n<p>Nota: El 1er ejemplar tiene escrito a mano con plum\u00f3n \u201c161\u201d. Por el reverso sobre una etiqueta &#8220;74&#8221;. El 2\u00ba ejemplar tiene escrito a mano con plum\u00f3n \u201c162\u201d y n\u00fameros borrados con corrector blanco. Se aprecia que por el reverso est\u00e1 impresa la Lira Popular n\u00fam. 30.<br \/>Documento optimizado digitalmente.<\/p>\n\n\n\n<p><span class=\"has-inline-color has-white-color\">.<\/span><\/p>\n\n\n\n<p><span class=\"has-inline-color has-white-color\">.<\/span><\/p>\n\n\n\n<div class=\"wp-block-image\"><figure class=\"alignright size-medium\"><a href=\"https:\/\/www.lirapopular.cl\/lirapopularxix\/wp-content\/uploads\/2021\/10\/LO0012488.jpg\"><img loading=\"lazy\" decoding=\"async\" width=\"214\" height=\"300\" src=\"https:\/\/www.lirapopular.cl\/lirapopularxix\/wp-content\/uploads\/2021\/10\/LO0012488-214x300.jpg\" alt=\"\" class=\"wp-image-24289\" srcset=\"https:\/\/www.lirapopular.cl\/lirapopularxix\/wp-content\/uploads\/2021\/10\/LO0012488-214x300.jpg 214w, https:\/\/www.lirapopular.cl\/lirapopularxix\/wp-content\/uploads\/2021\/10\/LO0012488.jpg 714w\" sizes=\"auto, (max-width: 214px) 100vw, 214px\" \/><\/a><figcaption>Archivo de Literatura Oral<br \/>Colecci\u00f3n Alamiro de \u00c1vila<\/figcaption><\/figure><\/div>\n","protected":false},"excerpt":{"rendered":"<p>Autor: Juan Bautista Peralta. G\u00e1lvez 826. Es propiedad del autor.\u2014Se proh\u00edbe la reimpresi\u00f3n de estas poes\u00edas.Impresor: Imp. Santa Rosa 252 antiguoTama\u00f1o: 55 x 39 cmClasificaci\u00f3n: BN C\u00f3digo:\u00a0LO0012487 &#8211; LO0012488 Sangriento combate entre bandidos y comisionados a los alrededores de Santiago La invasi\u00f3n de Chile por los argentinos. La guerra pr\u00f3xima El servicio militar obligatorio. Llamamiento [&hellip;]<\/p>\n","protected":false},"author":1,"featured_media":0,"parent":0,"menu_order":0,"comment_status":"closed","ping_status":"closed","template":"","meta":{"footnotes":""},"class_list":["post-24284","page","type-page","status-publish","hentry"],"jetpack_sharing_enabled":true,"_links":{"self":[{"href":"https:\/\/www.lirapopular.cl\/lirapopularxix\/wp-json\/wp\/v2\/pages\/24284","targetHints":{"allow":["GET"]}}],"collection":[{"href":"https:\/\/www.lirapopular.cl\/lirapopularxix\/wp-json\/wp\/v2\/pages"}],"about":[{"href":"https:\/\/www.lirapopular.cl\/lirapopularxix\/wp-json\/wp\/v2\/types\/page"}],"author":[{"embeddable":true,"href":"https:\/\/www.lirapopular.cl\/lirapopularxix\/wp-json\/wp\/v2\/users\/1"}],"replies":[{"embeddable":true,"href":"https:\/\/www.lirapopular.cl\/lirapopularxix\/wp-json\/wp\/v2\/comments?post=24284"}],"version-history":[{"count":0,"href":"https:\/\/www.lirapopular.cl\/lirapopularxix\/wp-json\/wp\/v2\/pages\/24284\/revisions"}],"wp:attachment":[{"href":"https:\/\/www.lirapopular.cl\/lirapopularxix\/wp-json\/wp\/v2\/media?parent=24284"}],"curies":[{"name":"wp","href":"https:\/\/api.w.org\/{rel}","templated":true}]}}